{"id":474,"date":"2013-03-30T07:32:17","date_gmt":"2013-03-30T10:32:17","guid":{"rendered":"http:\/\/xn--regeneraoplanetria-dsb6a7f.com.br\/?page_id=474"},"modified":"2013-04-06T08:53:47","modified_gmt":"2013-04-06T11:53:47","slug":"aborto","status":"publish","type":"page","link":"https:\/\/xn--regeneraoplanetria-dsb6a7f.com.br\/index.php\/aborto\/","title":{"rendered":"Aborto"},"content":{"rendered":"<p>A ORIGEM DA VIDA DO SER HUMANO E O ABORTO<\/p>\n<p>Dra. Alice Teixeira Ferreira*<\/p>\n<p>Embriologia quer dizer o estudo dos embri\u00f5es. Entretanto, refere-se, atualmente, ao estudo do desenvolvimento de embri\u00f5es e fetos.<\/p>\n<p>Surgiu com o aumento da sensibilidade dos microsc\u00f3pios. Karl Ernst von Baer observou, em 1827, o ovo ou zigoto em divis\u00e3o na tuba uterina e o blastocisto no \u00fatero de animais. Nas suas obras, Ueber Entwicklungsgeschiechteb der Tiere e Beabachtung and Reflexion descreveu os est\u00e1gios correspondentes do desenvolvimento do embri\u00e3o. Por isto \u00e9 chamado de &#8220;pai da Embriologia moderna&#8221;.<\/p>\n<p>Em 1839, Schleiden e Schwan, ao formularem a Teoria Celular, foram respons\u00e1veis por grandes avan\u00e7os da Embriologia. Conforme tal conceito, o corpo \u00e9 composto por c\u00e9lulas, o que leva \u00e0 compreens\u00e3o de que o embri\u00e3o se forma a partir de uma \u00daNICA c\u00e9lula, o zigoto, que por muitas divis\u00f5es celulares forma os tecidos e \u00f3rg\u00e3os de todo ser vivo, em particular o humano. Com base nestas evid\u00eancias experimentais, o Papa Pio IX aceitou a concep\u00e7\u00e3o como a origem do ser humano, em 1869. N\u00e3o se trata, portanto, de um dogma religioso, mas da aceita\u00e7\u00e3o de um fato cientificamente comprovado. Para n\u00e3o dizer que se trata de conceitos ultrapassados, pode-se verificar que TODOS os textos de Embriologia Humana consultados, nas suas \u00faltimas edi\u00e7\u00f5es, afirmam que o desenvolvimento humano se inicia quando o ov\u00f3cito \u00e9 fertilizado pelo espermatoz\u00f3ide. TODOS afirmam que o desenvolvimento humano \u00e9 a express\u00e3o do fluxo irrevers\u00edvel de eventos biol\u00f3gicos ao longo do tempo, que s\u00f3 p\u00e1ra com a morte. TODOS n\u00f3s passamos pelas mesmas fases do desenvolvimento intra-uterino: fomos um ovo, uma m\u00f3rula, um blastocisto, um feto. Em todos os textos, os autores expressam sua admira\u00e7\u00e3o de como uma c\u00e9lula, o ovo, d\u00e1 origem a algo t\u00e3o complexo como o ser humano. Alguns afirmam tratar-se de um milagre.<\/p>\n<p>Em 2002, na revista Nature, Helen Pearson relata os experimentos de R. Gardener e Magdalena Zernicka-Goetz, onde demonstram que o nosso destino est\u00e1 determinado no primeiro dia, no momento da concep\u00e7\u00e3o. Mais recentemente, tamb\u00e9m na Nature (2005), Y. Sasai descreve os fatores\/prote\u00ednas que controlam o desenvolvimento do embri\u00e3o a partir da concep\u00e7\u00e3o, descobertos por Dupont e colaboradores. O embriologista Lewis Wolpert chega a afirmar que o momento em que o ovo come\u00e7a a se dividir \u00e9 o momento mais importante de nossa vida, mais que o nascimento, casamento ou morte.<\/p>\n<p>Tenta-se atualmente, atrav\u00e9s de uma ret\u00f3rica ideol\u00f3gica, justificar a morte de embri\u00f5es e fetos com argumentos despidos de fundamentos cient\u00edficos, tais como: &#8220;N\u00e3o sabemos quando come\u00e7a a vida do ser humano&#8221;. Pelo visto acima, n\u00e3o \u00e9 verdade. &#8220;O embri\u00e3o humano \u00e9 um montinho de c\u00e9lulas&#8221;. Se fossem c\u00e9lulas comuns, certos pesquisadores n\u00e3o estariam t\u00e3o interessados nelas. S\u00e3o t\u00e3o extraordin\u00e1rias que d\u00e3o origem a um indiv\u00edduo completo. &#8220;O embri\u00e3o humano n\u00e3o tem c\u00e9rebro e \u00e9 compar\u00e1vel \u00e0 morte cerebral&#8221;. Compara\u00e7\u00e3o absurda, pois a morte cerebral \u00e9 uma situa\u00e7\u00e3o irrevers\u00edvel \u2014 n\u00e3o h\u00e1 maneira de recuperar os neur\u00f4nios mortos \u2014 e o embri\u00e3o disp\u00f5e das c\u00e9lulas pluripotentes, que v\u00e3o originar o c\u00e9rebro. &#8220;O embri\u00e3o com menos de 14 dias n\u00e3o tem consci\u00eancia porque n\u00e3o tem tecido neural&#8221;. Mas este argumento decorre apenas e t\u00e3o somente da separa\u00e7\u00e3o entre mente\/alma e o corpo operada pela filosofia cartesiana.<\/p>\n<p>PRIMEIRA CONCLUS\u00c3O: O ser humano, desde o ovo at\u00e9 o adulto, passa por diversas fases do desenvolvimento (ontogenia), mas em todas elas trata-se do mesmo indiv\u00edduo que, continuamente, se auto-constr\u00f3i e se auto-organiza. Por ser o ciclo do desenvolvimento humano relativamente longo, podemos perder a vis\u00e3o do todo, fixando-nos em suas partes. Da\u00ed o surgimento de estatutos que regulam fases da vida humana: o das crian\u00e7as e adolescentes e o dos idosos. Torna-se necess\u00e1rio agora o &#8220;Estatuto dos Embri\u00f5es e Fetos&#8221; ou o &#8220;Estatuto do Nascituro&#8221;, para evitar que os mesmos sejam assassinados por qualquer motivo.<\/p>\n<p>Alguns utilitaristas, frente \u00e0 realidade destes fatos, passam agora \u00e0 sociedade a responsabilidade de decidir sobre a morte do embri\u00e3o e fetos humanos, j\u00e1 que s\u00e3o aceitos transplantes de \u00f3rg\u00e3os de um indiv\u00edduo com morte encef\u00e1lica. Contrapondo, h\u00e1 cat\u00f3licos, evang\u00e9licos, esp\u00edritas, budistas que, por motiva\u00e7\u00e3o religiosa, t\u00eam a obriga\u00e7\u00e3o de se colocarem em defesa de uma popula\u00e7\u00e3o t\u00e3o vulner\u00e1vel como a dos nascituros, em defesa, enfim, da dignidade humana.<\/p>\n<p>Assim, ser a favor da descriminaliza\u00e7\u00e3o do aborto equivale a ser conivente com o assassinato de embri\u00f5es e fetos que, como vimos, j\u00e1 s\u00e3o vidas humanas. E, com isso, n\u00e3o h\u00e1 como concordar.<\/p>\n<p>Atualmente, n\u00e3o se discute a realidade dos fatos biologicamente comprovados. Aceita-se que se est\u00e1 matando um ser humano atrav\u00e9s do aborto. Buscam agora justificativas &#8220;sociais&#8221; e para isto d\u00e3o n\u00fameros falsos: O DataSUS relata 115 mortes de mulheres em 2004, no Brasil, causadas por aborto (a pesquisa n\u00e3o especifica se foram abortos provocados, ilegais, etc.). S\u00e3o enganosas as estat\u00edsticas de milh\u00f5es de mortes referidas pelos que s\u00e3o favor\u00e1veis ao aborto.<\/p>\n<p>Com rela\u00e7\u00e3o \u00e0s mulheres gr\u00e1vidas pobres das favelas de S\u00e3o Paulo, e principalmente as adolescentes, quando entrevistadas, afirmaram que seus filhos s\u00e3o desejados, recusaram o aborto. Querem atendimento m\u00e9dico e melhores condi\u00e7\u00f5es de vida para criar seus filhos.<\/p>\n<p>Ao prec\u00e1rio atendimento do SUS quer se acrescentar o aborto. Nesta fila de espera, a gestante que deseja abortar poder\u00e1 dar \u00e0 luz a crian\u00e7a quando chegar a sua vez de ser atendida. Al\u00e9m disso, com tantos problemas de sa\u00fade mal atendidos ou mal resolvidos pelo SUS, n\u00e3o h\u00e1 sentido em priorizar o aborto, como querem as feministas.<\/p>\n<p>Quanto \u00e0s v\u00edtimas de estupro, que j\u00e1 sofreram um ato de grande viol\u00eancia, n\u00e3o tem cabimento se propor outro ato de igual viol\u00eancia, como o aborto. Num levantamento realizado em 2004 na UNIFESP, verificou-se que 80% destas mulheres gr\u00e1vidas por estupro se recusaram a abortar, e est\u00e3o contentes com os filhos, enquanto que as 20% que realizaram o aborto est\u00e3o arrependidas.<\/p>\n<p>SEGUNDA CONCLUS\u00c3O: N\u00e3o h\u00e1 justificativas, seja \u00e9ticas, seja cient\u00edficas ou sociais, para se legalizar este proposto holocausto em nosso pa\u00eds.<\/p>\n<p>* Dra. Alice Teixeira Ferreira<\/p>\n<p>M\u00e9dica formada em 1967 na Escola Paulista de Medicina, Livre Docente de Biof\u00edsica e coordenadora do N\u00facleo Interdisciplinar de Bio\u00e9tica da UNIFESP.<\/p>\n","protected":false},"excerpt":{"rendered":"<p>A ORIGEM DA VIDA DO SER HUMANO E O ABORTO Dra. Alice Teixeira Ferreira* Embriologia quer dizer o estudo dos embri\u00f5es. Entretanto, refere-se, atualmente, ao estudo do desenvolvimento de embri\u00f5es e fetos. Surgiu com o aumento da sensibilidade dos microsc\u00f3pios. &hellip; <a href=\"https:\/\/xn--regeneraoplanetria-dsb6a7f.com.br\/index.php\/aborto\/\">Continue lendo <span class=\"meta-nav\">&rarr;<\/span><\/a><\/p>\n","protected":false},"author":1,"featured_media":0,"parent":0,"menu_order":5,"comment_status":"open","ping_status":"closed","template":"","meta":{"footnotes":""},"class_list":["post-474","page","type-page","status-publish","hentry"],"_links":{"self":[{"href":"https:\/\/xn--regeneraoplanetria-dsb6a7f.com.br\/index.php\/wp-json\/wp\/v2\/pages\/474","targetHints":{"allow":["GET"]}}],"collection":[{"href":"https:\/\/xn--regeneraoplanetria-dsb6a7f.com.br\/index.php\/wp-json\/wp\/v2\/pages"}],"about":[{"href":"https:\/\/xn--regeneraoplanetria-dsb6a7f.com.br\/index.php\/wp-json\/wp\/v2\/types\/page"}],"author":[{"embeddable":true,"href":"https:\/\/xn--regeneraoplanetria-dsb6a7f.com.br\/index.php\/wp-json\/wp\/v2\/users\/1"}],"replies":[{"embeddable":true,"href":"https:\/\/xn--regeneraoplanetria-dsb6a7f.com.br\/index.php\/wp-json\/wp\/v2\/comments?post=474"}],"version-history":[{"count":0,"href":"https:\/\/xn--regeneraoplanetria-dsb6a7f.com.br\/index.php\/wp-json\/wp\/v2\/pages\/474\/revisions"}],"wp:attachment":[{"href":"https:\/\/xn--regeneraoplanetria-dsb6a7f.com.br\/index.php\/wp-json\/wp\/v2\/media?parent=474"}],"curies":[{"name":"wp","href":"https:\/\/api.w.org\/{rel}","templated":true}]}}