{"id":475,"date":"2013-03-30T07:34:14","date_gmt":"2013-03-30T10:34:14","guid":{"rendered":"http:\/\/xn--regeneraoplanetria-dsb6a7f.com.br\/?page_id=475"},"modified":"2013-03-30T07:34:14","modified_gmt":"2013-03-30T10:34:14","slug":"o-nascituro","status":"publish","type":"page","link":"https:\/\/xn--regeneraoplanetria-dsb6a7f.com.br\/index.php\/aborto\/o-nascituro\/","title":{"rendered":"O Nascituro"},"content":{"rendered":"<p>O NASCITURO<\/p>\n<p>Prof. Dr. Carlos Mateus Rotta*<\/p>\n<p>Os debates atuais em bio\u00e9tica versam sobre o respeito \u00e0 vida humana desde seu inicio at\u00e9 seu t\u00e9rmino.<\/p>\n<p>Em bio\u00e9tica \u00e9 freq\u00fcentemente usada a express\u00e3o \u201cser humano\u201d. Mas qual a aplicabilidade deste termo ao inicio da vida humana? O embri\u00e3o humano \u00e9 um ser humano?<\/p>\n<p>Para respondermos a estas quest\u00f5es devemos recorrer \u00e0s ci\u00eancias que estudam a vida, como a biologia. Mas se \u00e9 verdade que \u00e9 na biologia o local espec\u00edfico onde se estuda a seq\u00fc\u00eancia de acontecimentos do in\u00edcio ao fim da vida, a estreita interdisciplinaridade com a bio\u00e9tica tem feito com que tamb\u00e9m fil\u00f3sofos se sintam envolvidos nestas discuss\u00f5es.<\/p>\n<p>No debate sobre o embri\u00e3o humano, que parece sem fim, a argumenta\u00e7\u00e3o filos\u00f3fica e cient\u00edfica \u00e9 complexa e necessitam uma da outra. A contribui\u00e7\u00e3o de cada uma destas disciplinas a esta controversa quest\u00e3o ainda est\u00e1 em discuss\u00e3o, sabe-se que ambas t\u00eam suas limita\u00e7\u00f5es.<\/p>\n<p>A interpreta\u00e7\u00e3o que os pesquisadores d\u00e3o \u00e0s observa\u00e7\u00f5es e aos dados recolhidos devem ser cuidadosamente pensadas, pois se usam conceitos racionais tais como unidade, casualidade e individualidade, por\u00e9m estes n\u00e3o podem ser completamente reduzidos ao t\u00edpico processo indutivo da ci\u00eancia emp\u00edrica.<\/p>\n<p>Hoje, quando se faz pesquisa e se desenvolvem teorias sobre a interven\u00e7\u00e3o do homem nas diversas fases da vida, isto \u00e9, desde sua concep\u00e7\u00e3o at\u00e9 a morte, \u00e9 necess\u00e1ria a uni\u00e3o entre os dados e hip\u00f3teses cient\u00edficas aos pensamentos filos\u00f3ficos, para poder se confrontar aos graves problemas \u00e9ticos, jur\u00eddicos e sociais.<\/p>\n<p>\u00c9 importante, ao interpretarem uma l\u00f3gica cient\u00edfica sobre os dados recolhidos, haver disponibilidade de se seguir tamb\u00e9m, um processo de an\u00e1lise filos\u00f3fica e saber reconhecer os valores destas conclus\u00f5es, que podem ser de ordem te\u00f3rica ou de natureza pr\u00e1tica (\u00e9tica).<\/p>\n<p>Atrav\u00e9s dessa cultura a quest\u00e3o inicial passaria de \u201cO que a ci\u00eancia diz a respeito do embri\u00e3o humano?\u201d, para \u201cO que a ci\u00eancia diz legitimamente a prop\u00f3sito do embri\u00e3o humano?\u201d.<\/p>\n<p>A biologia n\u00e3o pode dizer sobre o \u201cstatus\u201d de pessoa do embri\u00e3o humano, porque n\u00e3o inclui isso entre seus objetivos formais de indaga\u00e7\u00e3o. Pode, seguramente, contribuir para a discuss\u00e3o de como e quando um organismo humano individual se forma e se desenvolve, estes s\u00e3o os objetos formais da pesquisa biol\u00f3gica.<\/p>\n<p>Segundo m\u00e9todos cient\u00edficos, dados recentes mostram quando um ser humano inicia sua exist\u00eancia e como se desenvolve. O ciclo vital, do ponto de vista estritamente biol\u00f3gico \u00e9 que, cada ser humano \u00e9 um organismo distinto e singular. Mant\u00e9m-se gra\u00e7as a continua substitui\u00e7\u00e3o dos materiais (metabolismo) que levam a possibilidade de manter-se (homeostase) e em equil\u00edbrio entre o meio externo.<\/p>\n<p>A fertiliza\u00e7\u00e3o d\u00e1 in\u00edcio ao ciclo vital levando a um per\u00edodo de desenvolvimento, chamado de embriog\u00eanese, no qual as c\u00e9lulas, os tecidos e os \u00f3rg\u00e3os se desenvolvem progressivamente a partir de uma \u00fanica c\u00e9lula, o zigoto. Ap\u00f3s, o desenvolvimento fetal atrav\u00e9s do parto, vem \u00e0 luz um neonato, que continua a se desenvolver e crescer, chegando \u00e0 maturidade que \u00e9 seguida da senesc\u00eancia e morte.<\/p>\n<p>Os debates atuais sobre os embri\u00f5es v\u00eam sobre as duas primeiras semanas de vida. M. Johnson em 1995, em seu livro Delayed hominization. Refections on some recent catholic claims for delayed hominization, theological Studies, afirma que, no que concerne \u00e0 criatura vivente \u201co organismo capaz de governar a si mesmo \u00e9 paradigmaticamente um indiv\u00edduo\u201d.<\/p>\n<p>Segundo as evid\u00eancias fornecidas da biologia, o zigoto humano, que d\u00e1 in\u00edcio ao embri\u00e3o multicelular que dele deriva, \u00e9 verdadeiramente um individuo, e n\u00e3o parte de um todo ou um agregado de elementos.<\/p>\n<p>O estudo das fases atrav\u00e9s das quais um processo coordenado e gradual acontece nos faz compreender a real unidade e continuidade do pr\u00f3prio processo. Se seguirmos a l\u00f3gica intr\u00ednseca da seq\u00fc\u00eancia causal e temporal, uma reconstru\u00e7\u00e3o sint\u00e9tica do processo vital consiste em compreender a sua unidade, continuidade. Sem isso, \u00e9 imposs\u00edvel explicar racionalmente um simples evento ou fase, de qualquer n\u00edvel funcional, morfol\u00f3gico, bioqu\u00edmico ou gen\u00e9tico.<\/p>\n<p>A concep\u00e7\u00e3o de um ser humano \u00e9 o ponto final de um complexo processo dito de fertiliza\u00e7\u00e3o, que se comp\u00f5e de v\u00e1rias fases com uma seq\u00fc\u00eancia obrigat\u00f3ria. Neste processo s\u00e3o empregadas duas c\u00e9lulas dotadas de programa\u00e7\u00e3o: um espermatoz\u00f3ide e um \u00f3vulo. A cronologia destes eventos inicia-se quando o espermatoz\u00f3ide adere ao compacto revestimento, na zona pel\u00facida, do \u00f3vulo. Ap\u00f3s a fus\u00e3o, \u00e9 formada uma nova c\u00e9lula e inicia-se uma cascata de eventos, dando inicio ao desenvolvimento do embri\u00e3o.<\/p>\n<p>Esta c\u00e9lula, o zigoto, representa o ponto exato no espa\u00e7o e no tempo onde um novo organismo humano, individual, inicia o seu ciclo de vida? Para responder, faremos uma breve an\u00e1lise dos processos desta c\u00e9lula.<\/p>\n<p>O Zigoto ou embri\u00e3o unicelular come\u00e7a a trabalhar como uma unidade, um ser vivente unit\u00e1rio, que rapidamente se forma atrav\u00e9s de ativa\u00e7\u00f5es da chamada \u201conda i\u00f4nica\u201d ap\u00f3s a penetra\u00e7\u00e3o do espermatoz\u00f3ide no \u00f3vulo. Com a secre\u00e7\u00e3o de enzimas, forma-se uma c\u00e1psula resistente que protege a pr\u00f3pria c\u00e9lula, favorecendo o isolamento e a prote\u00e7\u00e3o deste novo ser, impedindo que outro espermatoz\u00f3ide venha se fundir. Essa not\u00e1vel c\u00e1psula de fertiliza\u00e7\u00e3o \u00e9 necess\u00e1ria para prote\u00e7\u00e3o e seu desenvolvimento normal, isolando-o das influ\u00eancias extra-embrion\u00e1rias, e se constitui em uma elegante e fant\u00e1stica solu\u00e7\u00e3o morfol\u00f3gica.<\/p>\n<p>A organiza\u00e7\u00e3o do novo genoma, que representa o principal centro de informa\u00e7\u00f5es para o desenvolvimento e para suas futuras fun\u00e7\u00f5es, come\u00e7a entre tr\u00eas e seis horas ap\u00f3s a fus\u00e3o dos gametas. Ocorre a organiza\u00e7\u00e3o de microt\u00fabulos, os pr\u00f3-n\u00facleos come\u00e7am a se descondensar e aproximam-se, se encostam estreitamente, \u00e9 a cariogamia, que ocorre em torno da d\u00e9cima quinta hora. Cerca de uma a uma e meia hora depois ocorre a primeira mitose, formando o embri\u00e3o de duas c\u00e9lulas, possuidoras de uma nova e exclusiva estrutura de informa\u00e7\u00f5es que ser\u00e3o a base para todo o desenvolvimento, sendo cada uma id\u00eantica \u00e0 outra.<\/p>\n<p>Existem tr\u00eas per\u00edodos a se conhecer, do zigoto ao blast\u00f4mero, deste ao disco embrion\u00e1rio e deste \u00faltimo ao feto.<\/p>\n<p>Do zigoto ao blast\u00f4mero h\u00e1 uma compacta\u00e7\u00e3o e polariza\u00e7\u00e3o chegando a ter cerca de sessenta a cento e vinte e oito c\u00e9lulas, este caminha em sentido do \u00fatero aonde ir\u00e1 se fixar, com base numa comunica\u00e7\u00e3o ativa entre as c\u00e9lulas maternas e o blast\u00f4mero, ocorre a ades\u00e3o ao \u00fatero, que \u00e9 a penetra\u00e7\u00e3o no estroma endometrial, estabelecendo-se ali definitivamente (nida\u00e7\u00e3o). Entre o sexto e o d\u00e9cimo quarto dia se prosseguem os longos e sucessivos passos da diferencia\u00e7\u00e3o. Agora com estrutura altamente complexa de milhares de c\u00e9lulas, \u00e9 definido o desenho geral do corpo e iniciada a modela\u00e7\u00e3o dos diferentes \u00f3rg\u00e3os e tecidos.<\/p>\n<p>Isto tudo leva a concluir que o embri\u00e3o humano, mesmo no seu primeiro passo n\u00e3o \u00e9 um amontoado de c\u00e9lulas, mas um indiv\u00edduo real, onde uma simples c\u00e9lula \u00e9 integrada em um processo aut\u00f4nomo, momento a momento.<\/p>\n<p>\u00c9 sempre um mesmo indiv\u00edduo, que se constitui autonomamente segundo um plano gradual e rigorosamente definido. O programa de desenvolvimento consiste em um precioso quadro espacial e temporal das express\u00f5es dos genes que formam a base do desenvolvimento.<\/p>\n<p>A indu\u00e7\u00e3o l\u00f3gica, pelos dados da ci\u00eancia experimental, conduz a uma \u00fanica conclus\u00e3o poss\u00edvel. Com a fus\u00e3o dos dois gametas, um novo e real individuo humano come\u00e7a sua pr\u00f3pria exist\u00eancia, o ciclo vital, durante a qual, dadas as condi\u00e7\u00f5es necess\u00e1rias e suficientes, realizar\u00e1 autonomamente toda sua potencialidade do qual \u00e9 dotado.<\/p>\n<p>O ser humano deve ser respeitado e tratado como pessoa desde o momento de sua concep\u00e7\u00e3o. Com o desenvolvimento de novas tecnologias, devemos acrescentar que um sujeito que possui as caracter\u00edsticas biol\u00f3gicas humanas, da esp\u00e9cie homo sapiens, do ponto de vista \u00e9tico deve ser tratado como ser humano.<\/p>\n<p>A partir da constitui\u00e7\u00e3o do Zigoto, exige-se o respeito que \u00e9 moralmente devido aos seres humanos em sua totalidade corporal e espiritual.<\/p>\n<p>(*) Prof. Dr. Carlos Mateus Rotta* Doutor e Mestre em Medicina, Professor respons\u00e1vel pela disciplina de Cl\u00ednica Cir\u00fargica do Curso de Medicina da Universidade de Mogi das Cruzes, Gestor acad\u00eamico do Curso de Medicina da Universidade de Mogi das Cruzes.<\/p>\n","protected":false},"excerpt":{"rendered":"<p>O NASCITURO Prof. Dr. Carlos Mateus Rotta* Os debates atuais em bio\u00e9tica versam sobre o respeito \u00e0 vida humana desde seu inicio at\u00e9 seu t\u00e9rmino. Em bio\u00e9tica \u00e9 freq\u00fcentemente usada a express\u00e3o \u201cser humano\u201d. Mas qual a aplicabilidade deste termo &hellip; <a href=\"https:\/\/xn--regeneraoplanetria-dsb6a7f.com.br\/index.php\/aborto\/o-nascituro\/\">Continue lendo <span class=\"meta-nav\">&rarr;<\/span><\/a><\/p>\n","protected":false},"author":1,"featured_media":0,"parent":474,"menu_order":0,"comment_status":"open","ping_status":"open","template":"","meta":{"footnotes":""},"class_list":["post-475","page","type-page","status-publish","hentry"],"_links":{"self":[{"href":"https:\/\/xn--regeneraoplanetria-dsb6a7f.com.br\/index.php\/wp-json\/wp\/v2\/pages\/475","targetHints":{"allow":["GET"]}}],"collection":[{"href":"https:\/\/xn--regeneraoplanetria-dsb6a7f.com.br\/index.php\/wp-json\/wp\/v2\/pages"}],"about":[{"href":"https:\/\/xn--regeneraoplanetria-dsb6a7f.com.br\/index.php\/wp-json\/wp\/v2\/types\/page"}],"author":[{"embeddable":true,"href":"https:\/\/xn--regeneraoplanetria-dsb6a7f.com.br\/index.php\/wp-json\/wp\/v2\/users\/1"}],"replies":[{"embeddable":true,"href":"https:\/\/xn--regeneraoplanetria-dsb6a7f.com.br\/index.php\/wp-json\/wp\/v2\/comments?post=475"}],"version-history":[{"count":0,"href":"https:\/\/xn--regeneraoplanetria-dsb6a7f.com.br\/index.php\/wp-json\/wp\/v2\/pages\/475\/revisions"}],"up":[{"embeddable":true,"href":"https:\/\/xn--regeneraoplanetria-dsb6a7f.com.br\/index.php\/wp-json\/wp\/v2\/pages\/474"}],"wp:attachment":[{"href":"https:\/\/xn--regeneraoplanetria-dsb6a7f.com.br\/index.php\/wp-json\/wp\/v2\/media?parent=475"}],"curies":[{"name":"wp","href":"https:\/\/api.w.org\/{rel}","templated":true}]}}