{"id":503,"date":"2013-03-31T20:37:10","date_gmt":"2013-03-31T23:37:10","guid":{"rendered":"http:\/\/xn--regeneraoplanetria-dsb6a7f.com.br\/?page_id=503"},"modified":"2013-03-31T20:37:10","modified_gmt":"2013-03-31T23:37:10","slug":"o-apostolado-mediunico","status":"publish","type":"page","link":"https:\/\/xn--regeneraoplanetria-dsb6a7f.com.br\/index.php\/emmanuel\/o-apostolado-mediunico\/","title":{"rendered":"O Apostolado Medi\u00fanico"},"content":{"rendered":"<p>O APOSTOLADO MEDI\u00daNICO<\/p>\n<p>&#8211; Por Emmanuel, no livro \u201cO Consolador\u201d, psicografado por Chico Xavier)<\/p>\n<p>402 \u2013Seria justo aceitar remunera\u00e7\u00e3o financeira no exerc\u00edcio da mediunidade?<\/p>\n<p>-Quando um m\u00e9dium se resolva a transformar suas faculdades em fonte de renda material, ser\u00e1 melhor esquecer suas possibilidades ps\u00edquicas e n\u00e3o se aventurar pelo terreno delicado dos estudos espirituais.<\/p>\n<p>A remunera\u00e7\u00e3o financeira, no trato das quest\u00f5es profundas da alma, estabelece um com\u00e9rcio criminoso, do qual o m\u00e9dium dever\u00e1 esperar no futuro os resgates mais dolorosos.<\/p>\n<p>A mediunidade n\u00e3o \u00e9 of\u00edcio do mundo, e os Esp\u00edritos esclarecidos, na verdade e no bem, conhecem, mais que os seus irm\u00e3os de carne, as necessidades dos seus intermedi\u00e1rios.<\/p>\n<p>403 \u2013\u00c9 razo\u00e1vel que os m\u00e9diuns cogitem da solu\u00e7\u00e3o de assuntos materiais junto dos seus mentores do plano invis\u00edvel?<\/p>\n<p>-N\u00e3o se deve esquecer que o campo de atividades materiais \u00e9 a escola sagrada dos Esp\u00edritos incorporados no orbe terrestre. Se n\u00e3o \u00e9 poss\u00edvel aos amigos espirituais quebrarem a lei da liberdade pr\u00f3pria de seus irm\u00e3os, n\u00e3o \u00e9 l\u00edcito que o m\u00e9dium cogite da solu\u00e7\u00e3o de problemas materiais junto dos Esp\u00edritos amigos. O mundo \u00e9 o caminho no qual a alma deve provar a experi\u00eancia, testemunhar a f\u00e9, desenvolver as tend\u00eancias superiores, conhecer o bem, aprender o melhor, enriquecer os dotes individuais.<\/p>\n<p>O m\u00e9dium que se arrisca a desviar suas faculdades ps\u00edquicas, para o terreno da materialidade do mundo, este em marcha para as manifesta\u00e7\u00f5es grosseiras dos planos inferiores, onde poder\u00e1 contrair os d\u00e9bitos mais penosos.<\/p>\n<p>404 \u2013Deve o m\u00e9dium sacrificar o cumprimento de suas obriga\u00e7\u00f5es no trabalho cotidiano e no ambiente sagrado da fam\u00edlia, em favor da propaganda doutrin\u00e1ria?<\/p>\n<p>O m\u00e9dium somente deve dar aos servi\u00e7os da Doutrina a cota de tempo de que possa dispor, entre os labores sagrados do p\u00e3o de cada dia e o cumprimento dos seus elevados deveres familiares.<\/p>\n<p>A execu\u00e7\u00e3o dessas obriga\u00e7\u00f5es \u00e9 sagrada e urge n\u00e3o cair no declive das situa\u00e7\u00f5es parasit\u00e1rias, ou do fanatismo religioso.<\/p>\n<p>No trabalho da verdade, Jesus caminha antes de qualquer esfor\u00e7o humano e ningu\u00e9m deve guardar a pretens\u00e3o de converter algu\u00e9m, quando nas tarefas do mundo h\u00e1 sempre oportunidade para o preciso conhecimento de si mesmo.<\/p>\n<p>Que m\u00e9dium algum se engane em tais perspectivas. Antes sofrer a incompreens\u00e3o dos companheiros, que transigir com os princ\u00edpios, caindo na irresponsabilidade ou nas penosas d\u00edvidas de consci\u00eancia.<\/p>\n<p>405 \u2013Poder-se-\u00e1 admitir que os espiritistas se valham de um apostolado medi\u00fanico, para solu\u00e7\u00e3o de todas as dificuldades da vida?<\/p>\n<p>-O m\u00e9dium n\u00e3o deve ser sobrecarregado com exig\u00eancias de seus companheiros, relativamente \u00e0s dificuldades da sorte. \u00c9 justo que seus irm\u00e3os se socorram das suas faculdades, em circunst\u00e2ncias excepcionais da exist\u00eancia, como nos casos de enfermidades e outros que se lhe assemelhem. Todavia, cercar um m\u00e9dium de solicita\u00e7\u00f5es de toda natureza \u00e9 desvirtuar a tarefa de um amigo, eliminando as suas possibilidades mais preciosas e, al\u00e9m do mais, n\u00e3o se dever\u00e1 repetir no Espiritismo sincero a atitude mental dos cat\u00f3licos-romanos, que se abandonam junto \u00e0 \u201cimagem\u201d de um \u201csanto\u201d, olvidando todos os valores do esfor\u00e7o pr\u00f3prio.<\/p>\n<p>Os n\u00facleos espiritistas precisam considerar que em seus trabalhos h\u00e1 quem os acompanhe do plano superior e que receber\u00e3o sempre o concurso espiritual de seus irm\u00e3os libertos da carne, dependendo a satisfa\u00e7\u00e3o desse ou daquele problema particular dos m\u00e9ritos de cada um. Proceder em contr\u00e1rio \u00e9 eliminar o aparelho medi\u00fanico, fornecendo doloroso testemunho de incompreens\u00e3o.<\/p>\n<p>406 \u2013 Quando um investigador busque valer-se dos servi\u00e7os de um m\u00e9dium, \u00e9 justo que submeta o aparelho median\u00edmico a toda sorte de experi\u00eancia, a fim de certificar-se dos seus pontos de vista?<\/p>\n<p>-Depende do car\u00e1ter dessas mesmas experi\u00eancias e, quaisquer que elas sejam, o m\u00e9dium necessita de muito cuidado, porquanto, no caminho das aquisi\u00e7\u00f5es espirituais, cada investigador encontra o material que procura. E quem se aproxima de uma fonte espiritual, tisnando-a com a m\u00e1-f\u00e9 e a insinceridade, n\u00e3o pode, por certo, saciar a sede com uma \u00e1gua pura.<\/p>\n<p>407 \u2013 Para que algu\u00e9m se certifique da verdade do Espiritismo, bastar\u00e1 recorrer a um bom m\u00e9dium?<\/p>\n<p>-Os estudiosos do Espiritismo, ainda sem convic\u00e7\u00e3o valorosa e s\u00e9ria no terreno da f\u00e9, precisam reconhecer que em trabalhos dessa ordem n\u00e3o basta o recurso de um bom m\u00e9dium. Faz-se mister que o investigador, a par de uma curiosidade sadia, possua valores morais imprescind\u00edveis, como a sinceridade e o amor do bem, servindo a uma exist\u00eancia reta e f\u00e9rtil de a\u00e7\u00f5es puras.<\/p>\n<p>408 \u2013 Seria proveitosa a cria\u00e7\u00e3o de associa\u00e7\u00f5es de aux\u00edlio material aos m\u00e9diuns?<\/p>\n<p>-No Espiritismo \u00e9 sempre de bom aviso evitar-se a consecu\u00e7\u00e3o de iniciativas tendentes a estabelecer uma nova classe sacerdotal no mundo.<\/p>\n<p>Os m\u00e9diuns, nesse ou naquele setor da sociedade humana, devem o mesmo tributo ao trabalho, \u00e0 luta e ao sofrimento, indispens\u00e1veis \u00e0 conquista do agasalho e do p\u00e3o material. Ao demais, temos de considerar, acima de toda prote\u00e7\u00e3o prec\u00e1ria do mundo, o amparo de Jesus aos seus trabalhadores de boa-vontade. Toda express\u00e3o de sacrif\u00edcio sincero est\u00e1 eivada de luz divina, todo trabalho sincero \u00e9 eleva\u00e7\u00e3o e toda dor \u00e9 luz, quando suportada com serenidade e confian\u00e7a no Mestre dos mestres.<\/p>\n<p>409 \u2013Como dever\u00e1 proceder ao m\u00e9dium sincero para a valoriza\u00e7\u00e3o do seu apostolado? -O m\u00e9dium sincero necessita compreender que, antes de cogitar da doutrina\u00e7\u00e3o dos Esp\u00edritos, ou de seus companheiros de luta na Terra, faz-se mister a ilumina\u00e7\u00e3o de si pr\u00f3prio pelo conhecimento, pelo cumprimento dos deveres mais elevados e pelo esfor\u00e7o de si mesmo na assimila\u00e7\u00e3o perfeita dos princ\u00edpios doutrin\u00e1rios.<\/p>\n<p>No desdobramento dessa tarefa, jamais deve descuidar-se da vigil\u00e2ncia, buscando aproveitar as possibilidades que Jesus lhe concedeu na edifica\u00e7\u00e3o do trabalho est\u00e1vel e \u00fatil. N\u00e3o deve cultivar o sofrimento pelas queixas descabidas e<\/p>\n<p>demasiadas e nem recorrer, a todo instante, \u00e0 assist\u00eancia dos seus guias, como se perseverasse em manter uma atitude de crian\u00e7a inexperiente.<\/p>\n<p>O estudo da Doutrina e, sobretudo, o cultivo da auto-evangeliza\u00e7\u00e3o deve ser ininterrupto. O m\u00e9dium sincero sabe vigiar, fugindo da explora\u00e7\u00e3o material ou sentimental, compreendendo, em todas as ocasi\u00f5es, que o mais necessitado de miseric\u00f3rdia \u00e9 ele pr\u00f3prio, a fim de dar pleno testemunho do seu apostolado.<\/p>\n<p>410 \u2013onde o maior escolho do apostolado medi\u00fanico?<\/p>\n<p>-O primeiro inimigo do m\u00e9dium reside dentro dele mesmo. Freq\u00fcentemente \u00e9 personalismo, \u00e9 a ambi\u00e7\u00e3o, a ignor\u00e2ncia ou a rebeldia no volunt\u00e1rio desconhecimento dos seus deveres \u00e0 luz do Evangelho, fatores de inferioridade moral que, n\u00e3o raro, o conduzem a invigil\u00e2ncia, \u00e0 leviandade e \u00e0 confus\u00e3o dos campos improdutivos.<\/p>\n<p>Contra esse inimigo \u00e9 preciso movimentar as energias \u00edntimas pelo estudo, pelo cultivo da humildade, pela boa-vontade, com o melhor esfor\u00e7o de auto-educa\u00e7\u00e3o, \u00e0 claridade do Evangelho.<\/p>\n<p>O segundo inimigo mais poderoso do apostolado medi\u00fanico n\u00e3o reside no campo das atividades contr\u00e1rias \u00e0 expans\u00e3o da Doutrina, mas no pr\u00f3prio selo das organiza\u00e7\u00f5es espiritistas, constituindo-se daquele que se convenceu quanto aos fen\u00f4menos, sem se converter ao Evangelho pelo cora\u00e7\u00e3o, trazendo para as fileiras do Consolador os seus caprichos pessoais, as suas paix\u00f5es inferiores, tend\u00eancias nocivas, opini\u00f5es cristalizadas no endurecimento do cora\u00e7\u00e3o, sem reconhecer a realidade de suas defici\u00eancias e a exig\u00fcidade dos seus cabedais \u00edntimos. Habituados ao estacionamento, esses irm\u00e3os infelizes desdenham o esfor\u00e7o pr\u00f3prio \u2013 \u00fanica estrada de edifica\u00e7\u00e3o definitiva e sincera \u2013 para recorrerem aos esp\u00edritos amigos nas menos dificuldades da vida, como se o apostolado medi\u00fanico fosse uma cadeira de cartomante. Incapazes do trabalho interior pela edifica\u00e7\u00e3o pr\u00f3pria na f\u00e9 e na confian\u00e7a em Deus, dizem-se necessitados de conforto. Se desatendidos em seus caprichos inferiores e nas suas quest\u00f5es pessoais, est\u00e3o sempre prontos para acusar e escarnecer. Falam da caridade, humilhando todos os princ\u00edpios fraternos; n\u00e3o conhecem outro interesse al\u00e9m do que lhes lastreia o seu pr\u00f3prio ego\u00edsmo. S\u00e3o ir\u00f4nicos, acusadores e procedem quase sempre como crian\u00e7as levianas e inquietas. Esses s\u00e3o tamb\u00e9m aqueles elementos da confus\u00e3o, que n\u00e3o penetram o tempo de Jesus e nem permitem a entrada de seus irm\u00e3os.<\/p>\n<p>Esse g\u00eanero de inimigos do apostolado medi\u00fanico \u00e9 muito comum e insistente nos seus processos de insinua\u00e7\u00e3o, sendo indispens\u00e1vel que o mission\u00e1rio do bem e da luz se resguarde na prece e na vigil\u00e2ncia. E como a verdade deve sempre surgir no instante oportuno, para que o campo do apostolado n\u00e3o se esterilize, faz-se imprescind\u00edvel fugir deles.<\/p>\n<p>411 \u2013 Onde a luz definitiva para a vit\u00f3ria do apostolado medi\u00fanico?<\/p>\n<p>-Essa claridade divina est\u00e1 no Evangelho de Jesus, com o qual o mission\u00e1rio deve estar plenamente identificado para a realiza\u00e7\u00e3o sagrada da sua tarefa. O m\u00e9dium sem Evangelho pode fornecer as mais elevadas informa\u00e7\u00f5es ao quadro das filosofias e ci\u00eancias fragment\u00e1rias da Terra; pode ser um profissional de nomeada, um agente de experi\u00eancias do invis\u00edvel, mas n\u00e3o poder\u00e1 ser um ap\u00f3stolo pelo cora\u00e7\u00e3o. S\u00f3 a aplica\u00e7\u00e3o<\/p>\n<p>com o Divino Mestre prepara no \u00edntimo do trabalhador a fibra da ilumina\u00e7\u00e3o para o amor, e da resist\u00eancia contra as energias destruidoras, porque o m\u00e9dium evangelizado sabe cultivar a humildade no amor ao trabalho de cada dia, na toler\u00e2ncia esclarecida, no esfor\u00e7o educativo de si mesmo, na significa\u00e7\u00e3o da vida, sabendo, igualmente, levantar-se para a defesa da sua tarefa de amor, defendendo a verdade sem transigir com os princ\u00edpios no momento oportuno.<\/p>\n<p>O apostolado medi\u00fanico, portanto, n\u00e3o se constitui t\u00e3o-somente da movimenta\u00e7\u00e3o das energias ps\u00edquicas em suas express\u00f5es fenom\u00eanicas e mec\u00e2nicas, porque exige o trabalho e o sacrif\u00edcio do cora\u00e7\u00e3o, onde a luz da comprova\u00e7\u00e3o e da refer\u00eancia \u00e9 a que nasce do entendimento e da aplica\u00e7\u00e3o com Jesus-Cristo.<\/p>\n<p>Da Obra \u201cO CONSOLADOR\u201d \u2013 Esp\u00edrito: EMMANUEL \u2013 M\u00e9dium: FRANCISCO C\u00c2NDIDO XAVIER<\/p>\n","protected":false},"excerpt":{"rendered":"<p>O APOSTOLADO MEDI\u00daNICO &#8211; Por Emmanuel, no livro \u201cO Consolador\u201d, psicografado por Chico Xavier) 402 \u2013Seria justo aceitar remunera\u00e7\u00e3o financeira no exerc\u00edcio da mediunidade? -Quando um m\u00e9dium se resolva a transformar suas faculdades em fonte de renda material, ser\u00e1 melhor &hellip; <a href=\"https:\/\/xn--regeneraoplanetria-dsb6a7f.com.br\/index.php\/emmanuel\/o-apostolado-mediunico\/\">Continue lendo <span class=\"meta-nav\">&rarr;<\/span><\/a><\/p>\n","protected":false},"author":1,"featured_media":0,"parent":371,"menu_order":0,"comment_status":"open","ping_status":"open","template":"","meta":{"footnotes":""},"class_list":["post-503","page","type-page","status-publish","hentry"],"_links":{"self":[{"href":"https:\/\/xn--regeneraoplanetria-dsb6a7f.com.br\/index.php\/wp-json\/wp\/v2\/pages\/503","targetHints":{"allow":["GET"]}}],"collection":[{"href":"https:\/\/xn--regeneraoplanetria-dsb6a7f.com.br\/index.php\/wp-json\/wp\/v2\/pages"}],"about":[{"href":"https:\/\/xn--regeneraoplanetria-dsb6a7f.com.br\/index.php\/wp-json\/wp\/v2\/types\/page"}],"author":[{"embeddable":true,"href":"https:\/\/xn--regeneraoplanetria-dsb6a7f.com.br\/index.php\/wp-json\/wp\/v2\/users\/1"}],"replies":[{"embeddable":true,"href":"https:\/\/xn--regeneraoplanetria-dsb6a7f.com.br\/index.php\/wp-json\/wp\/v2\/comments?post=503"}],"version-history":[{"count":0,"href":"https:\/\/xn--regeneraoplanetria-dsb6a7f.com.br\/index.php\/wp-json\/wp\/v2\/pages\/503\/revisions"}],"up":[{"embeddable":true,"href":"https:\/\/xn--regeneraoplanetria-dsb6a7f.com.br\/index.php\/wp-json\/wp\/v2\/pages\/371"}],"wp:attachment":[{"href":"https:\/\/xn--regeneraoplanetria-dsb6a7f.com.br\/index.php\/wp-json\/wp\/v2\/media?parent=503"}],"curies":[{"name":"wp","href":"https:\/\/api.w.org\/{rel}","templated":true}]}}