{"id":5130,"date":"2017-07-05T08:15:40","date_gmt":"2017-07-05T11:15:40","guid":{"rendered":"http:\/\/xn--regeneraoplanetria-dsb6a7f.com.br\/?page_id=5130"},"modified":"2026-03-07T07:41:40","modified_gmt":"2026-03-07T10:41:40","slug":"reflexao-5-jul","status":"publish","type":"page","link":"https:\/\/xn--regeneraoplanetria-dsb6a7f.com.br\/index.php\/reflexao-5-jul\/","title":{"rendered":"Reflex\u00e3o"},"content":{"rendered":"<p>7 Mar\u00e7o, 2026<\/p>\n<p><b><span style=\"font-family: 'Comic Sans MS';\">O EVANGELHO SEGUNDO O ESPIRITISMO \u2013 CAP\u00cdTULO XXIV<\/span><\/b><\/p>\n<p><b><span style=\"font-size: 13.5pt; font-family: 'Comic Sans MS';\">N\u00c3O PONHAIS A CANDEIA DEBAIXO DO ALQUEIRE<\/span><\/b><\/p>\n<p><b><span style=\"font-family: 'Comic Sans MS';\">Candeia sob o alqueire. Porque fala Jesus por par\u00e1bolas<\/span><\/b><\/p>\n<p><span style=\"font-family: 'Comic Sans MS';\">5. Se, pois, em sua previdente sabedoria, a Provid\u00eancia s\u00f3 gradualmente revela as verdades, \u00e9 claro que as desvenda \u00e0 propor\u00e7\u00e3o que a Humanidade se vai mostrando amadurecida para as receber. Ela as mant\u00e9m de reserva e n\u00e3o sob o alqueire. Os homens, por\u00e9m, que entram a possu\u00ed-las, quase sempre as ocultam do vulgo com o intento de o dominarem. S\u00e3o esses os que, verdadeiramente, colocam a luz debaixo do alqueire. \u00c9 por isso que todas as religi\u00f5es t\u00eam tido seus mist\u00e9rios, cujo exame pro\u00edbem. Mas, ao passo que essas religi\u00f5es iam ficando para tr\u00e1s, a Ci\u00eancia e a intelig\u00eancia avan\u00e7aram e romperam o v\u00e9u misterioso. Havendo-se tornado adulto, o vulgo entendeu de penetrar o fundo das coisas e eliminou de sua f\u00e9 o que era contr\u00e1rio \u00e0 observa\u00e7\u00e3o. <\/span><\/p>\n<p><span style=\"font-family: 'Comic Sans MS';\">N\u00e3o podem existir mist\u00e9rios absolutos e Jesus est\u00e1 com a raz\u00e3o quando diz que nada h\u00e1 secreto que n\u00e3o venha a ser conhecido. Tudo o que se acha oculto ser\u00e1 descoberto um dia e o que o homem ainda n\u00e3o pode compreender lhe ser\u00e1 sucessivamente desvendado, em mundos mais adiantados, quando se houver purificado. Aqui na Terra, ele ainda se encontra em pleno nevoeiro. <\/span><\/p>\n<p><span style=\"font-family: 'Comic Sans MS';\">6. Pergunta-se: que proveito podia o povo tirar dessa multid\u00e3o de par\u00e1bolas, cujo sentido se lhe conservava impenetr\u00e1vel? \u00c9 de notar-se que Jesus somente se exprimiu por par\u00e1bolas sobre as partes de certo modo abstratas da sua doutrina. Mas, tendo feito da caridade para com o pr\u00f3ximo e da humildade condi\u00e7\u00f5es b\u00e1sicas da salva\u00e7\u00e3o, tudo o que disse a esse respeito \u00e9 inteiramente claro, expl\u00edcito e sem ambiguidade alguma. Assim devia ser, porque era a regra de conduta, regra que todos tinham de compreender para poderem observ\u00e1-la. Era o essencial para a multid\u00e3o ignorante, \u00e0 qual ele se limitava a dizer: &#8220;Eis o que \u00e9 preciso se fa\u00e7a para ganhar o reino dos c\u00e9us.&#8221; Sobre as outras partes, apenas aos disc\u00edpulos desenvolvia o seu pensamento. Por serem eles mais adiantados, moral e intelectualmente, Jesus p\u00f4de inici\u00e1-los no conhecimento de verdades mais abstratas. Da\u00ed o haver dito: <i>Aos que j\u00e1 t\u00eam, ainda mais se dar\u00e1. <\/i>(Cap. XVIII, n\u00ba 15.) Entretanto, mesmo com os ap\u00f3stolos, conservou-se impreciso acerca de muitos pontos, cuja completa intelig\u00eancia ficava reservada a ulteriores tempos. Foram esses pontos que deram ensejo a t\u00e3o diversas interpreta\u00e7\u00f5es, at\u00e9 que a Ci\u00eancia, de um lado, e o Espiritismo, de outro, revelassem as novas leis da Natureza, que lhes tornaram percept\u00edvel o verdadeiro sentido. <\/span><\/p>\n<p><span style=\"font-family: 'Comic Sans MS';\">7. O Espiritismo, hoje, projeta luz sobre uma imensidade de pontos obscuros; n\u00e3o a lan\u00e7a, por\u00e9m, inconsideradamente. Com admir\u00e1vel prud\u00eancia se conduzem os Esp\u00edritos, ao darem suas instru\u00e7\u00f5es. S\u00f3 gradual e sucessivamente consideraram as diversas partes j\u00e1 conhecidas da Doutrina, deixando as outras partes para serem reveladas \u00e0 medida que se for tornando oportuno faz\u00ea-las sair da obscuridade. Se a houvessem apresentado completa desde o primeiro momento, somente a reduzido n\u00famero de pessoas se teria ela mostrado acess\u00edvel; houvera mesmo assustado as que n\u00e3o se achassem preparadas para receb\u00ea-la, do que resultaria ficar prejudicada a sua propaga\u00e7\u00e3o. Se, pois, os Esp\u00edritos ainda n\u00e3o dizem tudo ostensivamente, n\u00e3o \u00e9 porque haja na Doutrina mist\u00e9rios em que s\u00f3 alguns privilegiados possam penetrar, nem porque eles coloquem a l\u00e2mpada debaixo do alqueire; \u00e9 porque cada coisa tem de vir no momento oportuno. Eles d\u00e3o a cada id\u00e9ia tempo para amadurecer e propagar-se, antes que apresentem outra, e aos acontecimentos o de preparar a aceita\u00e7\u00e3o dessa outra. (Kardec)<\/span><\/p>\n","protected":false},"excerpt":{"rendered":"<p>7 Mar\u00e7o, 2026 O EVANGELHO SEGUNDO O ESPIRITISMO \u2013 CAP\u00cdTULO XXIV N\u00c3O PONHAIS A CANDEIA DEBAIXO DO ALQUEIRE Candeia sob o alqueire. Porque fala Jesus por par\u00e1bolas 5. Se, pois, em sua previdente sabedoria, a Provid\u00eancia s\u00f3 gradualmente revela as &hellip; <a href=\"https:\/\/xn--regeneraoplanetria-dsb6a7f.com.br\/index.php\/reflexao-5-jul\/\">Continue lendo <span class=\"meta-nav\">&rarr;<\/span><\/a><\/p>\n","protected":false},"author":1,"featured_media":0,"parent":0,"menu_order":0,"comment_status":"open","ping_status":"closed","template":"","meta":{"footnotes":""},"class_list":["post-5130","page","type-page","status-publish","hentry"],"_links":{"self":[{"href":"https:\/\/xn--regeneraoplanetria-dsb6a7f.com.br\/index.php\/wp-json\/wp\/v2\/pages\/5130","targetHints":{"allow":["GET"]}}],"collection":[{"href":"https:\/\/xn--regeneraoplanetria-dsb6a7f.com.br\/index.php\/wp-json\/wp\/v2\/pages"}],"about":[{"href":"https:\/\/xn--regeneraoplanetria-dsb6a7f.com.br\/index.php\/wp-json\/wp\/v2\/types\/page"}],"author":[{"embeddable":true,"href":"https:\/\/xn--regeneraoplanetria-dsb6a7f.com.br\/index.php\/wp-json\/wp\/v2\/users\/1"}],"replies":[{"embeddable":true,"href":"https:\/\/xn--regeneraoplanetria-dsb6a7f.com.br\/index.php\/wp-json\/wp\/v2\/comments?post=5130"}],"version-history":[{"count":2486,"href":"https:\/\/xn--regeneraoplanetria-dsb6a7f.com.br\/index.php\/wp-json\/wp\/v2\/pages\/5130\/revisions"}],"predecessor-version":[{"id":16029,"href":"https:\/\/xn--regeneraoplanetria-dsb6a7f.com.br\/index.php\/wp-json\/wp\/v2\/pages\/5130\/revisions\/16029"}],"wp:attachment":[{"href":"https:\/\/xn--regeneraoplanetria-dsb6a7f.com.br\/index.php\/wp-json\/wp\/v2\/media?parent=5130"}],"curies":[{"name":"wp","href":"https:\/\/api.w.org\/{rel}","templated":true}]}}