{"id":520,"date":"2013-04-02T22:07:15","date_gmt":"2013-04-03T01:07:15","guid":{"rendered":"http:\/\/xn--regeneraoplanetria-dsb6a7f.com.br\/?page_id=520"},"modified":"2013-04-02T22:07:15","modified_gmt":"2013-04-03T01:07:15","slug":"advento-do-mundo-de-regeneracao","status":"publish","type":"page","link":"https:\/\/xn--regeneraoplanetria-dsb6a7f.com.br\/index.php\/entrivistas\/advento-do-mundo-de-regeneracao\/","title":{"rendered":"Advento do mundo de regenera\u00e7\u00e3o."},"content":{"rendered":"<p align=\"center\"><b>Advento do Mundo de\u00a0Regenera\u00e7\u00e3o<\/b><\/p>\n<p align=\"center\">&#8211; Richard Simonetti<\/p>\n<p style=\"text-align: left;\" align=\"center\"><b>\u00a0&#8211; Pinga Fogo<\/b>*<\/p>\n<p><b>1 &#8211; Como poder\u00edamos definir a diferen\u00e7a entre Mundo de\u00a0 Provas e Expia\u00e7\u00f5es, est\u00e1gio atual da Terra, e Mundo de Regenera\u00e7\u00e3o, o pr\u00f3ximo est\u00e1gio?<\/b><\/p>\n<p>Mal comparando, dir\u00edamos que nos Mundos de Provas e Expia\u00e7\u00f5es o ego\u00edsmo predominante, resqu\u00edcio da animalidade primitiva, \u00e9 o elemento gerador de todos os males. No Mundo de Regenera\u00e7\u00e3o, consci\u00eancias despertas para esse problema estar\u00e3o empenhadas em super\u00e1-lo.<\/p>\n<p><b>2 &#8211; Ent\u00e3o no Mundo de Regenera\u00e7\u00e3o ainda prevalece o mal?<\/b><\/p>\n<p>Prevalece a consci\u00eancia de que \u00e9 preciso venc\u00ea-lo com o empenho do Bem. Equivale a dizer que o mal nesses planetas n\u00e3o tem receptividade nos cora\u00e7\u00f5es e tende a desaparecer.<\/p>\n<p><b>3 &#8211; Fala-se que a promo\u00e7\u00e3o de nosso planeta para Mundo de Regenera\u00e7\u00e3o ocorrer\u00e1 neste mil\u00eanio, provavelmente nos pr\u00f3ximos s\u00e9culos. N\u00e3o estamos diante de um otimismo ing\u00eanuo, considerando os graves problemas humanos, envolvendo crimes, guerras, v\u00edcios, viol\u00eancia urbana, terrorismo, a evidenciar que a maldade ainda impera?<\/b><\/p>\n<p>H\u00e1 muita gente envolvida com o mal, por ignor\u00e2ncia. Estes ser\u00e3o renovados no desdobramento de suas experi\u00eancias, particularmente com a mestra dor, em reencarna\u00e7\u00f5es regeneradoras.\u00a0 O problema est\u00e1 naqueles que constituem uma minoria barulhenta, com o mal entranhado em seus cora\u00e7\u00f5es. Esses ser\u00e3o expurgados, quando chegar a hora.<\/p>\n<p><b>4 &#8211; Tipo Bin Laden?<\/b><\/p>\n<p>Sim, todos aqueles que se comprazem com a viol\u00eancia, o v\u00edcio, o crime, sem a m\u00ednima sensibilidade em rela\u00e7\u00e3o aos males que causam, aos sofrimentos que imp\u00f5em aos seus irm\u00e3os.<\/p>\n<p><b>5 &#8211; Para onde ir\u00e3o os Esp\u00edritos degredados?<\/b><\/p>\n<p>Provavelmente para Mundos Primitivos, em posi\u00e7\u00e3o inferior \u00e0 Terra, conforme a escala apresentada por Kardec, em O Evangelho segundo o Espiritismo.<\/p>\n<p><b>6 &#8211; Isso n\u00e3o contraria o princ\u00edpio doutrin\u00e1rio de que o Esp\u00edrito pode estacionar, mas jamais retrograda?<\/b><\/p>\n<p>Um homem civilizado condenado a viver entre abor\u00edgines n\u00e3o sofre nenhuma perda em rela\u00e7\u00e3o \u00e0 sua intelig\u00eancia, cultura e conhecimentos, que, inclusive lhe ser\u00e3o \u00fateis na nova situa\u00e7\u00e3o, embora as limita\u00e7\u00f5es a que estar\u00e1 sujeito.\u00a0 O mesmo acontece com o Esp\u00edrito degredado em planeta inferior.<\/p>\n<p><b>7 &#8211; N\u00e3o ir\u00e1 um Esp\u00edrito intelectualmente evolu\u00eddo, mas moralmente atrasado, causar embara\u00e7os aos habitantes desse mundo?<\/b><\/p>\n<p><b>\u00a0<\/b>N\u00e3o tanto quanto os benef\u00edcios que essa conviv\u00eancia ensejar\u00e1. Os degredados estar\u00e3o mais ou menos no mesmo est\u00e1gio moral, mas superiores no est\u00e1gio intelectual, favorecendo o progresso de seus hospedeiros, em cujo seio reencarnar\u00e3o.<\/p>\n<p><b>8 &#8211; E ficar\u00e3o para sempre por l\u00e1?<\/b><\/p>\n<p>Segundo Emmanuel, somos todos tutelados do Cristo, o governador espiritual de nosso planeta, compondo uma imensa fam\u00edlia, de perto de vinte e cinco bilh\u00f5es de Esp\u00edritos. Natural, portanto, que ap\u00f3s superarem sua rebeldia e resgatarem seus d\u00e9bitos, ajustando-se \u00e0s leis divinas, retornem os degredados ao conv\u00edvio humano, o que poder\u00e1 demandar mil\u00eanios, mas for\u00e7osamente acontecer\u00e1. Como ensina Jesus, das ovelhas confiadas por Deus aos seus cuidados, nenhuma se perder\u00e1.<\/p>\n<p align=\"center\"><b><i>* Coluna originalmente publicada na\u00a0<\/i><\/b><a href=\"http:\/\/www.oclarim.com.br\/\" target=\"_blank\"><b><i>Revista Internacional de Espiritismo<\/i><\/b><\/a><b><i>,\u00a0Janeiro de 2005 e reproduzida com autoriza\u00e7\u00e3o do autor<\/i><\/b><\/p>\n","protected":false},"excerpt":{"rendered":"<p>Advento do Mundo de\u00a0Regenera\u00e7\u00e3o &#8211; Richard Simonetti \u00a0&#8211; Pinga Fogo* 1 &#8211; Como poder\u00edamos definir a diferen\u00e7a entre Mundo de\u00a0 Provas e Expia\u00e7\u00f5es, est\u00e1gio atual da Terra, e Mundo de Regenera\u00e7\u00e3o, o pr\u00f3ximo est\u00e1gio? Mal comparando, dir\u00edamos que nos Mundos &hellip; <a href=\"https:\/\/xn--regeneraoplanetria-dsb6a7f.com.br\/index.php\/entrivistas\/advento-do-mundo-de-regeneracao\/\">Continue lendo <span class=\"meta-nav\">&rarr;<\/span><\/a><\/p>\n","protected":false},"author":1,"featured_media":0,"parent":209,"menu_order":0,"comment_status":"open","ping_status":"open","template":"","meta":{"footnotes":""},"class_list":["post-520","page","type-page","status-publish","hentry"],"_links":{"self":[{"href":"https:\/\/xn--regeneraoplanetria-dsb6a7f.com.br\/index.php\/wp-json\/wp\/v2\/pages\/520","targetHints":{"allow":["GET"]}}],"collection":[{"href":"https:\/\/xn--regeneraoplanetria-dsb6a7f.com.br\/index.php\/wp-json\/wp\/v2\/pages"}],"about":[{"href":"https:\/\/xn--regeneraoplanetria-dsb6a7f.com.br\/index.php\/wp-json\/wp\/v2\/types\/page"}],"author":[{"embeddable":true,"href":"https:\/\/xn--regeneraoplanetria-dsb6a7f.com.br\/index.php\/wp-json\/wp\/v2\/users\/1"}],"replies":[{"embeddable":true,"href":"https:\/\/xn--regeneraoplanetria-dsb6a7f.com.br\/index.php\/wp-json\/wp\/v2\/comments?post=520"}],"version-history":[{"count":0,"href":"https:\/\/xn--regeneraoplanetria-dsb6a7f.com.br\/index.php\/wp-json\/wp\/v2\/pages\/520\/revisions"}],"up":[{"embeddable":true,"href":"https:\/\/xn--regeneraoplanetria-dsb6a7f.com.br\/index.php\/wp-json\/wp\/v2\/pages\/209"}],"wp:attachment":[{"href":"https:\/\/xn--regeneraoplanetria-dsb6a7f.com.br\/index.php\/wp-json\/wp\/v2\/media?parent=520"}],"curies":[{"name":"wp","href":"https:\/\/api.w.org\/{rel}","templated":true}]}}