{"id":529,"date":"2013-04-03T08:40:14","date_gmt":"2013-04-03T11:40:14","guid":{"rendered":"http:\/\/xn--regeneraoplanetria-dsb6a7f.com.br\/?page_id=529"},"modified":"2013-04-03T08:40:14","modified_gmt":"2013-04-03T11:40:14","slug":"a-foto-kirlian-dr-ricardo-di-bernardi","status":"publish","type":"page","link":"https:\/\/xn--regeneraoplanetria-dsb6a7f.com.br\/index.php\/entrivistas\/a-foto-kirlian-dr-ricardo-di-bernardi\/","title":{"rendered":"A Foto Kirlian &#8211; Dr Ricardo Di Bernardi"},"content":{"rendered":"<p align=\"center\"><b>A Foto Kirlian<\/b><\/p>\n<p>O doutor Ricardo Di Bernardi, m\u00e9dico pediatra e homeopata, interessa-se muito pela investiga\u00e7\u00e3o do chamado efeito-kirlian. Trata-se de uma energia que rodeia os corpos e que \u00e9 atribu\u00edda por muitos \u00e0 irradia\u00e7\u00e3o da aura dos seres vivos. Em circuito de palestras e semin\u00e1rios no nosso pa\u00eds, no passado m\u00eas de Junho, encontramo-lo no Porto e a entrevista aconteceu.<\/p>\n<p>Este m\u00e9dico n\u00e3o vem a Portugal pela primeira vez: residindo em Florian\u00f3polis, Santa Catarina (Brasil), Ricardo Di Bernardi j\u00e1 visitara Portugal e o seu movimento esp\u00edrita em Mar\u00e7o de 1994. N\u00e3o \u00e9, assim, um novato nesta \u00e1rea, bem pelo contr\u00e1rio, pois note-se que, nos seus tempos livres, h\u00e1 alguns anos, participou na funda\u00e7\u00e3o do Instituto de Cultura Esp\u00edrita de Florian\u00f3polis, sem esquecer que \u00e9 o bem-quisto autor de dois livros: \u00abGesta\u00e7\u00e3o, Sublime Interc\u00e2mbio\u00bb e \u00abReencarna\u00e7\u00e3o e Evolu\u00e7\u00e3o das Esp\u00e9cies\u00bb. No futuro, acalenta a id\u00e9ia de fundar um Col\u00e9gio Esp\u00edrita e a Associa\u00e7\u00e3o de M\u00e9dicos Esp\u00edritas da sua cidade.<\/p>\n<p>Em Portugal, palestrou sobre dois temas: Efeito-kirlian &#8211; fluido vital, a sua movimenta\u00e7\u00e3o pela homeopatia e pelo passe com estudos kirliangr\u00e1ficos e Gesta\u00e7\u00e3o, reencarna\u00e7\u00e3o e evolu\u00e7\u00e3o das esp\u00e9cies. Chegando a Lisboa no dia 15 de Junho, conferenciou em 16 de Junho em Loul\u00e9, em Lagos, no Hotel Golfinho, a 18 Junho, um dia depois no Porto (N\u00facleo Esp\u00edrita Crist\u00e3o), no dia 19, em Leiria, dia 21 Viseu e dia 22, no audit\u00f3rio da FEP, ministrou um semin\u00e1rio.<\/p>\n<p>A nossa conversa, contudo, estendeu-se em torno das \u00abfotografias da aura\u00bb. Lembramos que uma das experi\u00eancias mais interessantes com esta tecnologia ocorreu quando alguns investigadores &#8211; como a doutora Thelma Moss, nos EUA &#8211; obtiveram fotos do chamado efeito-fantasma: a reconstitui\u00e7\u00e3o energ\u00e9tica de uma ponta de folha cortada a n\u00edvel kirliangr\u00e1fico. E a\u00ed residiu o apogeu desta pesquisa.<\/p>\n<p>Em Florian\u00f3polis, a equipe de trabalho que Ricardo Di Bernardi integra conta uma m\u00e9dia de fotos estudadas dif\u00edcil de contar: 20 mil.<\/p>\n<p>\u00abRevista de Espiritismo\u00bb &#8211; A kirliangrafia foi abandonada por v\u00e1rios pesquisadores. Por que \u00e9 que se interessa por ela?<\/p>\n<p>Dr. Ricardo Di Bernardi &#8211; A foto-kirlian, na realidade, \u00e9 question\u00e1vel. H\u00e1 muitos factores que interferem na interpreta\u00e7\u00e3o, na avalia\u00e7\u00e3o dessa foto. Ela mede muito a quantidade de \u00e1gua existente no dedo, a maior ou menor press\u00e3o do dedo, que altera a foto, e esta foto tamb\u00e9m representa muito o momento do indiv\u00edduo. <b>A foto-kirlian, \u00e9 bom que se diga, n\u00e3o \u00e9 a fotografia da alma, nem do perisp\u00edrito, ela \u00e9 uma foto de uma emana\u00e7\u00e3o energ\u00e9tica que o conjunto indiv\u00edduo produz, e nesse conjunto existem n factores a considerar<\/b>.<\/p>\n<p>Apesar disso, n\u00f3s temos observado que elas s\u00e3o \u00fateis na avalia\u00e7\u00e3o antes e ap\u00f3s o passe, na transfus\u00e3o de energia.<\/p>\n<p>Apesar disso, as fotos \u00e0s 20h00, antes da sess\u00e3o medi\u00fanica, e \u00e0s 22h00, ap\u00f3s a sess\u00e3o medi\u00fanica, ela difere de uma forma significativa. Por exemplo, diminuem as irregularidades da foto, as cores tornam-se mais claras, as fotos ficam mais homog\u00eaneas e ganham mais em energia, em campo de vibra\u00e7\u00e3o. Ent\u00e3o, como isso se repete, n\u00f3s continuamos trabalhando, sabendo embora que esses sen\u00f5es subsistem.<\/p>\n<p>N\u00f3s temos feito tamb\u00e9m trabalhos interessantes, apresentados em congressos m\u00e9dicos, antes da prescri\u00e7\u00e3o homeop\u00e1tica e ap\u00f3s. N\u00f3s fazemos a foto antes de ingerir o medicamento homeop\u00e1tico, 5 minutos, 10, 15 e 30 minutos ap\u00f3s a ingest\u00e3o desse rem\u00e9dio. E n\u00f3s comprovamos que a aura cresce em energia. O di\u00e2metro da energia aumenta significativamente, demonstrando que movimenta o campo de energia da pessoa. Se \u00e9 o fluido vital, \u00e9 question\u00e1vel, eu at\u00e9 acredito que tamb\u00e9m seja. Mas o que \u00e9 importante \u00e9 que eu consigo observar nessas fotos uma a\u00e7\u00e3o do rem\u00e9dio homeop\u00e1tico, inclusive apresentei um trabalho, num congresso, com um placebo e com rem\u00e9dio homeop\u00e1tico. N\u00f3s colocamos um frasco com \u00e1gua e \u00e1lcool e outro frasco com rem\u00e9dio homeop\u00e1tico, nem eu, nem o paciente, nem quem bateu as fotos sabia qual era o frasco do rem\u00e9dio (Licopodyum clavato, a 10 mil dinamizado, uma verdadeira bomba energ\u00e9tica) e do placebo. Vinte e um dias depois o paciente voltava e tomava outro frasco B, abria-se os envelopes e verificou-se que, quando ele tomava o placebo, a foto dele permanecia igual; quando ele tomava outro frasco com aquele rem\u00e9dio, as fotos-kirlian demonstravam que havia um ganho de energia important\u00edssimo, aos 5, 10, 15 e 30 minutos. Quer dizer, n\u00e3o \u00e9 o efeito psicol\u00f3gico que funciona aqui. Outro detalhe: as fotos foram feitas graciosamente, bem como todos os envolvidos nas experi\u00eancias. Portanto, a foto- kirlian ainda tem utilidade. H\u00e1 cr\u00edticas s\u00e9rias, por pessoas de alto n\u00edvel, como Guimar\u00e3es Andrade, que \u00e9 uma pessoa respeitabil\u00edssima sob todos os pontos de vista. No entanto, n\u00e3o nos parece que este fen\u00f4meno mere\u00e7a ser abandonado em termos de investiga\u00e7\u00e3o.<\/p>\n<p>\u00c9 de evitar o que est\u00e1 a acontecer: pessoas inescrupulosas trabalham com foto-kirlian sem nenhuma responsabilidade, comercializando-a de uma forma absurda, com interpreta\u00e7\u00f5es igualmente absurdas. Ent\u00e3o, com isso n\u00f3s n\u00e3o compactuamos. Mas n\u00e3o podemos generalizar. \u00c9 como se um m\u00e9dium fraudasse, enganasse, n\u00e3o poder\u00edamos dizer que a mediunidade \u00e9, por isso, um mal.<\/p>\n<p>RE &#8211; Como \u00e9 recebido com exposi\u00e7\u00f5es sobre o efeito- kirlian em congressos m\u00e9dicos?<\/p>\n<p>RB &#8211; N\u00f3s apresentamo-los s\u00f3 em congressos homeop\u00e1ticos: num congresso Brasil-Argentina, em Curitiba, e num congresso em Gramado, no Rio Grande do Sul. Nos dois locais houve uma aceita\u00e7\u00e3o muito grande e muita d\u00favida, mas todos ficaram at\u00e9 entusiasmados com os efeitos. A grande maioria dos colegas desconhece completamente o fen\u00f4meno, mas em princ\u00edpio a documenta\u00e7\u00e3o apresentada impressionou positivamente.<\/p>\n<p>RE &#8211; Pode citar um caso da sua cl\u00ednica em que o efeito kirlian possa ter ajudado a fazer o diagn\u00f3stico?<\/p>\n<p>RB &#8211; N\u00f3s tivemos uma paciente que apresentava um quadro de dist\u00farbio de conduta emocional e que, al\u00e9m do psic\u00f3logo, ela procurou-me como m\u00e9dico homeopata. Ent\u00e3o foi feita a foto-kirlian e notou-se (pense num rel\u00f3gio, ponteiros na altura das 2h00 da tarde), uma massa avermelhada, de uma energia que l\u00e1 de fora e adentrava na parte interior da aura dela, assim como uma imagem de amendoim (alguns consideram complexo de culpa, outros chamam a isso energia intrusa). E realmente, a partir desse momento, n\u00f3s conversamos com a paciente e observamos que ela tinha um processo obsessivo. Ent\u00e3o, n\u00e3o estamos convencidos ainda disso, mas parece repetir-se no caso de obsess\u00e3o. Ainda est\u00e1 em estudo. Mas nesse caso era evidente o processo, e como ela n\u00e3o era esp\u00edrita, n\u00f3s abordamos o assunto como energia intrusa, pensamento, magnetismo, mente, e falamos lhe da import\u00e2ncia de ela mudar a freq\u00fc\u00eancia do pensamento dela, para n\u00e3o sintonizar com aquela energia. E ent\u00e3o ela dizia mas que energia \u00e9 essa? Eu disse-lhe N\u00f3s podemos conversar sobre isso noutra oportunidade, mas agora, precisa mudar de freq\u00fc\u00eancia, etc.. Depois de algum tempo, n\u00f3s at\u00e9 emprestamos uns livros para ela, adequados para n\u00e3o a assustar com a id\u00e9ia dos esp\u00edritos obsessores. Ela depois veio a entender que aquele processo obsessivo assentava na sua atitude mental.<\/p>\n<p>Entrevist\u00e1-la bastava, obter dados anamn\u00e9sicos, mas se se pode dispor de uma imagem, \u00e9 mais um dado. Contudo, n\u00f3s n\u00e3o somos de opini\u00e3o de se deva usar a foto-kirlian para diagnosticar mediunidade ou obsess\u00e3o: n\u00f3s acreditamos que \u00e9 um dado complementar. \u00c9 como algu\u00e9m que pensa Ah, m\u00e9dium agora vai deixar de existir, n\u00e3o vai trabalhar mais \u00abpor causa da transcomunica\u00e7\u00e3o instrumental\u00bb isso \u00e9 ut\u00f3pico (e h\u00e1 gente que reage \u00e0 transcomunica\u00e7\u00e3o por isso).<\/p>\n<p>A kirliangrafia s\u00f3 por si n\u00e3o vem resolver o problema de ningu\u00e9m, mas \u00e9 um dado complementar. Um filho meu esteve com pneumonia e a radiografia estava normal; eu diagnostiquei pneumonia n\u00e3o pela radiografia, mas pelo estado cl\u00ednico do paciente.<\/p>\n<p>RE &#8211; H\u00e1 quem defenda que a foto-kirlian pode assinalar uma doen\u00e7a antes que ela atinja o corpo f\u00edsico. Como comenta isso?<\/p>\n<p>RB &#8211; Muitos investigadores consideram isso. Na Uni\u00e3o Sovi\u00e9tica foram feitos trabalhos e obtiveram imagens que depois se constataram pragas conseq\u00fcentes, que n\u00e3o tinham ainda fisicamente, mas que j\u00e1 eram assinaladas nas kirliangrafias.<\/p>\n<p>No nosso grupo de trabalho, a pessoa principal, mais estudiosa, \u00e9 o f\u00edsico Walter Lange. Ele est\u00e1 convencido de que certas imagens na foto-kirlian parecem representar determinados quadros: por exemplo, depress\u00e3o tem uma imagem espec\u00edfica, h\u00e1 uma lacuna, um buraco na aura; ang\u00fastia, tristeza, a aura fica estreitinha, fina; em estafa mental ocorre uma dilata\u00e7\u00e3o; no conflito emocional v\u00ea-se como se fosse um orif\u00edcio no centro da aura, e assim por diante.<\/p>\n<p>Portanto, repetem-se muito as imagens e h\u00e1 uma correspond\u00eancia com os quadros cl\u00ednicos.<\/p>\n<p>Ent\u00e3o, se n\u00e3o estamos, neste grupo, convencidos ainda, estamos propensos a admitir que realmente a imagem energ\u00e9tica preexiste \u00e0 imagem f\u00edsica (mesmo que seja electricidade, electrost\u00e1tica, n\u00e3o interessa).<\/p>\n<p>RE &#8211; Ao voltar a visitar algumas associa\u00e7\u00f5es portuguesas, como comenta o movimento esp\u00edrita?<\/p>\n<p>RB &#8211; Vemos, felizes, o movimento a crescer, at\u00e9 pelos peri\u00f3dicos de imprensa esp\u00edritas portugueses.<\/p>\n<p>Parece-me que para o norte existem algumas caracter\u00edsticas um pouco diferentes do sul, mas todas elas compat\u00edveis com a doutrina esp\u00edrita. O pessoal do sul parece-me mais solto, mais aberto para outros assuntos, mas parece-me que os do norte t\u00eam mais receio de fugir das bases kardecistas, e longe de n\u00f3s recomendarmos que fujam, mas acredito que algumas informa\u00e7\u00f5es adicionais poder\u00e3o enriquecer essa base.<\/p>\n<p>Eu lembro aquela frase de Kardec que diz que quando a ci\u00eancia demonstrar que o espiritismo est\u00e1 errado num ponto, o espiritismo se modificar\u00e1 nesse ponto.<\/p>\n<p>O esp\u00edrita, hoje, n\u00e3o est\u00e1 ao n\u00edvel de Kardec, est\u00e1 muito abaixo, eu gostaria que fosse s\u00f3 a metade. Quando a ci\u00eancia demonstrar que o esp\u00edrita est\u00e1 certo num ponto, ele que use esse ponto, j\u00e1 estava muito bom. T\u00e3o avan\u00e7ado como Kardec, ningu\u00e9m vai ser.<\/p>\n<p>Eu posso at\u00e9 estar errado sobre essas diferen\u00e7as entre o norte e o sul&#8230;<\/p>\n","protected":false},"excerpt":{"rendered":"<p>A Foto Kirlian O doutor Ricardo Di Bernardi, m\u00e9dico pediatra e homeopata, interessa-se muito pela investiga\u00e7\u00e3o do chamado efeito-kirlian. Trata-se de uma energia que rodeia os corpos e que \u00e9 atribu\u00edda por muitos \u00e0 irradia\u00e7\u00e3o da aura dos seres vivos. &hellip; <a href=\"https:\/\/xn--regeneraoplanetria-dsb6a7f.com.br\/index.php\/entrivistas\/a-foto-kirlian-dr-ricardo-di-bernardi\/\">Continue lendo <span class=\"meta-nav\">&rarr;<\/span><\/a><\/p>\n","protected":false},"author":1,"featured_media":0,"parent":209,"menu_order":0,"comment_status":"open","ping_status":"open","template":"","meta":{"footnotes":""},"class_list":["post-529","page","type-page","status-publish","hentry"],"_links":{"self":[{"href":"https:\/\/xn--regeneraoplanetria-dsb6a7f.com.br\/index.php\/wp-json\/wp\/v2\/pages\/529","targetHints":{"allow":["GET"]}}],"collection":[{"href":"https:\/\/xn--regeneraoplanetria-dsb6a7f.com.br\/index.php\/wp-json\/wp\/v2\/pages"}],"about":[{"href":"https:\/\/xn--regeneraoplanetria-dsb6a7f.com.br\/index.php\/wp-json\/wp\/v2\/types\/page"}],"author":[{"embeddable":true,"href":"https:\/\/xn--regeneraoplanetria-dsb6a7f.com.br\/index.php\/wp-json\/wp\/v2\/users\/1"}],"replies":[{"embeddable":true,"href":"https:\/\/xn--regeneraoplanetria-dsb6a7f.com.br\/index.php\/wp-json\/wp\/v2\/comments?post=529"}],"version-history":[{"count":0,"href":"https:\/\/xn--regeneraoplanetria-dsb6a7f.com.br\/index.php\/wp-json\/wp\/v2\/pages\/529\/revisions"}],"up":[{"embeddable":true,"href":"https:\/\/xn--regeneraoplanetria-dsb6a7f.com.br\/index.php\/wp-json\/wp\/v2\/pages\/209"}],"wp:attachment":[{"href":"https:\/\/xn--regeneraoplanetria-dsb6a7f.com.br\/index.php\/wp-json\/wp\/v2\/media?parent=529"}],"curies":[{"name":"wp","href":"https:\/\/api.w.org\/{rel}","templated":true}]}}