{"id":548,"date":"2013-04-06T08:50:00","date_gmt":"2013-04-06T11:50:00","guid":{"rendered":"http:\/\/xn--regeneraoplanetria-dsb6a7f.com.br\/?page_id=548"},"modified":"2016-09-19T09:45:30","modified_gmt":"2016-09-19T12:45:30","slug":"boa-nova-1","status":"publish","type":"page","link":"https:\/\/xn--regeneraoplanetria-dsb6a7f.com.br\/index.php\/boa-nova-1\/","title":{"rendered":"Boa Nova (01)"},"content":{"rendered":"<p align=\"center\">BOA NOVA<\/p>\n<p align=\"center\">(Da obra de Humberto de Campos, psicografada por Chico Xavier)<\/p>\n<p align=\"center\">Cap\u00edtulo Um<\/p>\n<p>Os historiadores do Imp\u00e9rio Romano sempre observaram com espanto os profundos contrastes da gloriosa \u00e9poca de Augusto.<\/p>\n<p>Caio J\u00falio C\u00e9sar Ot\u00e1vio chegara ao poder, n\u00e3o obstante o lustre de sua not\u00e1vel ascend\u00eancia, por uma s\u00e9rie de acontecimentos felizes. As mensalidades mais altas da antiga Rep\u00fablica n\u00e3o acreditavam no seu triunfo. Aliando-se contra a usurpa\u00e7\u00e3o de Ant\u00f4nio, com os pr\u00f3prios conjurados que haviam praticado o assass\u00ednio de seu pai adotivo, suas pretens\u00f5es foram sempre contrariadas por sombrias perspectivas. Entretanto, suas primeiras vit\u00f3rias come\u00e7aram com a institui\u00e7\u00e3o do triunvirato e, em seguida, os desastres de Ant\u00f4nio, no Oriente, lhe abriram inesperados caminhos.<\/p>\n<p>Como se o mundo pressentisse uma aben\u00e7oada renova\u00e7\u00e3o de valores no tempo, em breve todas as legi\u00f5es se entregavam, sem resist\u00eancia, ao filho do soberano assassinado.<\/p>\n<p>Uma nova era principiara com aquele jovem en\u00e9rgico e magn\u00e2nimo. O grande imp\u00e9rio do mundo, como que influenciado por um conjunto de for\u00e7as estranhas, descansava numa onda de harmonia e de j\u00fabilo, depois de guerras seculares e tenebrosas.<\/p>\n<p>Por toda parte levantavam-se templos e monumentos preciosos. O hino de uma paz duradoura come\u00e7ava em Roma para terminar na mais remota de suas prov\u00edncias, acompanhado de amplas manifesta\u00e7\u00f5es de alegria por parte da plebe an\u00f4nima e sofredora.<\/p>\n<p>A cidade dos C\u00e9sares se povoava de artistas, de esp\u00edritos nobres e realizadores. Em todos os recantos, permanecia a sagrada emo\u00e7\u00e3o de seguran\u00e7a, enquanto o organismo das leis se renovava, distribuindo os bens da educa\u00e7\u00e3o e da justi\u00e7a.<\/p>\n<p>No entanto, o inesquec\u00edvel Imperador era franzino e doente. Os cronistas da \u00e9poca referem-se, por mais de uma vez, \u00e0s manchas que lhe cobriam a epiderme, transformando-se, de vez em quando, em dardos dolorosos. Ot\u00e1vio nunca foi senhor de uma sa\u00fade completa. Suas pernas viviam sempre enroladas em faixas e sua caixa tor\u00e1cica convenientemente resguardada contra os golpes de ar que lhe motivavam incessantes resfriados. Com frequ\u00eancia, queixava-se de enxaquecas, que se faziam seguir de singulares abatimentos.<\/p>\n<p>N\u00e3o somente nesse particular padecia o Imperador das extremas vicissitudes da vida humana. Ele, que era o regenerador dos costumes, o restaurador das tradi\u00e7\u00f5es mais puras da fam\u00edlia, o maior reorganizador do Imp\u00e9rio, foi obrigado a humilhar os seus mais fundos e delicados sentimentos de pai e de soberano, lavrando um decreto de banimento de sua \u00fanica filha, exilando-a na Ilha de Pandat\u00e1ria, por efeito da sua vida de conden\u00e1veis esc\u00e2ndalos na Corte, sendo compelido, mais tarde, a tomar as mesmas provid\u00eancias em rela\u00e7\u00e3o \u00e0 sua neta. Notou que a companheira amada de seus dias se envolvia, na intimidade dom\u00e9stica, em cont\u00ednuas quest\u00f5es de envenenamento dos seus descendentes mais diretos, experimentando ele, assim, na fam\u00edlia, a mais angustiosa ansiedade do cora\u00e7\u00e3o.<\/p>\n<p>Apesar de tudo, seu nome foi dado ao s\u00e9culo ilustre que o vira nascer. Seus numerosos anos de governo se assinalaram por inolvid\u00e1veis iniciativas. A alma coletiva do Imp\u00e9rio nunca sentira tamanha impress\u00e3o de estabilidade e de alegria. A paisagem gloriosa de Roma jamais reunira t\u00e3o grande n\u00famero de intelig\u00eancias. \u00c9 nessa \u00e9poca que surgem Verg\u00edlio, Hor\u00e1rio, Ov\u00eddio, Sal\u00fastio, Tito L\u00edvio e Mecenas, como favoritos dos deuses.<\/p>\n<p>Em todos os lugares lavravam-se m\u00e1rmores soberbos, esplendiam jardins suntuosos, erigiam-se pal\u00e1cios e santu\u00e1rios, protegia-se a intelig\u00eancia, criavam-se leis de harmonia e de justi\u00e7a, num oceano de paz inigual\u00e1vel. Os carros de triunfo esqueciam, por algum tempo, as palmas de sangue e o sorriso da deusa Vit\u00f3ria n\u00e3o mais se abria para os movimentos de destrui\u00e7\u00e3o e mortic\u00ednio.<\/p>\n<p>O pr\u00f3prio Imperador, muitas vezes, em presidindo \u00e0s grandes festas populares, com o cora\u00e7\u00e3o tomado de ang\u00fastia pelos dissabores de sua vida \u00edntima, se surpreendeu, testemunhando o j\u00fabilo e a tranquilidade geral do seu povo e, sem que conseguisse explicar o mist\u00e9rio daquela onda intermin\u00e1vel de harmonia, chorando de como\u00e7\u00e3o, quando, do alto de sua tribuna dourada, escutava a famosa composi\u00e7\u00e3o de Hor\u00e1cio, onde se destacavam estes versos de imorredoura beleza:<\/p>\n<p>O Sol fecundo,<\/p>\n<p>Que com teu carro brilhante<\/p>\n<p>Abres e fechas o dia!&#8230;<\/p>\n<p>Que surges sempre novo e sempre igual!<\/p>\n<p>Que nunca possas ver<\/p>\n<p>Algo maior do que Roma.<\/p>\n<p>\u00c9 que os historiadores ainda n\u00e3o perceberam, na chamada \u00e9poca de Augusto, o s\u00e9culo do Evangelho ou da Boa Nova.\u00a0 Esqueceram-se de que o nobre Ot\u00e1vio era tamb\u00e9m homem e n\u00e3o conseguiram saber que, no seu reinado, a esfera do Cristo se aproximava da Terra, numa vibra\u00e7\u00e3o profunda de amor e de beleza. Acercavam-se de Roma e do mundo n\u00e3o mais esp\u00edritos belicosos, como Alexandre ou An\u00edbal, por\u00e9m outros que se vestiriam dos andrajos dos pescadores, para servirem de base indestrut\u00edvel aos eternos ensinos do Cordeiro. Imergiam nos fluidos do planeta os que preparariam a vinda do Senhor e os que se transformariam em seguidores humildes e imortais dos seus passos divinos.<\/p>\n<p>\u00c9 por essa raz\u00e3o que o ascendente m\u00edstico da era de Augusto se traduzia na paz e no j\u00fabilo do povo que, instintivamente, se sentia no limiar de uma transforma\u00e7\u00e3o celestial.<\/p>\n<p>la chegar \u00e0 Terra o Sublime Emiss\u00e1rio. Sua li\u00e7\u00e3o de verdade e de luz ia espalhar- se pelo mundo inteiro, como chuva de b\u00ean\u00e7\u00e3os magn\u00edficas e confortadoras. A Humanidade vivia, ent\u00e3o, o s\u00e9culo da Boa Nova. Era a \u201cfesta do noivado\u201d a que Jesus se referiu no seu ensinamento imorredouro.<\/p>\n<p>Depois dessa festa dos cora\u00e7\u00f5es, qual roteiro indel\u00e9vel para a conc\u00f3rdia dos homens, ficaria o Evangelho como o livro mais vivaz e mais formoso do mundo, constituindo a mensagem permanente do c\u00e9u, entre as criaturas em tr\u00e2nsito pela Terra, o mapa das aben\u00e7oadas altitudes espirituais, o guia do caminho, o manual do amor, da coragem e da perene alegria.<\/p>\n<p>E, para que essas caracter\u00edsticas se conservassem entre os homens, como express\u00e3o de sua s\u00e1bia vontade, Jesus recomendou aos seus ap\u00f3stolos que iniciassem o seu glorioso testamento com os hinos e os perfumes da Natureza, sob a claridade maravilhosa de uma estrela a guiar reis e pastores \u00e0 manjedoura r\u00fastica, onde se entoavam as primeiras notas de seu c\u00e2ntico de amor, e o terminassem com a luminosa vis\u00e3o da Humanidade futura, na posse das b\u00ean\u00e7\u00e3os de reden\u00e7\u00e3o. \u00c9 por esse motivo que o Evangelho de Jesus, sendo livro do amor e da alegria, come\u00e7a com a descri\u00e7\u00e3o da gloriosa noite de Natal e termina com a profunda vis\u00e3o da Jerusal\u00e9m libertada, entrevista por Jo\u00e3o, nas suas divinas profecias do Apocalipse.<\/p>\n","protected":false},"excerpt":{"rendered":"<p>BOA NOVA (Da obra de Humberto de Campos, psicografada por Chico Xavier) Cap\u00edtulo Um Os historiadores do Imp\u00e9rio Romano sempre observaram com espanto os profundos contrastes da gloriosa \u00e9poca de Augusto. Caio J\u00falio C\u00e9sar Ot\u00e1vio chegara ao poder, n\u00e3o obstante &hellip; <a href=\"https:\/\/xn--regeneraoplanetria-dsb6a7f.com.br\/index.php\/boa-nova-1\/\">Continue lendo <span class=\"meta-nav\">&rarr;<\/span><\/a><\/p>\n","protected":false},"author":1,"featured_media":0,"parent":0,"menu_order":3,"comment_status":"open","ping_status":"open","template":"","meta":{"footnotes":""},"class_list":["post-548","page","type-page","status-publish","hentry"],"_links":{"self":[{"href":"https:\/\/xn--regeneraoplanetria-dsb6a7f.com.br\/index.php\/wp-json\/wp\/v2\/pages\/548","targetHints":{"allow":["GET"]}}],"collection":[{"href":"https:\/\/xn--regeneraoplanetria-dsb6a7f.com.br\/index.php\/wp-json\/wp\/v2\/pages"}],"about":[{"href":"https:\/\/xn--regeneraoplanetria-dsb6a7f.com.br\/index.php\/wp-json\/wp\/v2\/types\/page"}],"author":[{"embeddable":true,"href":"https:\/\/xn--regeneraoplanetria-dsb6a7f.com.br\/index.php\/wp-json\/wp\/v2\/users\/1"}],"replies":[{"embeddable":true,"href":"https:\/\/xn--regeneraoplanetria-dsb6a7f.com.br\/index.php\/wp-json\/wp\/v2\/comments?post=548"}],"version-history":[{"count":2,"href":"https:\/\/xn--regeneraoplanetria-dsb6a7f.com.br\/index.php\/wp-json\/wp\/v2\/pages\/548\/revisions"}],"predecessor-version":[{"id":4534,"href":"https:\/\/xn--regeneraoplanetria-dsb6a7f.com.br\/index.php\/wp-json\/wp\/v2\/pages\/548\/revisions\/4534"}],"wp:attachment":[{"href":"https:\/\/xn--regeneraoplanetria-dsb6a7f.com.br\/index.php\/wp-json\/wp\/v2\/media?parent=548"}],"curies":[{"name":"wp","href":"https:\/\/api.w.org\/{rel}","templated":true}]}}