{"id":563,"date":"2013-04-06T18:35:22","date_gmt":"2013-04-06T21:35:22","guid":{"rendered":"http:\/\/xn--regeneraoplanetria-dsb6a7f.com.br\/?page_id=563"},"modified":"2013-04-21T18:54:43","modified_gmt":"2013-04-21T21:54:43","slug":"2-jesus-o-precursor","status":"publish","type":"page","link":"https:\/\/xn--regeneraoplanetria-dsb6a7f.com.br\/index.php\/boa-nova-1\/2-jesus-o-precursor\/","title":{"rendered":"02 &#8211; Jesus o Precursor"},"content":{"rendered":"<p align=\"center\">JESUS E O PRECURSOR<\/p>\n<p align=\"center\">(Da obra \u201cBoa Nova\u201d de Humberto de Campos, psicografada por Chico Xavier)<\/p>\n<p>Ap\u00f3s a famosa apresenta\u00e7\u00e3o de Jesus aos doutores do Templo de Jerusal\u00e9m, Maria recebeu a visita de Isabel e de seu filho, em sua casinha pobre de Nazar\u00e9.<\/p>\n<p>Depois das sauda\u00e7\u00f5es habituais, do desdobramento dos assuntos familiares, as duas primas entraram a falar de ambas as crian\u00e7as, cujo nascimento fora antecipado por acontecimentos singulares e cercado de estranhas circunst\u00e2ncias. Enquanto o patriarca Jos\u00e9 atendia \u00e0s \u00faltimas necessidades di\u00e1rias de sua oficina humilde, entre- tinham-se as duas em curiosa palestra, trocando carinhosamente as mais ternas confid\u00eancias maternais.<\/p>\n<p>&#8211; O que me espanta &#8211; dizia Isabel com caricioso sorriso &#8211; \u00e9 o temperamento de Jo\u00e3o, dado \u00e0s mais fundas medita\u00e7\u00f5es, apesar da sua pouca idade. N\u00e3o raro, procuro-o inutilmente em casa, para encontr\u00e1-lo, quase sempre, entre as figueiras bravas, ou caminhando ao longo das estradas adustas, como se a pequena fronte estivesse dominada por graves pensamentos.<\/p>\n<p>&#8211; Essas crian\u00e7as, a meu ver, respondeu-lhe Maria, intensificando o brilho suave de seus olhos, trazem para a Humanidade a luz divina de um caminho novo.<\/p>\n<p>Meu filho tamb\u00e9m \u00e9 assim, envolvendo-me o cora\u00e7\u00e3o numa atmosfera de incessantes cuidados. Por vezes, vou encontr\u00e1-lo a s\u00f3s, junto das \u00e1guas, e, de outras, em conversa\u00e7\u00e3o profunda com os viajantes que demandam a Samaria ou as aldeias mais distantes, nas adjac\u00eancias do lago. Quase sempre, surpreendo- lhe a palavra caridosa que dirige \u00e0s lavadeiras, aos transeuntes, aos mendigos sofredores&#8230; Fala de sua comunh\u00e3o com Deus com uma eloqu\u00eancia que nunca encontrei nas observa\u00e7\u00f5es dos nossos doutores e, constantemente, ando a cismar, em rela\u00e7\u00e3o ao seu destino.<\/p>\n<p>&#8211; Apesar de todos os valores da cren\u00e7a\u00a0 &#8211; murmurou Isabel, convicta \u2014, n\u00f3s, as m\u00e3es, temos sempre o esp\u00edrito abalado por injustific\u00e1veis receios.<\/p>\n<p>Como se se deixasse empolgar por amorosos temores, Maria continuou:<\/p>\n<p>&#8211; Ainda h\u00e1 alguns dias, estivemos em Jerusal\u00e9m, nas comemora\u00e7\u00f5es costumeiras, e a facilidade de argumenta\u00e7\u00e3o com que Jesus elucidava os problemas, que lhe eram apresentados pelos orientadores do templo, nos deixou a todos receosos e perplexos. Sua ci\u00eancia n\u00e3o pode ser deste mundo: vem de Deus, que certamente se manifesta por seus l\u00e1bios amigos da pureza. Notando-lhe as respostas, Eleazar chamou a Jos\u00e9, em particular, e o advertiu de que o menino parece haver nascido para a perdi\u00e7\u00e3o de muitos poderosos em Israel.<\/p>\n<p>Com a prima a lhe escutar atentamente a palavra, Maria prosseguiu, de olhos \u00famidos, ap\u00f3s ligeira pausa:<\/p>\n<p>&#8211; Ciente desse aviso, procurei Eleazar, a fim de interceder por Jesus, junto de suas valiosas rela\u00e7\u00f5es com as autoridades do templo. Pensei na sua inf\u00e2ncia desprotegida e receio pelo seu futuro. Eleazar prometeu interessar-se pela sua sorte; todavia, de regresso a Nazar\u00e9, experimentei singular multiplica\u00e7\u00e3o dos meus temores.<\/p>\n<p>Conversei com Jos\u00e9, mais detidamente, acerca do pequeno, preocupada com o seu preparo conveniente para a vida! &#8230; Entretanto, no dia que se seguiu \u00e0s nossas \u00edntimas confabula\u00e7\u00f5es, Jesus se aproximou de mim, pela manh\u00e3, e me interpelou: \u201cM\u00e3e, que queres tu de mim? Acaso n\u00e3o tenho testemunhado a minha comunh\u00e3o com o Pai que est\u00e1 no C\u00e9u! Altamente surpreendida com a sua pergunta, respondi-lhe, hesitante:\u00a0 Tenho cuidado por ti, meu filho! Reconhe\u00e7o que necessitas de um preparo melhor para a vida&#8230; Mas, como se estivesse em pleno conhecimento do que se passava em meu \u00edntimo, ponderou ele: \u201cM\u00e3e, toda prepara\u00e7\u00e3o \u00fatil e generosa no mundo \u00e9 preciosa; entretanto, eu j\u00e1 estou com Deus. Meu Pai, por\u00e9m, deseja de n\u00f3s toda a exemplifica\u00e7\u00e3o que seja boa e eu escolherei, desse modo, a escola melhor. No mesmo dia, embora soubesse das belas promessas que os doutores do templo fizeram na sua presen\u00e7a a seu respeito, Jesus aproximou-se de Jos\u00e9 e lhe pediu, com humildade, o admitisse em seus trabalhos. Desde ent\u00e3o, como se nos quisesse ensinar que a melhor escola para Deus \u00e9 a do lar e a do esfor\u00e7o pr\u00f3prio concluiu a palavra materna com singeleza \u2014, ele aperfei\u00e7oa as madeiras da oficina, empunha o martelo e a enx\u00f3, enchendo a casa de \u00e2nimo, com a sua doce alegria!<\/p>\n<p>Isabel lhe escutava atenta a narrativa, e, depois de outras pequenas considera\u00e7\u00f5es materiais, ambas observaram que as primeiras sombras da noite desciam na paisagem, acinzentando o c\u00e9u sem nuvens.<\/p>\n<p>A carpintaria j\u00e1 estava fechada e Jos\u00e9 buscava a serenidade do interior dom\u00e9stico para o repouso.<\/p>\n<p>As duas m\u00e3es se entreolharam, inquietas, e perguntavam a si pr\u00f3prias para onde teriam ido as duas crian\u00e7as.<\/p>\n<p>Nazar\u00e9, com a sua paisagem, das mais belas de toda a Galileia, \u00e9 talvez o mais formoso recanto da Palestina. Suas ruas humildes e pedregosas, suas casas pequeninas, suas lojas singulares se agrupam numa ampla concavidade em cima das montanhas, ao norte do Esdrelon. Seus horizontes s\u00e3o estreitos e sem interesse; contudo, os que subam um pouco al\u00e9m, at\u00e9 onde se localizam as casinholas mais elevadas, encontrar\u00e3o para o olhar assombrado as mais formosas perspectivas. O c\u00e9u parece alongar-se, cobrindo o conjunto maravilhoso, numa dilata\u00e7\u00e3o infinita.<\/p>\n<p>Maria e Isabel avistaram seus filhos, lado a lado, sobre uma emin\u00eancia banhada pelos derradeiros raios vespertinos. De longe, afigurou-se-lhes que os cabelos de Jesus esvoa\u00e7avam ao sopro caricioso das brisas do alto. Seu pequeno indicador mostrava a Jo\u00e3o as paisagens que se multiplicavam a dist\u00e2ncia, como um grande general que desse a conhecer as minud\u00eancias dos seus planos a um soldado de confian\u00e7a. Ante seus olhos surgiam as montanhas de Sarnaria, o cume de Magedo, as emin\u00eancias de Gelbo\u00e9, a figura esbelta do Tabor, onde, mais tarde, ficaria inesquec\u00edvel o instante da Transfigura\u00e7\u00e3o, o vale do rio sagrado do Cristianismo, os cumes de Safed, o golfo de Khalfa, o elevado cen\u00e1rio do Pereu, num soberbo conjunto de montes e vales, ao lado das \u00e1guas cristalinas.<\/p>\n<p>Quem poderia saber qual a conversa\u00e7\u00e3o solit\u00e1ria que se travara entre ambos? Distanciados no tempo, devemos presumir que fosse, na Terra, a primeira combina\u00e7\u00e3o entre o amor e a verdade, para a conquista do mundo. Sabemos, por\u00e9m, que, na manh\u00e3 imediata, em partindo o precursor na carinhosa companhia de sua m\u00e3e, perguntou Isabel a Jesus, com gracioso interesse:\u00a0 N\u00e3o queres vir conosco? ao que o pequeno carpinteiro de Nazar\u00e9 respondeu, profeticamente, com inflex\u00e3o de profunda bondade: \u201cJo\u00e3o partir\u00e1 primeiro.<\/p>\n<p>Transcorridos alguns anos, vamos encontrar o Batista na sua gloriosa tarefa de prepara\u00e7\u00e3o do caminho \u00e0 verdade, precedendo o trabalho divino do amor, que o mundo conheceria em Jesus-Cristo.<\/p>\n<p>Jo\u00e3o, de fato, partiu primeiro, a fim de executar as opera\u00e7\u00f5es iniciais para grandiosa conquista. Vestido de peles e alimentando-se de mel selvagem, esclarecendo com energia e deixando-se degolar em testemunho \u00e0 Verdade, ele precedeu a li\u00e7\u00e3o da miseric\u00f3rdia e da bondade.\u00a0 O Mestre dos mestres quis colocar a figura franca e \u00e1spera do seu profeta no limiar de seus gloriosos ensinos e, por isso, encontramos em Jo\u00e3o Batista um dos mais belos de todos os s\u00edmbolos imortais do Cristianismo. Salom\u00e9 representa a futilidade do mundo, Herodes e sua mulher o convencionalismo pol\u00edtico e o interesse particular. Jo\u00e3o era a verdade, e a verdade, na sua tarefa de aperfei\u00e7oamento, dilacera e magoa, deixando-se levar aos sacrif\u00edcios extremos.<\/p>\n<p>Como a dor que precede as poderosas manifesta\u00e7\u00f5es da luz no \u00edntimo dos cora\u00e7\u00f5es, ela recebe o bloco de m\u00e1rmore bruto e lhe trabalha as asperezas para que a obra do amor surja, em sua pureza divina. Jo\u00e3o Batista foi a voz clamante do deserto. Oper\u00e1rio da primeira hora, \u00e9 ele o s\u00edmbolo rude da verdade que arranca as mais fortes ra\u00edzes do mundo, para que o reino de Deus prevale\u00e7a nos cora\u00e7\u00f5es. Exprimindo a austera disciplina que antecede a espontaneidade do amor, a luta para que se desfa\u00e7am as sombras do caminho, Jo\u00e3o \u00e9 o primeiro sinal do crist\u00e3o ativo, em guerra com as pr\u00f3prias imperfei\u00e7\u00f5es do seu mundo interior, a fim de estabelecer em si mesmo o santu\u00e1rio de sua realiza\u00e7\u00e3o com o Cristo. Foi por essa raz\u00e3o que dele disse Jesus: \u201cDos nascidos de mulher, Jo\u00e3o Batista \u00e9 o maior de todos.&#8221;<\/p>\n","protected":false},"excerpt":{"rendered":"<p>JESUS E O PRECURSOR (Da obra \u201cBoa Nova\u201d de Humberto de Campos, psicografada por Chico Xavier) Ap\u00f3s a famosa apresenta\u00e7\u00e3o de Jesus aos doutores do Templo de Jerusal\u00e9m, Maria recebeu a visita de Isabel e de seu filho, em sua &hellip; <a href=\"https:\/\/xn--regeneraoplanetria-dsb6a7f.com.br\/index.php\/boa-nova-1\/2-jesus-o-precursor\/\">Continue lendo <span class=\"meta-nav\">&rarr;<\/span><\/a><\/p>\n","protected":false},"author":1,"featured_media":0,"parent":548,"menu_order":0,"comment_status":"open","ping_status":"closed","template":"","meta":{"footnotes":""},"class_list":["post-563","page","type-page","status-publish","hentry"],"_links":{"self":[{"href":"https:\/\/xn--regeneraoplanetria-dsb6a7f.com.br\/index.php\/wp-json\/wp\/v2\/pages\/563","targetHints":{"allow":["GET"]}}],"collection":[{"href":"https:\/\/xn--regeneraoplanetria-dsb6a7f.com.br\/index.php\/wp-json\/wp\/v2\/pages"}],"about":[{"href":"https:\/\/xn--regeneraoplanetria-dsb6a7f.com.br\/index.php\/wp-json\/wp\/v2\/types\/page"}],"author":[{"embeddable":true,"href":"https:\/\/xn--regeneraoplanetria-dsb6a7f.com.br\/index.php\/wp-json\/wp\/v2\/users\/1"}],"replies":[{"embeddable":true,"href":"https:\/\/xn--regeneraoplanetria-dsb6a7f.com.br\/index.php\/wp-json\/wp\/v2\/comments?post=563"}],"version-history":[{"count":0,"href":"https:\/\/xn--regeneraoplanetria-dsb6a7f.com.br\/index.php\/wp-json\/wp\/v2\/pages\/563\/revisions"}],"up":[{"embeddable":true,"href":"https:\/\/xn--regeneraoplanetria-dsb6a7f.com.br\/index.php\/wp-json\/wp\/v2\/pages\/548"}],"wp:attachment":[{"href":"https:\/\/xn--regeneraoplanetria-dsb6a7f.com.br\/index.php\/wp-json\/wp\/v2\/media?parent=563"}],"curies":[{"name":"wp","href":"https:\/\/api.w.org\/{rel}","templated":true}]}}