{"id":582,"date":"2013-04-09T09:06:08","date_gmt":"2013-04-09T12:06:08","guid":{"rendered":"http:\/\/xn--regeneraoplanetria-dsb6a7f.com.br\/?page_id=582"},"modified":"2013-04-21T18:51:17","modified_gmt":"2013-04-21T21:51:17","slug":"5-os-discipulos","status":"publish","type":"page","link":"https:\/\/xn--regeneraoplanetria-dsb6a7f.com.br\/index.php\/boa-nova-1\/5-os-discipulos\/","title":{"rendered":"05 &#8211; Os Disc\u00edpulos"},"content":{"rendered":"<p align=\"center\">5 \u2013 OS DISC\u00cdPULOS<\/p>\n<p align=\"center\">(Da obra \u201cBoa Nova\u201d, de Humberto de Campos, psicografada por Chico Xavier)<\/p>\n<p>Frequentemente, era nas proximidades de Cafarnaum que o Mestre reunia a grande comunidade dos seus seguidores. Numerosas pessoas o aguardavam ao longo do caminho, ansiosas por lhe ouvirem a palavra instrutiva. N\u00e3o tardou, por\u00e9m, que ele compusesse o seu reduzido col\u00e9gio de disc\u00edpulos.<\/p>\n<p>Depois de uma das suas prega\u00e7\u00f5es do novo reino, chamou os doze companheiros que, desde ent\u00e3o, seriam os int\u00e9rpretes de suas a\u00e7\u00f5es e de seus ensinos. Eram eles os homens mais humildes e simples do lago de Genesar\u00e9.<\/p>\n<p>Pedro, Andr\u00e9 e Filipe eram filhos de Betsaida, de onde vinham igualmente Tiago e Jo\u00e3o, descendentes de Zebedeu. Levi, Tadeu e Tiago, filhos de Alfeu e sua esposa Cleofas, parenta de Maria, eram nazarenos e amavam a Jesus desde a inf\u00e2ncia, sendo muitas vezes chamados \u201cos irm\u00e3os do Senhor\u201d, \u00e0 vista de suas profundas afinidades afetivas. Tom\u00e9 descendia de um antigo pescador de DaImanuta e Bartolomeu nascera de uma fam\u00edlia laboriosa de Can\u00e3 da Galil\u00e9ia. Sim\u00e3o, mais tarde denominado \u201co Zelote\u201d, deixara a sua terra de Cana\u00e3 para dedicar-se \u00e0 pescaria, e somente um deles, Judas, destoava um pouco desse concerto, pois nascera em Iscariotes e se consagrara ao pequeno com\u00e9rcio em Cafarnaum, onde vendia peixes e quinquilharias.<\/p>\n<p>O reduzido grupo de companheiros do Messias experimentou a princ\u00edpio certas dificuldades para harmonizar-se. Pequeninas contendas geravam a separatividade entre eles. De vez em quando, o Mestre os surpreendia em discuss\u00f5es in\u00fateis sobre qual deles seria o maior no reino de Deus; de outras vezes, desejavam saber qual, dentre todos, revelava sabedoria maior, no campo do Evangelho.<\/p>\n<p>Levi continuava nos seus trabalhos da coletoria local, enquanto Judas prosseguia nos seus pequenos neg\u00f3cios, embora se reunissem diariamente aos demais companheiros. Os dez outros viviam quase que constantemente com Jesus, junto \u00e0s \u00e1guas transparentes do Tiber\u00edades, como se participassem de uma festa incessante de luz.<\/p>\n<p>Iniciando-se, entretanto, o per\u00edodo de trabalhos ativos pela difus\u00e3o da nova doutrina, o Mestre reuniu os doze em casa de Sim\u00e3o Pedro e lhes ministrou as primeiras instru\u00e7\u00f5es referentes ao grande apostolado.<\/p>\n<p align=\"center\">*<\/p>\n<p>De conformidade com a narrativa de Mateus, as recomenda\u00e7\u00f5es iniciais do Messias aclaravam as normas de a\u00e7\u00e3o que os disc\u00edpulos deviam seguir para as realiza\u00e7\u00f5es que lhes competiam concretizar.<\/p>\n<p>&#8211; Amados entrou Jesus a dizer-lhes, com mansid\u00e3o extrema \u2014, n\u00e3o tomareis o caminho largo por onde anda toda gente, levada pelos interesses f\u00e1ceis e inferiores; buscareis a estrada escabrosa e estreita dos sacrif\u00edcios pelo bem de todos. Tamb\u00e9m n\u00e3o penetrareis nos centros de discuss\u00f5es est\u00e9reis, \u00e0 moda dos samaritanos, nos das contendas que nada aproveitam \u00e0s edifica\u00e7\u00f5es do verdadeiro reino nos cora\u00e7\u00f5es com sincero esfor\u00e7o.<\/p>\n<p>Ide antes em busca das ovelhas perdidas da casa de nosso Pai que se encontram em afli\u00e7\u00e3o e voluntariamente desterradas de seu divino amor. Reuni convosco todos os que se encontram de cora\u00e7\u00e3o angustiado e dizei-lhes, de minha parte, que \u00e9 chegado o reino de Deus.<\/p>\n<p>Trabalhai em curar os enfermos, limpar os leprosos, ressuscitar os que est\u00e3o mortos nas sombras do crime ou das desilus\u00f5es ingratas do mundo, esclarecei todos os esp\u00edritos que se encontram em trevas, dando de gra\u00e7a o que de gra\u00e7a vos \u00e9 concedido.<\/p>\n<p>N\u00e3o exibais ouro ou prata em vossas vestimentas, porque o reino do c\u00e9u reserva os mais belos tesouros para os simples.<\/p>\n<p>N\u00e3o ajunteis o sup\u00e9rfluo em alforjes, t\u00fanicas ou alpercatas para o caminho, porque digno \u00e9 o oper\u00e1rio do seu sustento.<\/p>\n<p>Em qualquer cidade ou aldeia onde entrardes, buscai saber quem deseje a\u00ed os bens do c\u00e9u, com sinceridade e devotamento a Deus, e reparti as b\u00ean\u00e7\u00e3os do Evangelho com os que sejam dignos, at\u00e9 que vos retireis.<\/p>\n<p>Quando penetrardes nalguma casa, saudai-a com amor.<\/p>\n<p>Se essa casa merecer as b\u00ean\u00e7\u00e3os de vossa dedica\u00e7\u00e3o, des\u00e7a sobre ela a vossa paz; se, por\u00e9m, n\u00e3o for digna, torne essa mesma paz aos vossos cora\u00e7\u00f5es.<\/p>\n<p>Se ningu\u00e9m vos receber, nem desejar ouvir as vossas instru\u00e7\u00f5es, retirai-vos sacudindo o p\u00f3 de vossos p\u00e9s, isto \u00e9, sem conservardes nenhum rancor e sem vos contaminardes da alheia iniquidade.<\/p>\n<p>Em verdade vos digo que dia vir\u00e1 em que menos rigor haver\u00e1 para os grandes pecadores, do que para quantos procuram a Deus com os l\u00e1bios da falsa cren\u00e7a, sem a sinceridade do cora\u00e7\u00e3o.<\/p>\n<p>\u00c9 por essa raz\u00e3o que vos envio como ovelhas ao antro dos lobos, recomendando- vos a simplicidade das pombas e a prud\u00eancia das serpentes.<\/p>\n<p>Acautelai-vos, pois, dos homens, nossos irm\u00e3os, porque sereis entregues aos seus tribunais e sereis a\u00e7oitados nos seus templos suntuosos, de onde est\u00e1 exilada a ideia de Deus.<\/p>\n<p>Sereis conduzidos, como r\u00e9us, \u00e0 presen\u00e7a de governadores e reis, de tiranos e descrentes, a fim de testemunhardes a minha causa.<\/p>\n<p>Mas, nos dias dolorosos da humilha\u00e7\u00e3o, n\u00e3o vos d\u00ea cuidado como haveis de falar, porque minha palavra estar\u00e1 convosco e sereis inspirados, quanto ao que houverdes de dizer.<\/p>\n<p>Porque n\u00e3o somos n\u00f3s que falamos; o esp\u00edrito amoroso de Nosso Pai \u00e9 que fala em todos n\u00f3s.<\/p>\n<p>Nesses dias de sombra, em que se lutar\u00e1 no mundo por meu nome, o irm\u00e3o entregar\u00e1 \u00e0 morte o pr\u00f3prio irm\u00e3o, o pai os filhos, espalhando-se nos caminhos o rastro sinistro dos lobos da iniquidade.<\/p>\n<p>Os que me seguirem ser\u00e3o desprezados e odiados por minha causa, mas aquele que perseverar, at\u00e9 o fim, ser\u00e1 salvo.<\/p>\n<p>Quando, pois, fordes perseguidos numa cidade, transportai-vos para outra, porque em verdade vos afirmo que jamais estareis nos caminhos humanos sem que vos acompanhe o meu pensamento.<\/p>\n<p>Se tendes de sofrer, considerai que tamb\u00e9m eu vim \u00e0 Terra para dar o testemunho e n\u00e3o \u00e9 o disc\u00edpulo mais do que o mestre, nem o servo mais que o seu senhor.<\/p>\n<p>Se o advers\u00e1rio da luz vai reunir contra mim as tenta\u00e7\u00f5es e as zombarias, o rid\u00edculo e a crueldade, que n\u00e3o far\u00e1 aos meus disc\u00edpulos?<\/p>\n<p>Todavia, sabeis que acima de tudo est\u00e1 o Nosso Pai e que, portanto, \u00e9 preciso n\u00e3o temer, pois um dia toda a verdade ser\u00e1 revelada e todo o bem triunfar\u00e1.<\/p>\n<p>O que vos ensino em particular, difundi-o publica- mente; porque o que agora escutais aos ouvidos ser\u00e1 o objeto de vossas prega\u00e7\u00f5es de cima dos telhados.<\/p>\n<p>Trabalhai pelo reino de Deus e n\u00e3o temais os que matam o corpo, mas n\u00e3o podem aniquilar a alma; temei antes os sentimentos malignos que mergulham o corpo e a alma no inferno da consci\u00eancia.<\/p>\n<p>N\u00e3o se vendem dois passarinhos por um ceitil? Entretanto, nenhum deles cai dos seus ninhos sem a vontade do nosso Pai. At\u00e9 mesmo os cabelos de nossas cabe\u00e7as est\u00e3o contados.<\/p>\n<p>N\u00e3o temais, pois, porque um homem vale mais que muitos passarinhos.<\/p>\n<p>Empregai-vos no amor do Evangelho e qualquer de v\u00f3s que me confessar, diante dos homens, eu o confessarei igualmente diante de meu Pai que est\u00e1 nos c\u00e9us.<\/p>\n<p align=\"center\">*<\/p>\n<p>As recomenda\u00e7\u00f5es de Jesus foram ouvidas ainda por algum tempo e, terminada a sua alocu\u00e7\u00e3o, no semblante de todos perpassava a nota \u00edntima da alegria e da esperan\u00e7a. Os ap\u00f3stolos queriam contemplar o glorioso porvir do Evangelho do Reino e estremeciam do j\u00fabilo de seus cora\u00e7\u00f5es.<\/p>\n<p>Foi quando Judas Iscariotes, como que despertando, antes de todos os companheiros, daquelas profundas emo\u00e7\u00f5es de encantamento, se adiantou para o Messias, declarando em termos respeitosos e resolutos:<\/p>\n<p>&#8211; Senhor, os vossos planos s\u00e3o justos e preciosos; entretanto, \u00e9 razo\u00e1vel considerarmos que nada poderemos edificar sem a contribui\u00e7\u00e3o de algum dinheiro.<\/p>\n<p>Jesus contemplou-o serenamente e redarguiu:<\/p>\n<p>&#8211; Ser\u00e1 que Deus precisou das riquezas prec\u00e1rias para Construir as belezas do mundo? Em m\u00e3os que saibam domin\u00e1-lo, o dinheiro \u00e9 um instrumento \u00fatil, mas nunca ser\u00e1 tudo, porque, acima dos tesouros perec\u00edveis, est\u00e1 o amor com os seus infinitos recursos.<\/p>\n<p>Em meio da surpresa geral, Jesus, depois de uma pausa, continuou:<\/p>\n<p>&#8211; No entanto, Judas, embora eu n\u00e3o tenha qualquer moeda do mundo, n\u00e3o posso desprezar o primeiro alvitre dos que contribuir\u00e3o comigo para a edifica\u00e7\u00e3o do reino de meu Pai no esp\u00edrito das criaturas. P\u00f5e em pr\u00e1tica a tua lembran\u00e7a, mas tem cuidado com a tenta\u00e7\u00e3o das posses materiais. Organiza a tua bolsa de coopera\u00e7\u00e3o e guarda-a contigo; nunca, por\u00e9m, procures o que ultrapasse o necess\u00e1rio.<\/p>\n<p>Ali mesmo, pretextando a necessidade de incentivar os movimentos iniciais da grande causa, o filho de Iscariotes fez a primeira coleta entre os disc\u00edpulos. Todas as Possibilidades eram m\u00ednimas, mas alguns pobres den\u00e1rios foram recolhidos com interesse. O Mestre observava a execu\u00e7\u00e3o daquela primeira provid\u00eancia, com um sorriso cheio de apreens\u00f5es, enquanto Judas guardava cuidadosamente o fruto modesto de sua lembran\u00e7a material. Em seguida, apresentando a Jesus a bolsa min\u00fascula, que se perdia nas dobras de sua t\u00fanica, exclamou, satisfeito:<\/p>\n<p>Senhor, a bolsa \u00e9 pequenina, mas constitui o primeiro passo para que se possa realizar alguma coisa&#8230;<\/p>\n<p>Jesus fitou-o serenamente e retrucou em tom prof\u00e9tico:<\/p>\n<p>Sim, Judas, a bolsa \u00e9 pequenina; contudo, permita Deus que nunca sucumbas ao seu peso!<\/p>\n","protected":false},"excerpt":{"rendered":"<p>5 \u2013 OS DISC\u00cdPULOS (Da obra \u201cBoa Nova\u201d, de Humberto de Campos, psicografada por Chico Xavier) Frequentemente, era nas proximidades de Cafarnaum que o Mestre reunia a grande comunidade dos seus seguidores. Numerosas pessoas o aguardavam ao longo do caminho, &hellip; <a href=\"https:\/\/xn--regeneraoplanetria-dsb6a7f.com.br\/index.php\/boa-nova-1\/5-os-discipulos\/\">Continue lendo <span class=\"meta-nav\">&rarr;<\/span><\/a><\/p>\n","protected":false},"author":1,"featured_media":0,"parent":548,"menu_order":0,"comment_status":"open","ping_status":"open","template":"","meta":{"footnotes":""},"class_list":["post-582","page","type-page","status-publish","hentry"],"_links":{"self":[{"href":"https:\/\/xn--regeneraoplanetria-dsb6a7f.com.br\/index.php\/wp-json\/wp\/v2\/pages\/582","targetHints":{"allow":["GET"]}}],"collection":[{"href":"https:\/\/xn--regeneraoplanetria-dsb6a7f.com.br\/index.php\/wp-json\/wp\/v2\/pages"}],"about":[{"href":"https:\/\/xn--regeneraoplanetria-dsb6a7f.com.br\/index.php\/wp-json\/wp\/v2\/types\/page"}],"author":[{"embeddable":true,"href":"https:\/\/xn--regeneraoplanetria-dsb6a7f.com.br\/index.php\/wp-json\/wp\/v2\/users\/1"}],"replies":[{"embeddable":true,"href":"https:\/\/xn--regeneraoplanetria-dsb6a7f.com.br\/index.php\/wp-json\/wp\/v2\/comments?post=582"}],"version-history":[{"count":0,"href":"https:\/\/xn--regeneraoplanetria-dsb6a7f.com.br\/index.php\/wp-json\/wp\/v2\/pages\/582\/revisions"}],"up":[{"embeddable":true,"href":"https:\/\/xn--regeneraoplanetria-dsb6a7f.com.br\/index.php\/wp-json\/wp\/v2\/pages\/548"}],"wp:attachment":[{"href":"https:\/\/xn--regeneraoplanetria-dsb6a7f.com.br\/index.php\/wp-json\/wp\/v2\/media?parent=582"}],"curies":[{"name":"wp","href":"https:\/\/api.w.org\/{rel}","templated":true}]}}