{"id":618,"date":"2013-04-12T08:41:18","date_gmt":"2013-04-12T11:41:18","guid":{"rendered":"http:\/\/xn--regeneraoplanetria-dsb6a7f.com.br\/?page_id=618"},"modified":"2013-04-21T18:51:53","modified_gmt":"2013-04-21T21:51:53","slug":"7-a-luta-contra-o-mal","status":"publish","type":"page","link":"https:\/\/xn--regeneraoplanetria-dsb6a7f.com.br\/index.php\/boa-nova-1\/7-a-luta-contra-o-mal\/","title":{"rendered":"07 &#8211; A Luta Contra o Mal"},"content":{"rendered":"<p>A LUTA CONTRA O MAL<\/p>\n<p>(Da obra Boa Nova de Humberto de Campos, psicografada por Chico Xavier)<\/p>\n<p>De todas as ocorr\u00eancias da tarefa apost\u00f3lica, os encontros do Mestre com os endemoninhados constitu\u00edam os fatos que mais impressionavam os disc\u00edpulos.<\/p>\n<p>A palavra \u201cdiabo\u201d era ent\u00e3o compreendida na sua justa acep\u00e7\u00e3o. Segundo o sentido exato da express\u00e3o, era ele o advers\u00e1rio do bem, simbolizando o termo, dessa forma, todos os maus sentimentos que dificultavam o acesso das almas \u00e0 aceita\u00e7\u00e3o da Boa Nova e todos os homens de vida perversa, que contrariavam os prop\u00f3sitos da exist\u00eancia pura, que deveriam caracterizar as atividades dos adeptos do Evangelho.<\/p>\n<p>Dentre os companheiros do Messias, Tadeu era o que mais se deixava impressionar por aquelas cenas dolorosas. Agu\u00e7avam-lhe, sobremaneira, a curiosidade de homem os gritos desesperados dos esp\u00edritos malfazejos, que se afastavam de suas v\u00edtimas sob a amorosa determina\u00e7\u00e3o do Mestre Divino. Quando os pobres obsidiados deixavam escapar um suspiro de al\u00edvio, Tadeu volvia os olhos para Jesus, maravilhado de seus feitos.<\/p>\n<p>Certo dia em que o Senhor se retirara, com Tiago e Jo\u00e3o, para os lados de Cesar\u00e9ia de Filipe, uma pobre demente lhe foi trazida, a fim de que ele, Tadeu, anulasse a atua\u00e7\u00e3o dos Esp\u00edritos perturbadores que a subjugavam. Entretanto, apesar de todos os esfor\u00e7os de sua boa-vontade, Tadeu n\u00e3o conseguiu modificar a situa\u00e7\u00e3o. Somente no dia imediato, ao anoitecer, na presen\u00e7a confortadora do Messias, foi poss\u00edvel \u00e0 infeliz dementada recuperar o senso de si mesma.<\/p>\n<p>Observando o fato, Tadeu caiu em s\u00e9rio e profundo cismar. Por que raz\u00e3o o Mestre n\u00e3o lhes transmitia, automaticamente, o poder de expulsar os dem\u00f4nios malfazejos, para que pudessem dominar os advers\u00e1rios da causa divina? Se era t\u00e3o f\u00e1cil a Jesus a cura integral dos endemoninhados, por que motivo n\u00e3o provocava ele de vez a aproxima\u00e7\u00e3o geral de todos os inimigos da luz, a fim de que, pela sua autoridade, fossem definitivamente convertidos ao reino de Deus? Com o c\u00e9rebro torturado por graves cogita\u00e7\u00f5es e sonhando possibilidades maravilhosas para que cessassem todos os combates entre os ensinamentos do Evangelho e os seus inimigos, o disc\u00edpulo inquieto procurou avistar-se particularmente com o Senhor, de modo a expor-lhe com humildade suas ideias \u00edntimas.<\/p>\n<p>Numa noite tranquila, depois de lhe escutar as pondera\u00e7\u00f5es, perguntou-lhe Jesus, em tom austero:<\/p>\n<p>&#8211; Tadeu, qual o principal objetivo das atividades de tua vida?<\/p>\n<p>Como se recebesse uma centelha de inspira\u00e7\u00e3o superior, respondeu o disc\u00edpulo com sinceridade:<\/p>\n<p>&#8211; Mestre, estou procurando realizar o reino de Deus no cora\u00e7\u00e3o.<\/p>\n<p>&#8211; Se procuras semelhante realidade, por que a reclamas no advers\u00e1rio em primeiro lugar? Seria justo esqueceres as tuas pr\u00f3prias necessidades nesse sentido?\u00a0 Se buscamos atingir o infinito da sabedoria e do amor em Nosso Pai, indispens\u00e1vel se faz reconhe\u00e7amos que todos somos irm\u00e3os no mesmo caminho! &#8230;<\/p>\n<p>&#8211; Senhor, os esp\u00edritos do mal s\u00e3o tamb\u00e9m nossos irm\u00e3os? inquiriu, admirado, o ap\u00f3stolo.<\/p>\n<p>&#8211; Toda a cria\u00e7\u00e3o \u00e9 de Deus. Os que vestem a t\u00fanica do mal envergar\u00e3o um dia a da reden\u00e7\u00e3o pelo bem. Acaso, poderias duvidar disso? O disc\u00edpulo do Evangelho n\u00e3o combate propriamente o seu irm\u00e3o, como Deus nunca entra em luta com seus filhos; aquele apenas combate toda manifesta\u00e7\u00e3o de ignor\u00e2ncia, como o Pai que trabalha incessantemente pela vit\u00f3ria do seu amor, junto da humanidade inteira.<\/p>\n<p>&#8211; Mas, n\u00e3o seria justo ajuntou o disc\u00edpulo, com certa convic\u00e7\u00e3o convocarmos todos os g\u00eanios malfazejos para que se convertessem \u00e0 verdade dos c\u00e9us?<\/p>\n<p>O Mestre, sem se surpreender com essa observa\u00e7\u00e3o, disse:<\/p>\n<p>&#8211; Por que motivo n\u00e3o procede Deus assim? &#8230; Porventura, ter\u00edamos n\u00f3s uma subst\u00e2ncia de amor mais sublime e mais forte que a do seu cora\u00e7\u00e3o paternal? Tadeu, jamais olvidemos o bom combate. Se algu\u00e9m te convoca ao labor ingrato da m\u00e1 semente, n\u00e3o desdenhes a boa luta pela vit\u00f3ria do bem, encarando qualquer posi\u00e7\u00e3o dif\u00edcil como ensejo sagrado para revelares a tua fidelidade a Deus. Abra\u00e7a sempre o teu irm\u00e3o. Se o advers\u00e1rio do reino te provoca ao esclarecimento de toda a verdade, n\u00e3o desprezes a hora de trabalhar pela vit\u00f3ria da luz; mas segue o teu caminho no mundo atento aos teus pr\u00f3prios deveres, pois n\u00e3o nos consta que Deus abandonasse as suas atividades divinas para impor a renova\u00e7\u00e3o moral dos filhos ingratos, que se rebelaram na sua casa. Se o mundo parece povoar-se de sombras, \u00e9 preciso reconhecer que as leis de Deus s\u00e3o sempre as mesmas, em todas as latitudes da vida.<\/p>\n<p>\u00c9 indispens\u00e1vel meditar na li\u00e7\u00e3o de Nosso Pai e n\u00e3o estacionar a meio do caminho que percorremos. Os inimigos do reino se empenham em batalhas sangrentas? N\u00e3o olvides o teu pr\u00f3prio trabalho. Padecem no inferno das ambi\u00e7\u00f5es desmedidas? Caminha para Deus. Lan\u00e7am a persegui\u00e7\u00e3o contra a verdade? Tens contigo a verdade divina que o mundo n\u00e3o te poder\u00e1 roubar, nunca. Os grandes patrim\u00f4nios da vida n\u00e3o pertencem \u00e0s for\u00e7as da Terra, mas \u00e0s do C\u00e9u. O homem, que dominasse o mundo inteiro com a sua for\u00e7a, teria de quebrar a sua espada sangrenta, ante os direitos inflex\u00edveis da morte. E, al\u00e9m desta vida, ningu\u00e9m te perguntar\u00e1 pelas obriga\u00e7\u00f5es que tocam a Deus, mas, unicamente, pelo mundo interior que te pertence a ti mesmo, sob as vistas amor\u00e1veis de Nosso Pai.<\/p>\n<p>Que dir\u00edamos de um rei justo e s\u00e1bio que perguntasse a um s\u00f3 de seus s\u00faditos pela justi\u00e7a e pela sabedoria do reino inteiro? Entretanto, \u00e9 natural que o s\u00fadito seja inquirido acerca dos trabalhos que lhe foram confiados, no plano geral, sendo tamb\u00e9m justo se lhe pergunte pelo que foi feito de seus pais, de sua companheira, de seus filhos e irm\u00e3os. Andas assim t\u00e3o esquecido desses problemas f\u00e1ceis e singelos? Aceita a luta, sempre que fores julgado digno dela e n\u00e3o te esque\u00e7as, em todas as circunst\u00e2ncias, de que construir \u00e9 sempre melhor.<\/p>\n<p>Tadeu contemplou o Mestre, tomado de profunda admira\u00e7\u00e3o. Seus esclarecimentos lhe ca\u00edam no esp\u00edrito como gotas imensas de uma nova luz.<\/p>\n<p>&#8211; Senhor disse ele \u2014, vossos racioc\u00ednios me iluminam o cora\u00e7\u00e3o; mas, terei errado externando meus sentimentos de piedade pelos esp\u00edritos malfazejos? N\u00e3o devemos, ent\u00e3o, convoc\u00e1-los ao bom caminho?<\/p>\n<p>&#8211; Toda inten\u00e7\u00e3o excelente redarguiu Jesus ser\u00e1 levada em justa conta no c\u00e9u, mas precisamos compreender que n\u00e3o se deve tentar a Deus. Tenho aceitado a luta como o Pai me envia e tenho esclarecido que a cada dia basta o seu trabalho. Nunca reuni o col\u00e9gio dos meus companheiros para provocar as manifesta\u00e7\u00f5es dos que se comprazem na treva; reuni-os, em todas as circunst\u00e2ncias e oportunidades, suplicando para o nosso esfor\u00e7o a inspira\u00e7\u00e3o sagrada do Todo-Poderoso. O advers\u00e1rio \u00e9 sempre um necessitado que comparece ao banquete das nossas alegrias e, por isso, embora n\u00e3o o tenha convocado, convidando somente os aflitos, os simples e os de boa-vontade, nunca lhe fechei as portas do cora\u00e7\u00e3o, encarando a sua vinda como uma oportunidade de trabalho, de que Deus nos julga dignos.<\/p>\n<p>O ap\u00f3stolo humilde sorriu, saciado em sua fome de conhecimento, por\u00e9m acrescentou, preocupado com a impossibilidade em que se via de atender eficazmente \u00e0 v\u00edtima que o procurara:<\/p>\n<p>&#8211; Senhor, vossas palavras s\u00e3o sempre s\u00e1bias; entretanto, de que necessitarei para afastar as entidades da sombra, quando o seu imp\u00e9rio se estabele\u00e7a nas almas?!&#8230;<\/p>\n<p>&#8211; Voltamos, assim, ao in\u00edcio das nossas explica\u00e7\u00f5es\u00a0\u00a0 retrucou Jesus \u2014, pois, para isso, necessitas da edifica\u00e7\u00e3o do reino no \u00e2mago do teu esp\u00edrito, sendo este o objetivo de tua vida. S\u00f3 a luz do amor divino \u00e9 bastante forte para converter uma alma \u00e0 verdade. J\u00e1 viste algum contendor da Terra convencer-se sinceramente t\u00e3o-s\u00f3 pela for\u00e7a das palavras do mundo? As disserta\u00e7\u00f5es filos\u00f3ficas n\u00e3o constituem toda a realiza\u00e7\u00e3o. Elas podem ser um recurso f\u00e1cil da indiferen\u00e7a ou uma t\u00fanica brilhante, acobertando penosas necessidades. O reino de Deus, por\u00e9m, \u00e9 a edifica\u00e7\u00e3o divina da luz. E a luz ilumina, dispensando os longos discursos. Capacita-te de que ningu\u00e9m pode dar a outrem aquilo que ainda n\u00e3o possua no cora\u00e7\u00e3o. Vai! Trabalha sem cessar pela tua grande vit\u00f3ria. Zela por ti e ama a teu pr\u00f3ximo, sem olvidares que Deus cuida de todos.<\/p>\n<p>Tadeu guardou os esclarecimentos de Jesus, para retirar de sua subst\u00e2ncia o mais elevado proveito no futuro.<\/p>\n<p>No dia seguinte, desejando destacar, perante a comunidade dos seus seguidores, a necessidade de cada qual se atirar ao esfor\u00e7o silencioso pela sua pr\u00f3pria edifica\u00e7\u00e3o evang\u00e9lica, o Mestre esclareceu aos seus ap\u00f3stolos singelos, como se encontra dentro da narrativa de Lucas: \u201cQuando o esp\u00edrito imundo sai do homem, anda por lugares \u00e1ridos, procurando, e n\u00e3o o achando diz:\u00a0\u00a0 Voltarei para a casa donde sa\u00ed; e, ao chegar, acha-a varrida e adornada. Depois, vai e leva mais sete Esp\u00edritos piores do que ele, que ali entram e habitam; e o \u00faltimo estado daquele homem fica sendo pior do que o primeiro.\u201d<\/p>\n<p>Ent\u00e3o, todos os ouvintes das prega\u00e7\u00f5es do lago compreenderam que n\u00e3o bastava ensinar o caminho da verdade e do bem aos Esp\u00edritos perturbados e malfazejos; que indispens\u00e1vel era edificasse cada um a fortaleza luminosa e sagrada do reino de Deus, dentro de si mesmo.<\/p>\n","protected":false},"excerpt":{"rendered":"<p>A LUTA CONTRA O MAL (Da obra Boa Nova de Humberto de Campos, psicografada por Chico Xavier) De todas as ocorr\u00eancias da tarefa apost\u00f3lica, os encontros do Mestre com os endemoninhados constitu\u00edam os fatos que mais impressionavam os disc\u00edpulos. A &hellip; <a href=\"https:\/\/xn--regeneraoplanetria-dsb6a7f.com.br\/index.php\/boa-nova-1\/7-a-luta-contra-o-mal\/\">Continue lendo <span class=\"meta-nav\">&rarr;<\/span><\/a><\/p>\n","protected":false},"author":1,"featured_media":0,"parent":548,"menu_order":0,"comment_status":"open","ping_status":"open","template":"","meta":{"footnotes":""},"class_list":["post-618","page","type-page","status-publish","hentry"],"_links":{"self":[{"href":"https:\/\/xn--regeneraoplanetria-dsb6a7f.com.br\/index.php\/wp-json\/wp\/v2\/pages\/618","targetHints":{"allow":["GET"]}}],"collection":[{"href":"https:\/\/xn--regeneraoplanetria-dsb6a7f.com.br\/index.php\/wp-json\/wp\/v2\/pages"}],"about":[{"href":"https:\/\/xn--regeneraoplanetria-dsb6a7f.com.br\/index.php\/wp-json\/wp\/v2\/types\/page"}],"author":[{"embeddable":true,"href":"https:\/\/xn--regeneraoplanetria-dsb6a7f.com.br\/index.php\/wp-json\/wp\/v2\/users\/1"}],"replies":[{"embeddable":true,"href":"https:\/\/xn--regeneraoplanetria-dsb6a7f.com.br\/index.php\/wp-json\/wp\/v2\/comments?post=618"}],"version-history":[{"count":0,"href":"https:\/\/xn--regeneraoplanetria-dsb6a7f.com.br\/index.php\/wp-json\/wp\/v2\/pages\/618\/revisions"}],"up":[{"embeddable":true,"href":"https:\/\/xn--regeneraoplanetria-dsb6a7f.com.br\/index.php\/wp-json\/wp\/v2\/pages\/548"}],"wp:attachment":[{"href":"https:\/\/xn--regeneraoplanetria-dsb6a7f.com.br\/index.php\/wp-json\/wp\/v2\/media?parent=618"}],"curies":[{"name":"wp","href":"https:\/\/api.w.org\/{rel}","templated":true}]}}