{"id":634,"date":"2013-04-16T11:21:08","date_gmt":"2013-04-16T14:21:08","guid":{"rendered":"http:\/\/xn--regeneraoplanetria-dsb6a7f.com.br\/?page_id=634"},"modified":"2013-04-16T11:21:08","modified_gmt":"2013-04-16T14:21:08","slug":"2-fisica","status":"publish","type":"page","link":"https:\/\/xn--regeneraoplanetria-dsb6a7f.com.br\/index.php\/emmanuel\/2-fisica\/","title":{"rendered":"2. F\u00edsica"},"content":{"rendered":"<p>F\u00cdSICA<\/p>\n<p>Emmanuel<\/p>\n<p>15 \u2013Existem Esp\u00edritos especialmente encarregados da execu\u00e7\u00e3o das leis f\u00edsicas no planeta terrestre?<\/p>\n<p>-Essa verdade \u00e9 incontest\u00e1vel, e o homem poder\u00e1 examinar e estudar constantemente, auferindo o melhor proveito na sua rotina de esfor\u00e7os perseverantes; por\u00e9m, todas as defini\u00e7\u00f5es do materialismo ser\u00e3o in\u00fateis em face da realidade irrefut\u00e1vel dos fatores transcendentais, em todos os grandes fen\u00f4menos f\u00edsicos da Natureza.<\/p>\n<p>16 \u2013As novas revela\u00e7\u00f5es cient\u00edficas positivadas pelos professores Thomson, Rutherford, Ramsay e Soddy, entre outros, no campo da F\u00edsica, sobre os \u00e1tomos e os el\u00e9trons, s\u00e3o poss\u00edveis de fornecer o exato conhecimento de todas as etapas da evolu\u00e7\u00e3o an\u00edmica?<\/p>\n<p>-A ci\u00eancia, propriamente humana, poder\u00e1 estabelecer bases convencionais, mas n\u00e3o a sabe leg\u00edtima, em sua origem divina, porquanto os \u00e1tomos e os el\u00e9trons s\u00e3o fases de caracteriza\u00e7\u00e3o da mat\u00e9ria, sem constitu\u00edrem o princ\u00edpio nessa escala sem-fim, que se verifica, igualmente, para o plano dos infinitamente pequenos.<\/p>\n<p>17 \u2013Como s\u00e3o considerados, no plano espiritual os conhecimentos atuais da F\u00edsica na Terra?<\/p>\n<p>-As no\u00e7\u00f5es modernas da F\u00edsica aproximam-se, cada vez mais, do conhecimento das leis universais, em cujo \u00e1pice repousa a diretriz divina que governa todos os mundos.<\/p>\n<p>Os sistemas antigos envelheceram. As concep\u00e7\u00f5es de ontem deram lugar a novas dedu\u00e7\u00f5es. Estudos recentes da mat\u00e9ria vos fazem conhecer que os seus elementos se dissociam pela an\u00e1lise, que o \u00e1tomo n\u00e3o \u00e9 indivis\u00edvel, que toda express\u00e3o material pode ser convertida em for\u00e7a e que toda energia volta ao reservat\u00f3rio do \u00e9ter universal. Com o tempo, as f\u00f3rmulas acad\u00eamicas se renovar\u00e3o em outros conceitos da realidade transcendente, e os f\u00edsicos da Terra n\u00e3o poder\u00e3o dispensar Deus nas suas ila\u00e7\u00f5es, reintegrando a Natureza na sua posi\u00e7\u00e3o de campo passivo, onde a intelig\u00eancia divina se manifesta.<\/p>\n<p>18 \u2013Onde o ponto imediato de observa\u00e7\u00e3o para que a F\u00edsica reconhe\u00e7a a exist\u00eancia de Deus?<\/p>\n<p>-Desde o ponto inicial de suas observa\u00e7\u00f5es, a F\u00edsica \u00e9 obrigada a reconhecer a exist\u00eancia de Deus em seus divinos atributos. Para demonstrar o sistema do mundo, o cientista n\u00e3o recorreu ao chamado \u201ceixo imagin\u00e1rio\u201d? ila\u00e7\u00f5es mais altas, no dom\u00ednio do transcendente.<\/p>\n<p>A mec\u00e2nica celeste prova a irrefutabilidade da teoria do movimento. O planeta move-se na imensidade. A mat\u00e9ria vibra nas suas mais diversificadas express\u00f5es.<\/p>\n<p>Quem gerou o movimento? Quem forneceu o primeiro impulso vibrat\u00f3rio no organismo universal?<\/p>\n<p>A Ci\u00eancia esclarece que a energia faz o movimento mas a for\u00e7a \u00e9 cega e a mat\u00e9ria n\u00e3o tem caracter\u00edsticas de espontaneidade.<\/p>\n<p>S\u00f3 na intelig\u00eancia divina encontramos a origem de toda coordena\u00e7\u00e3o e de toda coordena\u00e7\u00e3o e de todo equil\u00edbrio, raz\u00e3o pela qual, nas suas quest\u00f5es mais \u00edntimas, a F\u00edsica da Terra n\u00e3o poder\u00e1 prescindir da l\u00f3gica com Deus.<\/p>\n<p>19 \u2013As no\u00e7\u00f5es de f\u00edsica conhecidas pelos homens s\u00e3o defini\u00e7\u00f5es reais ou definitivas?<\/p>\n<p>-Os homens possuem da mat\u00e9ria a conceitua\u00e7\u00e3o poss\u00edvel de ser fornecida pela sua mente, compreendo-se que o aspecto real do mundo n\u00e3o \u00e9 aquele que os olhos mortais podem abranger, porquanto as percep\u00e7\u00f5es humanas est\u00e3o condicionadas ao plano sensorial, sem que o homem consiga ultrapassar o dom\u00ednio de determinadas vibra\u00e7\u00f5es.<\/p>\n<p>Mergulhadas nas vibra\u00e7\u00f5es pesadas dos c\u00edrculos da carne, as criaturas t\u00eam not\u00edcias muito imperfeitas do Universo, em raz\u00e3o da exig\u00fcidade dos seus pobres cinco sentidos.<\/p>\n<p>\u00c9 por isso que o homem ter\u00e1 sempre um limite nas suas observa\u00e7\u00f5es da mat\u00e9ria, for\u00e7a e movimento, n\u00e3o s\u00f3 pela defici\u00eancia de percep\u00e7\u00e3o sensorial, como tamb\u00e9m pela estrutura do olho, onde a sabedoria divina delimitou as possibilidades humanas de an\u00e1lise, de modo a valorizar os esfor\u00e7os e iniciativas da criatura.<\/p>\n<p>20 \u2013Como poderemos compreender o \u00e9ter?<\/p>\n<p>-Nos c\u00edrculos cient\u00edficos do planeta muito se tem falado do \u00e9ter, sem que possa algu\u00e9m fornecer uma imagem perfeita da sua realidade, nas conven\u00e7\u00f5es conhecidas.<\/p>\n<p>E, de fato, o homem n\u00e3o pode imagina-lo, dentro das percep\u00e7\u00f5es acanhadas da sua metade. Por nossa vez, n\u00e3o poderemos proporcionar a vos outros uma no\u00e7\u00e3o mais avan\u00e7ada, em vista da aus\u00eancia de termos de analogia.<\/p>\n<p>Se, como desencarnados, come\u00e7amos a examina-lo na sua ess\u00eancia profunda, para os homens da Terra o \u00e9ter \u00e9 quase uma abstra\u00e7\u00e3o. De qualquer modo, por\u00e9m, busquemos entende-lo como flu\u00eddo sagrado da vida, que se encontra em todo o cosmo; flu\u00eddo essencial do Universo, que, em todas as dire\u00e7\u00f5es, \u00e9 o ve\u00edculo do pensamento divino.<\/p>\n<p>21 \u2013Pode a F\u00edsica oferecer-nos elementos para apreciar o plano divino da evolu\u00e7\u00e3o?<\/p>\n<p>-Tamb\u00e9m a\u00ed podereis observar a profunda beleza das leis universais. Ao sopro inteligente da vontade divina, condensa-se a mat\u00e9ria c\u00f3smica no organismo do Universo. Surgem as grandes massas das nebulosas e, em seguida, a fam\u00edlia dos mundos, regendo-se em seus movimentos pelas leis do equil\u00edbrio, dentro da atra\u00e7\u00e3o, no corpo infinito do cosmo.<\/p>\n<p>O ciclo da evolu\u00e7\u00e3o apresenta a\u00ed um dos seus aspectos mais belos. Sob a diretriz divina, a mat\u00e9ria produz a for\u00e7a, a for\u00e7a gera o movimento, o movimento faz surgir o equil\u00edbrio da atra\u00e7\u00e3o e a atra\u00e7\u00e3o se transforma em amor, identificando-se todos os planos da vida na mesma lei de unidade estabelecida no Universo pela sabedoria divina.<\/p>\n<p>22 \u2013A subst\u00e2ncia \u00e9 igual em todos os mundos? como compreender a revela\u00e7\u00e3o dos espectrosc\u00f3pios?<\/p>\n<p>-Reconhecido o axioma de que o Universo obedece a uma lei de unidade, somos obrigados a reconhecer que o que se encontra no todo existe igualmente nas partes.<\/p>\n<p>Contudo, o espectrosc\u00f3pio n\u00e3o vos poder\u00e1 revelar todas as subst\u00e2ncias que se encontram nos outros mundos, e n\u00e3o podemos esquecer que a Terra \u00e9 um apartamento muito singelo dentro do edif\u00edcio universal, sem que possamos conhecer, pelos seus detalhes, a grandeza infinita da obra do Criador.<\/p>\n<p>23 \u2013Existe uma lei de equil\u00edbrio e uma lei de flu\u00eddos?<\/p>\n<p>-As grandes leis gerais do equil\u00edbrio t\u00eam as suas sede sagrada em Deus, fonte perene de toda vida; E, em se falando da lei de flu\u00eddos, cada orbe a possui de conformidade com a sua organiza\u00e7\u00e3o planet\u00e1ria.<\/p>\n<p>Com rela\u00e7\u00e3o ao plano terrestre, somente Jesus e os seus mensageiros mais elevados conhecem os seus processos, com a devida plenitude, constituindo essa lei um campo divino de estudos, n\u00e3o s\u00f3 para a mentalidade humana, como tamb\u00e9m para os seres desencarnados que j\u00e1 se redimiram do labores mais grosseiros junto dos c\u00edrculos da carne, a fim de evolutirem nas esferas mais pr\u00f3ximos do cen\u00e1rio terrestre.<\/p>\n<p>24 \u2013As leis da gravita\u00e7\u00e3o s\u00e3o an\u00e1logas em todos os planetas?<\/p>\n<p>-As leis da gravita\u00e7\u00e3o n\u00e3o podem ser as mesmas para todos os planetas, mesmo porque, em face da vossa evolu\u00e7\u00e3o cient\u00edfica, j\u00e1 compreendeis que os princ\u00edpios newtonianos foram substitu\u00eddos, de algum modo, pelos conceitos de relatividade, conceitos esses que, por sua vez, seguir\u00e3o, o curso progressivo do conhecimento.<\/p>\n<p>25 \u2013O teledinamismo \u00e9 aplicado nas rela\u00e7\u00f5es entre os planos vis\u00edveis e invis\u00edveis?<\/p>\n<p>-Sendo o teledinamismo a a\u00e7\u00e3o de for\u00e7as que atuam, \u00e0 dist\u00e2ncia, cumpre-nos esclarecer que, no fen\u00f4meno das comunica\u00e7\u00f5es, muitas vezes entram em jogo as a\u00e7\u00f5es teledin\u00e2micas, imprescind\u00edveis a certas express\u00f5es de mediunismo.<\/p>\n<p>26 \u2013Ante os princ\u00edpios da F\u00edsica, como poderemos compreender o magnetismo e quais as sas caracter\u00edsticas no interc\u00e2mbio entre encarnados e desencarnados?<\/p>\n<p>-O magnetismo \u00e9 um fen\u00f4meno da vida, por constituir manifesta\u00e7\u00e3o natural em todos os seres.<\/p>\n<p>Se a ci\u00eancia do mundo j\u00e1 atingiu o campo de equa\u00e7\u00f5es not\u00e1veis nas experi\u00eancias relativas ao assunto, provando a generalidade e a delicadeza dos fen\u00f4menos magn\u00e9ticos, deveis compreender que as exterioriza\u00e7\u00f5es dessa natureza, nas rela\u00e7\u00f5es entre os dois mundos, s\u00e3o sempre mais elevadas e sutis, em virtude de serem, a\u00ed, uma express\u00e3o de vida superior.<\/p>\n<p>Da Obra \u201cO CONSOLADOR\u201d \u2013 Esp\u00edrito: EMMANUEL \u2013 M\u00e9dium: FRANCISCO C\u00c2NDIDO XAVIER<\/p>\n","protected":false},"excerpt":{"rendered":"<p>F\u00cdSICA Emmanuel 15 \u2013Existem Esp\u00edritos especialmente encarregados da execu\u00e7\u00e3o das leis f\u00edsicas no planeta terrestre? -Essa verdade \u00e9 incontest\u00e1vel, e o homem poder\u00e1 examinar e estudar constantemente, auferindo o melhor proveito na sua rotina de esfor\u00e7os perseverantes; por\u00e9m, todas as &hellip; <a href=\"https:\/\/xn--regeneraoplanetria-dsb6a7f.com.br\/index.php\/emmanuel\/2-fisica\/\">Continue lendo <span class=\"meta-nav\">&rarr;<\/span><\/a><\/p>\n","protected":false},"author":1,"featured_media":0,"parent":371,"menu_order":0,"comment_status":"open","ping_status":"open","template":"","meta":{"footnotes":""},"class_list":["post-634","page","type-page","status-publish","hentry"],"_links":{"self":[{"href":"https:\/\/xn--regeneraoplanetria-dsb6a7f.com.br\/index.php\/wp-json\/wp\/v2\/pages\/634","targetHints":{"allow":["GET"]}}],"collection":[{"href":"https:\/\/xn--regeneraoplanetria-dsb6a7f.com.br\/index.php\/wp-json\/wp\/v2\/pages"}],"about":[{"href":"https:\/\/xn--regeneraoplanetria-dsb6a7f.com.br\/index.php\/wp-json\/wp\/v2\/types\/page"}],"author":[{"embeddable":true,"href":"https:\/\/xn--regeneraoplanetria-dsb6a7f.com.br\/index.php\/wp-json\/wp\/v2\/users\/1"}],"replies":[{"embeddable":true,"href":"https:\/\/xn--regeneraoplanetria-dsb6a7f.com.br\/index.php\/wp-json\/wp\/v2\/comments?post=634"}],"version-history":[{"count":0,"href":"https:\/\/xn--regeneraoplanetria-dsb6a7f.com.br\/index.php\/wp-json\/wp\/v2\/pages\/634\/revisions"}],"up":[{"embeddable":true,"href":"https:\/\/xn--regeneraoplanetria-dsb6a7f.com.br\/index.php\/wp-json\/wp\/v2\/pages\/371"}],"wp:attachment":[{"href":"https:\/\/xn--regeneraoplanetria-dsb6a7f.com.br\/index.php\/wp-json\/wp\/v2\/media?parent=634"}],"curies":[{"name":"wp","href":"https:\/\/api.w.org\/{rel}","templated":true}]}}