{"id":636,"date":"2013-04-16T11:22:42","date_gmt":"2013-04-16T14:22:42","guid":{"rendered":"http:\/\/xn--regeneraoplanetria-dsb6a7f.com.br\/?page_id=636"},"modified":"2013-04-16T11:22:42","modified_gmt":"2013-04-16T14:22:42","slug":"3-biologia","status":"publish","type":"page","link":"https:\/\/xn--regeneraoplanetria-dsb6a7f.com.br\/index.php\/emmanuel\/3-biologia\/","title":{"rendered":"3. Biologia"},"content":{"rendered":"<p>BIOLOGIA<\/p>\n<p>Emmanuel<\/p>\n<p>27 \u2013Como devemos compreender a Natureza?<\/p>\n<p>-A Natureza \u00e9 sempre o livro divino, onde as m\u00e3os de Deus escrevem a hist\u00f3ria de sua sabedoria, livro da vida que constitui a escola de progresso espiritual do homem, evolvendo constantemente com o esfor\u00e7o e a dedica\u00e7\u00e3o de seus disc\u00edpulos.<\/p>\n<p>28 \u2013As manifesta\u00e7\u00f5es de vida nos v\u00e1rios reinos da Natureza, abrangendo o homem, significam a express\u00e3o do Verbo Divino, em escala gradativa nos processos de aperfei\u00e7oamento da Terra?<\/p>\n<p>-Sim, em todos os reinos da Natureza palpita a vibra\u00e7\u00e3o de Deus, como o Verbo Divino da Cria\u00e7\u00e3o Infinita, e, no quadro sem-fim do trabalho da experi\u00eancia, todos os princ\u00edpios, como todos os indiv\u00edduos, catalogam os seus valores e aquisi\u00e7\u00f5es sagradas para a vida imortal.<\/p>\n<p>29 \u2013Os Esp\u00edritos cooperam no desenvolvimento do embri\u00e3o do corpo em que se v\u00e3o reencarnar? E, em caso afirmativo, chegam a operar nos complexos celulares da heran\u00e7a f\u00edsica, para que os corpos futuros sejam dotados de certos elementos aptos a satisfazerem as circunst\u00e2ncias da prova ou miss\u00e3o que hajam de cumprir?<\/p>\n<p>-No caso dos esp\u00edritos envolvidos, senhores de realiza\u00e7\u00f5es pr\u00f3prias, inalien\u00e1veis, essa coopera\u00e7\u00e3o quase sempre se verifica, junto ao esfor\u00e7o dos prepostos de Jesus, que operam nesse sentido, com vistas ao porvir de suas lutas no ambiente material. Temos de considerar, todavia, que os esp\u00edritos rebeldes, ou indiferentes, desprovidos dos valores pr\u00f3prios indispens\u00e1veis, t\u00eam de aceitar a delibera\u00e7\u00e3o dos prepostos referidos, os quais escolhem as subst\u00e2ncias que merecem ou que lhes s\u00e3o imprescind\u00edveis no processo de resgate ou de evolu\u00e7\u00e3o.<\/p>\n<p>30 \u2013H\u00e1 \u00f3rg\u00e3os no corpo espiritual?<\/p>\n<p>-Dentro das leis substanciais que regem a vida terrestre, extensiva \u00e0s esferas espirituais mais pr\u00f3ximas do planeta, j\u00e1 o corpo f\u00edsico; executadas certas altera\u00e7\u00f5es impostas pela prova ou tarefa a realizar, \u00e9 uma exterioriza\u00e7\u00e3o aproximada do corpo perispiritual, exterioriza\u00e7\u00e3o essa que se subordina aos imperativos da mat\u00e9ria mais grosseira, no mecanismo de heran\u00e7as celulares, as quais, por sua vez, se enquadram nas indispens\u00e1veis prova\u00e7\u00f5es ou testemunhos de cada indiv\u00edduo.<\/p>\n<p>31 \u2013A reencarna\u00e7\u00e3o inicia-se com as primeiras manifesta\u00e7\u00f5es de vida do embri\u00e3o humano?<\/p>\n<p>-Desde o instante primeiro de tais manifesta\u00e7\u00f5es, a entidade espiritual experimenta os efeitos de sua nova condi\u00e7\u00e3o. Imposta reconhecer, todavia, que<\/p>\n<p>o esp\u00edrito mais l\u00facido, em contraposi\u00e7\u00e3o com os mais obscurecidos e ignorantes, goza de quase inteira liberdade, at\u00e9 a consolida\u00e7\u00e3o total dos la\u00e7os materiais com o novo nascimento na esfera do mundo.<\/p>\n<p>32 \u2013Quando o embri\u00e3o est\u00e1 sendo formado, existe uma interpenetra\u00e7\u00e3o de flu\u00eddos entre a gestante e a entidade ent\u00e3o ligada ao feto? Existem conseq\u00fc\u00eancias verific\u00e1veis?<\/p>\n<p>-Essa interpenetra\u00e7\u00e3o de flu\u00eddos \u00e9 natural e justa, ocasionando, n\u00e3o raras vezes, fen\u00f4menos sutil\u00edssimos, como os chamados \u201csinais de nascen\u00e7a\u201d que somente mais tarde, poder\u00e3o ser entendidos pela ci\u00eancia do mundo, enriquecendo o quadro de valores da Biologia, no estudo profundo das origens.<\/p>\n<p>33 \u2013O Esp\u00edrito, em cada uma de suas encarna\u00e7\u00f5es, faz recapitula\u00e7\u00e3o das suas etapas evolutivas, assim como se verifica com o embri\u00e3o material que recorda, antes do nascimento, toda a evolu\u00e7\u00e3o da sua esp\u00e9cie?<\/p>\n<p>-Essa recapitula\u00e7\u00e3o se verifica, na maioria dos casos, pela oportunidade que oferece \u00e0 alma encarnada de se portar retamente, nas mesmas circunst\u00e2ncias do passado culposo; por\u00e9m, n\u00e3o constitui regra geral, salientando-se que, quanto maiores as aquisi\u00e7\u00f5es de sabedoria e de amor, mais afastado se encontrar\u00e1 o Esp\u00edrito, em aprendizado na Terra, dessa rememora\u00e7\u00e3o das experi\u00eancias materiais, de cuja intimidade dolorosa poder\u00e1 ent\u00e3o prescindir, pela sua express\u00e3o superior de espiritualidade.<\/p>\n<p>34 \u2013A denominada \u00e1rvore geneal\u00f3gica dos seres humanos tem id\u00eantica significa\u00e7\u00e3o no plano espiritual?<\/p>\n<p>-Na esfera espiritual persiste o mesmo esfor\u00e7o na conserva\u00e7\u00e3o e dilata\u00e7\u00e3o dos afetos familiares e, ora nos trabalhos regeneradores da Terra, ora na luz santificante dos planos siderais, transformam-se as paix\u00f5es ou sentimentos ileg\u00edtimos em sagrados liames do esp\u00edrito.<\/p>\n<p>A \u00e1rvore geneal\u00f3gica, por\u00e9m, como se conhece na luta planet\u00e1ria, n\u00e3o se transporta ao plano invis\u00edvel, porque, a\u00ed, os v\u00ednculos de sangue s\u00e3o substitu\u00eddos pelas atra\u00e7\u00f5es dos sentimentos de amor sublime, purificados no patrim\u00f4nio das experi\u00eancias e lutas vividas em comum.<\/p>\n<p>35 \u2013A gen\u00e9tica est\u00e1 submetida a leis puramente materiais?<\/p>\n<p>-As leis da gen\u00e9tica encontram-se presididas por numerosos agentes ps\u00edquicos que a ci\u00eancia da Terra est\u00e1 longe de formular, dentro dos seus postulados materialistas. Esses agentes ps\u00edquicos, muitas vezes, s\u00e3o movimentados pelos mensageiros do plano espiritual; encarregados dessa ou daquela miss\u00e3o junto \u00e0s correntes da profunda fonte da vida. Eis por que, aos geneticistas, comumente se deparam inc\u00f3gnitas inesperadas, que deslocam o centro de suas anteriores ila\u00e7\u00f5es.<\/p>\n<p>36 \u2013Pode a gen\u00e9tica estatuir medidas que melhorem o homem?<\/p>\n<p>-Fisicamente falando, a pr\u00f3pria natureza do orbe vem melhorando o homem, continuadamente, nos seus processos de sele\u00e7\u00e3o natural. Nesse sentido, a gen\u00e9tica s\u00f3 poder\u00e1 agir copiando a pr\u00f3pria natureza material. Se essa ci\u00eancia, contudo, investigar os fatores espirituais, aderindo aos elevados princ\u00edpios que objetivaram a ilumina\u00e7\u00e3o das almas humanas, ent\u00e3o poder\u00e1 criar um vasto servi\u00e7o de melhoramento e regenera\u00e7\u00e3o do homem espiritual no mundo, mesmo porque, de outro modo, poder\u00e1 ser uma not\u00e1vel mentora da eugenia, uma grande escultora das formas celulares, mas estar\u00e1 sempre fria para o esp\u00edrito humano, podendo transformar-se em t\u00edtere abomin\u00e1vel nas m\u00e3os impiedosas dos pol\u00edticos racistas.<\/p>\n<p>37 \u2013As combina\u00e7\u00f5es de \u201cgenes\u201d, aconselhadas pela gen\u00e9tica, podem imprimir no homem certas faculdades ou certas voca\u00e7\u00f5es?<\/p>\n<p>-Alguns cientistas da atualidade proclamam essas possibilidades, esquecendo, por\u00e9m, que a voca\u00e7\u00e3o ou faculdade \u00e9 atributo da individualiza\u00e7\u00e3o espiritual, inacess\u00edvel aos seus processos de observa\u00e7\u00e3o.<\/p>\n<p>Os geneticistas podem realizar numerosas demonstra\u00e7\u00f5es nas c\u00e9lulas materiais; todavia, essas experi\u00eancias n\u00e3o passar\u00e3o dessa zona superficial, em se tratando das conquistas, das prova\u00e7\u00f5es ou da posi\u00e7\u00e3o evolutiva dos Esp\u00edritos encarnados.<\/p>\n<p>38 \u2013Se a gen\u00e9tica est\u00e1 orientada por elementos ps\u00edquicos, como esclarecer as conclus\u00f5es t\u00e3o exatas do mendelismo?<\/p>\n<p>-O mendelismo realizou experi\u00eancias not\u00e1veis, por\u00e9m, ainda encontra fen\u00f4menos inexplic\u00e1veis no processo de suas observa\u00e7\u00f5es positivas. Faz-se mister considerar, igualmente, que, em escala decrescente, nos reinos da Natureza, a gen\u00e9tica apresenta resultados felizes nas suas demonstra\u00e7\u00f5es, pelo material simples e primitivo tomado para as suas observa\u00e7\u00f5es pr\u00e1ticas; tais como os complexos celulares de plantas e de animais, constitu\u00eddos por express\u00f5es rudimentares. Em escala ascendente, contudo, onde a evolu\u00e7\u00e3o ps\u00edquica apresenta as suas caracter\u00edsticas de intensidade e realiza\u00e7\u00e3o, a gen\u00e9tica encontrar\u00e1 sempre os fatores espirituais, convocando-a para um campo mais vasto e mais sublime de opera\u00e7\u00f5es.<\/p>\n<p>39 \u2013Quais as causas do nascimento de monstruosidades entre os homens e entre os animais?<\/p>\n<p>-N\u00e3o podemos olvidar que entre os homens esses fen\u00f4menos dolorosos decorrem do quadro de prova\u00e7\u00f5es purificadoras, sem nos esquecermos, igualmente, de que o mundo terrestre ainda \u00e9 escola preparat\u00f3ria de aperfei\u00e7oamento.<\/p>\n<p>Os produtos teratol\u00f3gicos constituem luta expiat\u00f3ria, n\u00e3o s\u00f3 para os pais sens\u00edveis, como para o Esp\u00edrito encarnado sob penosos resgates do pret\u00e9rito delituoso.<\/p>\n<p>Quanto aos animais, temos de reconhecer a necessidade imperiosa das experi\u00eancias m\u00faltiplas no drama da evolu\u00e7\u00e3o an\u00edmica.<\/p>\n<p>Em tudo, por\u00e9m, busquemos divisar a fei\u00e7\u00e3o educativa dos trabalhos do mundo.<\/p>\n<p>A Terra \u00e9 uma vasta oficina. Dentro dela operam os prepostos do Senhor, que podemos considerar como os orientadores t\u00e9cnicos da obra de aperfei\u00e7oamento e reden\u00e7\u00e3o. Em determinadas se\u00e7\u00f5es de esfor\u00e7o, os homens s\u00e3o maus alunos ou trabalhadores rebelados. Nesses n\u00facleos, os prepostos de Jesus podem edificar o mesmo trabalho de sempre; todavia, encontra a perturba\u00e7\u00e3o e a resist\u00eancia dos pr\u00f3prios beneficiados, raz\u00e3o pela qual a fonte de energias pura n\u00e3o pode ser responsabilizada pelos fen\u00f4menos que a deturpam, operados pela indiferen\u00e7a, pela inten\u00e7\u00e3o criminosa ou pela perversidade das pr\u00f3prias criaturas humanas, objeto constante do carinho desvelado do Senhor, em todos os caminhos dos seus destinos.<\/p>\n<p>40 \u2013A fecundidade e a esterilidade s\u00e3o provas?<\/p>\n<p>-No quadro de interpreta\u00e7\u00f5es da Terra, esses conceitos podem indicar situa\u00e7\u00f5es de prova para as almas que se encontram em experi\u00eancias edificadores; todavia, se considerarmos a quest\u00e3o no seu aspecto espiritual; somos obrigados a reconhecer que a esterilidade n\u00e3o existe para o esp\u00edrito que, na Terra, ou fora dela, pode ser fecundo em obras de beleza, de aperfei\u00e7oamento e de reden\u00e7\u00e3o.<\/p>\n<p>41 \u2013A id\u00e9ia de evolu\u00e7\u00e3o que tem influ\u00eddo na esfera de todas as ci\u00eancias do mundo, desde as teorias darwinianas, representa agora uma nova etapa de aproxima\u00e7\u00e3o entre os conhecimentos cient\u00edficos do homem e as verdades do Espiritismo?<\/p>\n<p>-Todas as teorias evolucionistas no orbe terrestre caminham para a aproxima\u00e7\u00e3o com as verdades do Espiritismo, no abra\u00e7o final com a verdade suprema.<\/p>\n<p>Da Obra \u201cO CONSOLADOR\u201d \u2013 Esp\u00edrito: EMMANUEL \u2013 M\u00e9dium: FRANCISCO C\u00c2NDIDO XAVIER<\/p>\n","protected":false},"excerpt":{"rendered":"<p>BIOLOGIA Emmanuel 27 \u2013Como devemos compreender a Natureza? -A Natureza \u00e9 sempre o livro divino, onde as m\u00e3os de Deus escrevem a hist\u00f3ria de sua sabedoria, livro da vida que constitui a escola de progresso espiritual do homem, evolvendo constantemente &hellip; <a href=\"https:\/\/xn--regeneraoplanetria-dsb6a7f.com.br\/index.php\/emmanuel\/3-biologia\/\">Continue lendo <span class=\"meta-nav\">&rarr;<\/span><\/a><\/p>\n","protected":false},"author":1,"featured_media":0,"parent":371,"menu_order":0,"comment_status":"open","ping_status":"open","template":"","meta":{"footnotes":""},"class_list":["post-636","page","type-page","status-publish","hentry"],"_links":{"self":[{"href":"https:\/\/xn--regeneraoplanetria-dsb6a7f.com.br\/index.php\/wp-json\/wp\/v2\/pages\/636","targetHints":{"allow":["GET"]}}],"collection":[{"href":"https:\/\/xn--regeneraoplanetria-dsb6a7f.com.br\/index.php\/wp-json\/wp\/v2\/pages"}],"about":[{"href":"https:\/\/xn--regeneraoplanetria-dsb6a7f.com.br\/index.php\/wp-json\/wp\/v2\/types\/page"}],"author":[{"embeddable":true,"href":"https:\/\/xn--regeneraoplanetria-dsb6a7f.com.br\/index.php\/wp-json\/wp\/v2\/users\/1"}],"replies":[{"embeddable":true,"href":"https:\/\/xn--regeneraoplanetria-dsb6a7f.com.br\/index.php\/wp-json\/wp\/v2\/comments?post=636"}],"version-history":[{"count":0,"href":"https:\/\/xn--regeneraoplanetria-dsb6a7f.com.br\/index.php\/wp-json\/wp\/v2\/pages\/636\/revisions"}],"up":[{"embeddable":true,"href":"https:\/\/xn--regeneraoplanetria-dsb6a7f.com.br\/index.php\/wp-json\/wp\/v2\/pages\/371"}],"wp:attachment":[{"href":"https:\/\/xn--regeneraoplanetria-dsb6a7f.com.br\/index.php\/wp-json\/wp\/v2\/media?parent=636"}],"curies":[{"name":"wp","href":"https:\/\/api.w.org\/{rel}","templated":true}]}}