{"id":638,"date":"2013-04-16T11:24:19","date_gmt":"2013-04-16T14:24:19","guid":{"rendered":"http:\/\/xn--regeneraoplanetria-dsb6a7f.com.br\/?page_id=638"},"modified":"2013-04-16T11:24:19","modified_gmt":"2013-04-16T14:24:19","slug":"4-psicologia","status":"publish","type":"page","link":"https:\/\/xn--regeneraoplanetria-dsb6a7f.com.br\/index.php\/emmanuel\/4-psicologia\/","title":{"rendered":"4. Psicologia"},"content":{"rendered":"<p>PSICOLOGIA<\/p>\n<p>Emmanuel<\/p>\n<p>42 \u2013Como poderemos compreender, pelo Espiritismo, o preceito da Psicologia que afirma a experi\u00eancia dos nossos cinco sentidos como todo o fundamento de nossa vida mental?<\/p>\n<p>-O Espiritismo esclarece que o homem \u00e9 senhor de um patrim\u00f4nio mais vasto, consolidado nas suas experi\u00eancias de outras vidas, provando que o leg\u00edtimo fundamento da vida mental n\u00e3o reside, de maneira absoluta, na contribui\u00e7\u00e3o dos sentidos corporais, mas tamb\u00e9m nas recorda\u00e7\u00f5es latentes do pret\u00e9rito, das quais os fen\u00f4menos da intelig\u00eancia prematura, na Terra, s\u00e3o os testemunhos mais eloq\u00fcentes.<\/p>\n<p>43 \u2013Estabelecendo a psicologia do mundo como sede da mem\u00f3ria, do julgamento e da imagina\u00e7\u00e3o, as partes do c\u00e9rebro humano, cujas fun\u00e7\u00f5es n\u00e3o s\u00e3o ainda devidamente conhecidas pela Ci\u00eancia, retardam a solu\u00e7\u00e3o de um problema que s\u00f3 pode ser satisfeito pelos conhecimentos espiritistas?<\/p>\n<p>-Distante das cogita\u00e7\u00f5es de ordem divina, a psicologia terrestre efetua essa procrastina\u00e7\u00e3o, at\u00e9 que consiga atingir o profundo estu\u00e1rio da verdade integral.<\/p>\n<p>44 \u2013Poder\u00e1 a Psicologia chegar a uma solu\u00e7\u00e3o cabal do problema das desordens mentais, denominadas anormalidades psicol\u00f3gicas?<\/p>\n<p>-Movimentando t\u00e3o-somente os materiais da ci\u00eancia humana, a Psicologia n\u00e3o atingir\u00e1 esse desiderato, conservando-se no terreno das defini\u00e7\u00f5es e dos estudos, distantes da causa.<\/p>\n<p>Os conhecimentos do mundo, por\u00e9m, caminham para a evolu\u00e7\u00e3o dessa ci\u00eancia \u00e0 luz do Espiritismo, quando, ent\u00e3o, seus investigadores poder\u00e3o alcan\u00e7ar as solu\u00e7\u00f5es precisas.<\/p>\n<p>45 \u2013A psican\u00e1lise freudiana, valorizando os poderes desconhecidos do nosso aparelhamento mental, representa um tra\u00e7o de aproxima\u00e7\u00e3o entre a Psicologia e o Espiritismo?<\/p>\n<p>-Essas escolas do mundo constituem sempre grandes tentativas para aquisi\u00e7\u00e3o das profundas verdades espirituais, mas os seus mestres, com raras exce\u00e7\u00f5es, se perdem na vaidade dos t\u00edtulos acad\u00eamicos ou nas falsas aprecia\u00e7\u00f5es dos valores convencionais.<\/p>\n<p>Os preconceitos cient\u00edficos, por enquanto, impossibilitam a aproxima\u00e7\u00e3o leg\u00edtima da Psicologia oficial e do Espiritismo.<\/p>\n<p>Os processos da primeira falam da parte desconhecida do mundo mental, a que chamam de subconsciente, sem definir essa cripta misteriosa da personalidade humana, examinando-a apenas na classifica\u00e7\u00e3o pomposa das palavras. Entretanto, somente \u00e0 luz do Espiritismo poder\u00e3o os m\u00e9todos psicol\u00f3gicos<\/p>\n<p>aprender que essa zona oculta, da esfera ps\u00edquica de cada um, \u00e9 o reservat\u00f3rio profundo das experi\u00eancias do passado, em exist\u00eancias m\u00faltiplas da criatura, arquivo maravilhoso em todas as conquistas do pret\u00e9rito s\u00e3o depositadas em energias potenciais, de modo a ressurgirem no momento oportuno.<\/p>\n<p>46 \u2013Como poderemos compreender os chamados complexos ou associa\u00e7\u00f5es de id\u00e9ias no fen\u00f4meno mental?<\/p>\n<p>-Sabemos que as associa\u00e7\u00f5es de id\u00e9ias n\u00e3o t\u00eam causa nas c\u00e9lulas nervosas, constituindo antes a\u00e7\u00f5es espont\u00e2neas do esp\u00edrito dentro do vasto mecanismo circunstancial; a\u00e7\u00f5es essas, oriundas do seu esfor\u00e7o incessantes, projetadas atrav\u00e9s do c\u00e9rebro mental, que n\u00e3o \u00e9 mais que um instrumento passivo.<\/p>\n<p>47 \u2013Por que, relativamente ao estudo dos processos mentais, se encontram divididos no campo da opini\u00e3o os psicologistas do mundo?<\/p>\n<p>-Os psicologistas humanos, que se encontram ainda distantes das verdades espirituais, divide-se t\u00e3o-s\u00f3 pelas manifesta\u00e7\u00f5es do personalismo, dentro de suas escolas; mesmo porque, analisando apenas os efeitos,, n\u00e3o investigam as causas, perdendo-se na complica\u00e7\u00e3o das nomenclaturas cient\u00edficas, sem uma defini\u00e7\u00e3o s\u00e9ria e simples do processo mental, onde se sobrelevam as profundas realidades do esp\u00edrito.<\/p>\n<p>48 \u2013O Espiritismo esclarecer\u00e1 a Psicologia quanto ao problema da sede de intelig\u00eancia?<\/p>\n<p>-Somente com a coopera\u00e7\u00e3o do Espiritismo poder\u00e1 a ci\u00eancia psicol\u00f3gica definir a sede da intelig\u00eancia humana, n\u00e3o nos complexos nervosos ou glandulares do corpo perec\u00edvel, mas no esp\u00edrito imortal.<\/p>\n<p>49 \u2013Como devemos conceituar o sonho?<\/p>\n<p>-Na maioria das vezes, o sonho constitui atividade reflexa das situa\u00e7\u00f5es psicol\u00f3gicas do homem no mecanismo das lutas de cada dia; quando as for\u00e7as org\u00e2nicas dormitam em repouso indispens\u00e1vel.<\/p>\n<p>Em determinadas circunst\u00e2ncias, contudo, como nos fen\u00f4menos premonit\u00f3rios, ou nos de sonambulismo, em que a alma encarnada alcan\u00e7a elevada porcentagem de desprendimento parcial, o sonho representa a liberdade relativa do esp\u00edrito prisioneiro da Terra, quando, ent\u00e3o, se poder\u00e1 verificar a comunica\u00e7\u00e3o inter vivos, e, quanto poss\u00edvel, as vis\u00f5es prof\u00e9ticas, fatos esses sempre organizados pelos mentores espirituais de elevada hierarquia, obedecendo a fins superiores, e quando o encarnado em tempor\u00e1ria liberdade pode receber a palavra e a influ\u00eancia diretas de seus amigos e orientadores do plano invis\u00edvel.<\/p>\n<p>50 \u2013A voca\u00e7\u00e3o \u00e9 uma lembran\u00e7a das exist\u00eancias passadas?<\/p>\n<p>-A voca\u00e7\u00e3o \u00e9 o impulso natural oriundo da repeti\u00e7\u00e3o de an\u00e1logas experi\u00eancias, atrav\u00e9s de muitas vidas.<\/p>\n<p>Suas caracter\u00edsticas, nas disposi\u00e7\u00f5es infantis, s\u00e3o o testemunho mais eloq\u00fcente da verdade reencarnacionista.<\/p>\n<p>51 \u2013A loucura \u00e9 sempre uma prova?<\/p>\n<p>-O desequil\u00edbrio mental \u00e9 sempre uma prova\u00e7\u00e3o dif\u00edcil e dolorosa. Essa realidade, contudo, podendo representar o resgate de uma d\u00edvida do pret\u00e9rito escabroso e desconhecido pode, igualmente, constituir uma resultante da imprevid\u00eancia de hoje, no presente que passa, fazendo necess\u00e1ria, acima de todas as exorta\u00e7\u00f5es, aquela que recomenda a ora\u00e7\u00e3o e a vigil\u00e2ncia.<\/p>\n<p>52 \u2013A alucina\u00e7\u00e3o \u00e9 fen\u00f4meno do c\u00e9rebro ou do esp\u00edrito?<\/p>\n<p>-A alucina\u00e7\u00e3o \u00e9 sempre um fen\u00f4meno intrinsecamente espiritual, mas pode nascer de perturba\u00e7\u00f5es estritamente org\u00e2nicas, que se fa\u00e7am reflexas no aparelho sensorial, viciando o instrumento dos sentidos, por onde o esp\u00edrito se manifesta.<\/p>\n<p>53 \u2013Os bons ou maus pensamentos do ser encarnado afetam a organiza\u00e7\u00e3o ps\u00edquica de seus irm\u00e3os na Terra, aos quais sejam dirigidas?<\/p>\n<p>Os cora\u00e7\u00f5es que oram e vigiam, realmente, de acordo com as li\u00e7\u00f5es evang\u00e9licas, constroem a sua pr\u00f3pria fortaleza, para todos os movimentos de defesa espont\u00e2nea.<\/p>\n<p>Os bons pensamentos produzem sempre o m\u00e1ximo bem sobre aqueles que representam os seus objetivos, por se enquadrarem na ess\u00eancia da Lei \u00danica, que \u00e9 o Amor em todas as suas divinas manifesta\u00e7\u00f5es; os de natureza inferior podem afetar o seu objeto, em identidade de circunst\u00e2ncias, quando a criatura se faz credora desses choques dolorosos, na justi\u00e7a das compensa\u00e7\u00f5es.<\/p>\n<p>Sobre todos os feitos dessa natureza, todavia, prevalece a Provid\u00eancia Divina, que opera a execu\u00e7\u00e3o de seus des\u00edgnios de equidade, com miseric\u00f3rdia e sabedoria.<\/p>\n<p>Da Obra \u201cO CONSOLADOR\u201d \u2013 Esp\u00edrito: EMMANUEL \u2013 M\u00e9dium: FRANCISCO C\u00c2NDIDO XAVIER<\/p>\n","protected":false},"excerpt":{"rendered":"<p>PSICOLOGIA Emmanuel 42 \u2013Como poderemos compreender, pelo Espiritismo, o preceito da Psicologia que afirma a experi\u00eancia dos nossos cinco sentidos como todo o fundamento de nossa vida mental? -O Espiritismo esclarece que o homem \u00e9 senhor de um patrim\u00f4nio mais &hellip; <a href=\"https:\/\/xn--regeneraoplanetria-dsb6a7f.com.br\/index.php\/emmanuel\/4-psicologia\/\">Continue lendo <span class=\"meta-nav\">&rarr;<\/span><\/a><\/p>\n","protected":false},"author":1,"featured_media":0,"parent":371,"menu_order":0,"comment_status":"open","ping_status":"open","template":"","meta":{"footnotes":""},"class_list":["post-638","page","type-page","status-publish","hentry"],"_links":{"self":[{"href":"https:\/\/xn--regeneraoplanetria-dsb6a7f.com.br\/index.php\/wp-json\/wp\/v2\/pages\/638","targetHints":{"allow":["GET"]}}],"collection":[{"href":"https:\/\/xn--regeneraoplanetria-dsb6a7f.com.br\/index.php\/wp-json\/wp\/v2\/pages"}],"about":[{"href":"https:\/\/xn--regeneraoplanetria-dsb6a7f.com.br\/index.php\/wp-json\/wp\/v2\/types\/page"}],"author":[{"embeddable":true,"href":"https:\/\/xn--regeneraoplanetria-dsb6a7f.com.br\/index.php\/wp-json\/wp\/v2\/users\/1"}],"replies":[{"embeddable":true,"href":"https:\/\/xn--regeneraoplanetria-dsb6a7f.com.br\/index.php\/wp-json\/wp\/v2\/comments?post=638"}],"version-history":[{"count":0,"href":"https:\/\/xn--regeneraoplanetria-dsb6a7f.com.br\/index.php\/wp-json\/wp\/v2\/pages\/638\/revisions"}],"up":[{"embeddable":true,"href":"https:\/\/xn--regeneraoplanetria-dsb6a7f.com.br\/index.php\/wp-json\/wp\/v2\/pages\/371"}],"wp:attachment":[{"href":"https:\/\/xn--regeneraoplanetria-dsb6a7f.com.br\/index.php\/wp-json\/wp\/v2\/media?parent=638"}],"curies":[{"name":"wp","href":"https:\/\/api.w.org\/{rel}","templated":true}]}}