{"id":642,"date":"2013-04-16T11:28:57","date_gmt":"2013-04-16T14:28:57","guid":{"rendered":"http:\/\/xn--regeneraoplanetria-dsb6a7f.com.br\/?page_id=642"},"modified":"2013-04-16T11:28:57","modified_gmt":"2013-04-16T14:28:57","slug":"6-ciencias-abstratas-e-especializadas","status":"publish","type":"page","link":"https:\/\/xn--regeneraoplanetria-dsb6a7f.com.br\/index.php\/emmanuel\/6-ciencias-abstratas-e-especializadas\/","title":{"rendered":"6. Ci\u00eancias Abstratas e Especializadas"},"content":{"rendered":"<p>II &#8211; CI\u00caNCIAS ABSTRATAS<\/p>\n<p>Emmanuel<\/p>\n<p>69 \u2013No quadro dos valores espirituais, qual a posi\u00e7\u00e3o das ci\u00eancias abstratas como a Matem\u00e1tica, a Estat\u00edstica e a L\u00f3gica, por exemplo, que requerem o m\u00e1ximo de m\u00e9todo e observa\u00e7\u00e3o para as suas atividades dedutivas?<\/p>\n<p>-Ainda aqui, observamos a Matem\u00e1tica e a Estat\u00edstica medindo, calculando e enumerando o patrim\u00f4nio das express\u00f5es materiais, e a L\u00f3gica orientando as atividades intelectuais do homem, nas conting\u00eancias de sua vida no planeta.<\/p>\n<p>N\u00e3o podemos desprezar a coopera\u00e7\u00e3o das ci\u00eancias abstratas nos postulados educativos, por adestrarem as intelig\u00eancias, dilatando a espontaneidade nos esp\u00edritos, de maneira a estabelecer a facilidade de compreens\u00e3o dos valores da vida planet\u00e1ria, mas temos de reconhecer que as suas atividades, quase todas circunscritas ao ambiente do mundo, s\u00e3o processos ou meios para que o homem atinja a ci\u00cancia da vida em suas mais profundas revela\u00e7\u00f5es espirituais, ci\u00cancia que simboliza a divina finalidade de todas as investiga\u00e7\u00f5es e an\u00e1lises das organiza\u00e7\u00f5es existentes na Terra.<\/p>\n<p>Da Obra \u201cO CONSOLADOR\u201d \u2013 Esp\u00edrito: EMMANUEL \u2013 M\u00e9dium: FRANCISCO C\u00c2NDIDO XAVIER Digitado por: L\u00facia Aydir.<\/p>\n<p>III &#8211; CI\u00caNCIAS ESPECIALIZADAS<\/p>\n<p>Emmanuel<\/p>\n<p>70 \u2013As ci\u00eancias especializadas com a Astronomia, a Meteorologia, a Bot\u00e2nica e a Zoologia, foram criadas pelo esfor\u00e7o do esp\u00edrito humano, na evolu\u00e7\u00e3o das ci\u00eancias fundamentais?<\/p>\n<p>-Como atividades complementares das ci\u00eancias fundamentais, esses estudos especializados representam um conjunto de conquistas do esp\u00edrito humano, no sagrado labor da entidade abstrata a que chamamos \u201cciviliza\u00e7\u00e3o\u201d.<\/p>\n<p>Tais esfor\u00e7os constituem a cataloga\u00e7\u00e3o das pesquisas e realiza\u00e7\u00f5es propriamente humanas: todavia, convergem para a ci\u00eancia integral no plano infinito, onde se irmanar\u00e3o com os valores morais na glorifica\u00e7\u00e3o do homem redimido.<\/p>\n<p>71 \u2013Como julgar a posi\u00e7\u00e3o da Terra em rela\u00e7\u00e3o aos outros mundos?<\/p>\n<p>-A grandeza do plano sideral, onde se agita a comunidade dos sistemas, \u00e9 demasiado profunda para que possamos assinar-lhe a defini\u00e7\u00e3o com os mesquinhos formul\u00e1rios da Terra.<\/p>\n<p>No turbilh\u00e3o do Infinito, o sistema planet\u00e1rio centralizado pelo nosso Sol \u00e9 excessivamente singelo, constituindo um aspecto muito pobre da Cria\u00e7\u00e3o.<\/p>\n<p>Basta lembrar que Capela, um dos nossos vizinhos mais pr\u00f3ximos, \u00e9 um sol 5.800 vezes maior que o nosso astro do dia, sem esquecermos que a Terra \u00e9 1.300.000 vez menor que o nosso Sol.<\/p>\n<p>Nessas cifras grandiosas, compreendemos a extens\u00e3o da nossa humildade no Universo, apiedando-nos sinceramente da situa\u00e7\u00e3o dos conquistadores humanos de todos os matizes, os quais no af\u00e3 de a\u00e7ambarcarem patrim\u00f4nios materiais, nos d\u00e3o a impress\u00e3o de rid\u00edculos e vaidosos polichinelos da vida.<\/p>\n<p>72 \u2013Existem planetas de condi\u00e7\u00f5es piores que as da Terra?<\/p>\n<p>-Existem orbes que oferecem piores perspectivas de exist\u00eancia que o vosso e, no que se refere a perspectivas, a Terra \u00e9 um plano alegre e formoso, de aprendizado. O \u00fanico elemento que a\u00ed destoa da Natureza \u00e9 justamente o homem, avassalado pelo ego\u00edsmo.<\/p>\n<p>Conhecemos planetas onde os seres que os povoam s\u00e3o obrigados a um esfor\u00e7o cont\u00ednuo e penoso para aliciar os elementos essenciais \u00e0 vida; outros, ainda, onde numerosas criaturas se encontram em doloroso degredo. Entretanto, no vosso, sem que haja qualquer sacrif\u00edcio de vossa parte, tendes gratuitamente c\u00e9u azul, fontes fartas, abund\u00e2ncia de oxig\u00eanio, \u00e1rvores amigas, frutos e flores, cor e luz, em santas possibilidades de trabalho, que o homem h\u00e1 renegado em todos os tempos.<\/p>\n<p>73 \u2013A humanidade terrestre \u00e9 id\u00eantica a doutros orbes?<\/p>\n<p>-Nas express\u00f5es f\u00edsica, semelhante analogia \u00e9 imposs\u00edvel, em face das leis substanciais que regem cada plano evolutivo; mas, procuremos entender por humanidade a fam\u00edlia espiritual de todas as criaturas de Deus que povoam o Universo e, examinada a quest\u00e3o sob esse prisma, veremos a comunidade terrestre identificada com a coletividade universal.<\/p>\n<p>74 \u2013O homem cient\u00edfico poder\u00e1 encarar com \u00eaxito as possibilidades de uma viagem interplanet\u00e1ria?<\/p>\n<p>-Pelo menos, enquanto perdurar a sua atitude de confus\u00e3o, de ego\u00edsmo e rebeldia, a humanidade terrestre s\u00e3o deve alimentar qualquer projeto de viagem interplanet\u00e1ria.<\/p>\n<p>Que dizermos do homem que, sem dispor a ordem na sai pr\u00f3pria casa, quisesse invadir a resid\u00eancia dos vizinhos? Se tantas vezes as criaturas terrestres t\u00eam menosprezado os bens que a Provid\u00eancia Divina lhes colocou nas m\u00e3os, n\u00e3o seria justo circunscreve-las ao seu \u00e2mbito acanhado e mesquinho?<\/p>\n<p>O insulamento da Terra \u00e9 um bem inapreci\u00e1vel.<\/p>\n<p>Observemos as express\u00f5es do progresso humano, movimentadas para a guerra e para a destrui\u00e7\u00e3o, nos triunfos da for\u00e7a, e rendamos louvores ao Pai Celestial por n\u00e3o haver dilatado no orbe terreno os processo de observa\u00e7\u00e3o das suas vaidosas criaturas.<\/p>\n<p>75 \u2013Na diversidade de suas experi\u00eancias, \u00e9 o Esp\u00edrito obrigado a adaptar-se \u00e0s condi\u00e7\u00f5es flu\u00eddicas de cada orbe?<\/p>\n<p>-Esse \u00e9 um imperativo para aquisi\u00e7\u00e3o de seus valores evolutivos dentro das leis do aperfei\u00e7oamento.<\/p>\n<p>76 \u2013Poder\u00e3o os fen\u00f4menos da meteorologia ser controlados, mais tarde, pelos homens?<\/p>\n<p>-Os fen\u00f4menos meteorol\u00f3gicos, incontrol\u00e1veis pelas criaturas humanas, n\u00e3o o s\u00e3o pelos prepostos de Jesus, que buscam dispo-los de acordo com os ascendentes espirituais a serem observados em todos os processos evolutivos.<\/p>\n<p>N\u00e3o olvidemos, contudo, que a Terra \u00e9 uma escola.<\/p>\n<p>Se n\u00e3o \u00e9 poss\u00edvel conceder, por enquanto, um t\u00edtulo de conhecimento total aos disc\u00edpulos rebeldes e pregui\u00e7osos. Isso ser\u00e1 poss\u00edvel um dia, quando a evolu\u00e7\u00e3o moral houver atingido o n\u00edvel indispens\u00e1vel ao aproveitamento dessa ou daquela for\u00e7a, em benef\u00edcio de todos.<\/p>\n<p>77 \u2013Os Esp\u00edritos se preocupam com a Bot\u00e2nica?<\/p>\n<p>-Na Bot\u00e2nica encontrais as mesmas inc\u00f3gnitas dos princ\u00edpios, apenas explic\u00e1veis pelos fatores transcendentes, o que prova a aten\u00e7\u00e3o do plano espiritual para com o chamado reino dos vegetais.<\/p>\n<p>Esse departamento da Natureza, campo de evolu\u00e7\u00e3o como os outros, recebe igualmente o sagrado influxo do Senhor, atrav\u00e9s da assist\u00eancia de seus mensageiros, desde os pr\u00f3dromos da organiza\u00e7\u00e3o planet\u00e1ria.<\/p>\n<p>Recordai-vos de que o homem \u00e9 disc\u00edpulo numa escola que o seu racioc\u00ednio j\u00e1 encontrou organizada pela sabedoria divina e, em nome dAquele que \u00e9 a origem sagrada de nossas vidas, amai as \u00e1rvores e tende cuidado com o campo, onde florescem as b\u00ean\u00e7\u00e3os do c\u00e9u.<\/p>\n<p>78 \u2013A Zoologia \u00e9 tamb\u00e9m objeto de aten\u00e7\u00e3o dos planos espirituais?<\/p>\n<p>-Sem d\u00favida, tamb\u00e9m a Zoologia merece o zelo da esfera invis\u00edvel, mas \u00e9 indispens\u00e1vel considerarmos a utilidade de uma advert\u00eancia aos homens, convidando-os a examinar detidamente os seus la\u00e7os de parentesco com os animais, dentro das linhas evolutivas, sendo justo que procurem colocar os seres inferiores da vida planet\u00e1ria sob o seu cuidado amigo.<\/p>\n<p>Os reinos da Natureza, ali\u00e1s, s\u00e3o o campo de opera\u00e7\u00e3o e trabalho dos homens, sendo razo\u00e1vel considera-los, mais sob a sua responsabilidade direta que propriamente dos Esp\u00edritos, raz\u00e3o por que responder\u00e3o perante as leis divinas pelo que fizerem, em consci\u00eancia, com os patrim\u00f4nios da natureza terrestre.<\/p>\n<p>79 \u2013Como interpretar nosso parentesco com os animais?<\/p>\n<p>Considerando que eles igualmente possuem diante do tempo, um porvir de fecundas realiza\u00e7\u00f5es, atrav\u00e9s de numerosas experi\u00eancias chegar\u00e3o, um dia, ao chamado reino hominal, como, por nossa vez, alcan\u00e7aremos, no escoar dos mil\u00eanios, a situa\u00e7\u00e3o de angelitude. A escala do progresso \u00e9 sublime e infinita. No quadro ex\u00edguo dos vossos conhecimentos, busquemos uma figura que nos convoque ao sentimento de solidariedade e de amor que deve imperar em todos os departamentos da natureza vis\u00edvel e invis\u00edvel. O mineral \u00e9 atra\u00e7\u00e3o. O vegetal \u00e9 sensa\u00e7\u00e3o. O animal \u00e9 instinto. O homem \u00e9 raz\u00e3o. O anjo \u00e9 divindade. Busquemos reconhecer a infinidade de la\u00e7os que nos unem nos valores gradativos da evolu\u00e7\u00e3o e ergamos em nosso \u00edntimo o santu\u00e1rio eterno da fraternidade universal.<\/p>\n<p>Da Obra \u201cO CONSOLADOR\u201d \u2013 Esp\u00edrito: EMMANUEL \u2013 M\u00e9dium: FRANCISCO C\u00c2NDIDO XAVIER<\/p>\n","protected":false},"excerpt":{"rendered":"<p>II &#8211; CI\u00caNCIAS ABSTRATAS Emmanuel 69 \u2013No quadro dos valores espirituais, qual a posi\u00e7\u00e3o das ci\u00eancias abstratas como a Matem\u00e1tica, a Estat\u00edstica e a L\u00f3gica, por exemplo, que requerem o m\u00e1ximo de m\u00e9todo e observa\u00e7\u00e3o para as suas atividades dedutivas? &hellip; <a href=\"https:\/\/xn--regeneraoplanetria-dsb6a7f.com.br\/index.php\/emmanuel\/6-ciencias-abstratas-e-especializadas\/\">Continue lendo <span class=\"meta-nav\">&rarr;<\/span><\/a><\/p>\n","protected":false},"author":1,"featured_media":0,"parent":371,"menu_order":0,"comment_status":"open","ping_status":"open","template":"","meta":{"footnotes":""},"class_list":["post-642","page","type-page","status-publish","hentry"],"_links":{"self":[{"href":"https:\/\/xn--regeneraoplanetria-dsb6a7f.com.br\/index.php\/wp-json\/wp\/v2\/pages\/642","targetHints":{"allow":["GET"]}}],"collection":[{"href":"https:\/\/xn--regeneraoplanetria-dsb6a7f.com.br\/index.php\/wp-json\/wp\/v2\/pages"}],"about":[{"href":"https:\/\/xn--regeneraoplanetria-dsb6a7f.com.br\/index.php\/wp-json\/wp\/v2\/types\/page"}],"author":[{"embeddable":true,"href":"https:\/\/xn--regeneraoplanetria-dsb6a7f.com.br\/index.php\/wp-json\/wp\/v2\/users\/1"}],"replies":[{"embeddable":true,"href":"https:\/\/xn--regeneraoplanetria-dsb6a7f.com.br\/index.php\/wp-json\/wp\/v2\/comments?post=642"}],"version-history":[{"count":0,"href":"https:\/\/xn--regeneraoplanetria-dsb6a7f.com.br\/index.php\/wp-json\/wp\/v2\/pages\/642\/revisions"}],"up":[{"embeddable":true,"href":"https:\/\/xn--regeneraoplanetria-dsb6a7f.com.br\/index.php\/wp-json\/wp\/v2\/pages\/371"}],"wp:attachment":[{"href":"https:\/\/xn--regeneraoplanetria-dsb6a7f.com.br\/index.php\/wp-json\/wp\/v2\/media?parent=642"}],"curies":[{"name":"wp","href":"https:\/\/api.w.org\/{rel}","templated":true}]}}