{"id":644,"date":"2013-04-16T11:30:36","date_gmt":"2013-04-16T14:30:36","guid":{"rendered":"http:\/\/xn--regeneraoplanetria-dsb6a7f.com.br\/?page_id=644"},"modified":"2013-04-16T11:30:36","modified_gmt":"2013-04-16T14:30:36","slug":"7-ciencias-combinadas","status":"publish","type":"page","link":"https:\/\/xn--regeneraoplanetria-dsb6a7f.com.br\/index.php\/emmanuel\/7-ciencias-combinadas\/","title":{"rendered":"7. Ci\u00eancias Combinadas"},"content":{"rendered":"<p>IV &#8211;\u00a0CI\u00caNCIAS COMBINADAS<\/p>\n<p>Emmanuel<\/p>\n<p>80 \u2013As chamadas ci\u00eancias combinadas, entre as quais a Hist\u00f3ria, a Geologia e a Geografia, surgiram no mundo t\u00e3o-s\u00f3 pelo esfor\u00e7o dos Esp\u00edritos aqui encarnados?<\/p>\n<p>-Indiretamente, as criaturas humanas t\u00eam recebido, em todas as \u00e9pocas, a coopera\u00e7\u00e3o do plano espiritual para a edifica\u00e7\u00e3o dos seus valores mais leg\u00edtimos.<\/p>\n<p>As chamadas ci\u00eancias combinadas s\u00e3o express\u00f5es do mesmo quadro de conhecimentos humanos, com igual converg\u00eancia para a sabedoria integral, no plano infinito.<\/p>\n<p>A Hist\u00f3ria, como a conheceis, n\u00e3o \u00e9 uma estat\u00edstica dos acontecimentos do planeta atrav\u00e9s das palavras?<\/p>\n<p>Todas elas s\u00e3o processos evolutivos para os valores intelectuais do homem, a caminho das conquistas definitivas de sua personalidade imortal.<\/p>\n<p>81 \u2013Nos planos espirituais a hist\u00f3ria das civiliza\u00e7\u00f5es terrestres \u00e9 conhecida nas mesmas caracter\u00edsticas em que a conhecemos atrav\u00e9s dos narradores humanos?<\/p>\n<p>-A descri\u00e7\u00e3o dos fatos \u00e9 aproximadamente a mesma; todavia, os m\u00e9todos de aprecia\u00e7\u00e3o dos acontecimentos e das situa\u00e7\u00f5es divergem de maneira quase absoluta.<\/p>\n<p>Muitas vezes os her\u00f3is nos livros da Terra s\u00e3o entidades mis\u00e9rrimas na esfera espiritual. Verifica-se, ent\u00e3o, o contr\u00e1rio. Conhecemos Esp\u00edritos alt\u00edssimos que vieram do mundo cobertos de virtudes gloriosas, e que n\u00e3o constam de nenhuma lembran\u00e7a da Humanidade. Os altares e as galerias patri\u00f3ticas da Terra foram sempre comprometidos pela pol\u00edtica rasteira das paix\u00f5es. Poucos her\u00f3is do planeta fazem jus a esse t\u00edtulo no mundo da verdade.<\/p>\n<p>\u00c9 por essa raz\u00e3o que a hist\u00f3ria do orbe sendo exata, no concernente \u00e0 descri\u00e7\u00e3o e \u00e0 cronologia, \u00e9 ileg\u00edtima no que se refere \u00e0 justi\u00e7a e \u00e0 sinceridade.<\/p>\n<p>82 \u2013 Os falsos julgamentos da Hist\u00f3ria agravam a situa\u00e7\u00e3o dos que se desprendem do mundo, na qualidade de her\u00f3is, sem que o sejam?<\/p>\n<p>-As ex\u00e9quias solenes, os necrol\u00f3gios brilhantes, os pomposos adjetivos que se concedem aos \u201cmortos\u201d, em troca do ouro da posi\u00e7\u00e3o convencional que deixaram, afligem os que partiram pela morte, de maneira intraduz\u00edvel. Penosa situa\u00e7\u00e3o de ang\u00fastia se estabelece para esses Esp\u00edritos sofredores e perturbados, que se envergonham de si mesmos, experimentando a mais funda repugn\u00e2ncia pelas homenagens recebidas.<\/p>\n<p>Cessada essa fase do julgamento insincero do mundo, freq\u00fcentemente se poder\u00e1 observar a incoer\u00eancia dos homens.<\/p>\n<p>O \u201cantigo her\u00f3i\u201d volta ao orbe com as vestes do mendigo ou do prolet\u00e1rio rude, aprendendo nas l\u00e1grimas silenciosas a compor os c\u00e2nticos do dever e do trabalho santificantes; todavia, ningu\u00e9m o v\u00ea, porque, na hist\u00f3ria do mundo, em todos os tempos, o homem sempre incensou a tirania e raramente fixou o olhar inquieto na flor carinhosa e humilde da virtude.<\/p>\n<p>83 \u2013\u00c9 o historiador respons\u00e1vel pelos ju\u00edzos falsos da Hist\u00f3ria?<\/p>\n<p>-Considerando-se que cada Esp\u00edrito, encarnado tem sua tarefa especial nesse ou naquele setor evolutivo, os historiadores que se deixam mergulhar no interesse econ\u00f4mico das sinecuras pol\u00edticas; embriagados pelo vinho da mediocridade; responder\u00e3o al\u00e9m-t\u00famulo pela explora\u00e7\u00e3o comercial da intelig\u00eancia que hajam praticado na Terra, adulterando a justi\u00e7a e o direito, evitando a verdade, ou fornecendo mentiras ao esp\u00edrito confiante dos p\u00f3steros.<\/p>\n<p>84 \u2013Se um Esp\u00edrito no plano invis\u00edvel n\u00e3o \u00e9 realmente uma criatura santificada, como receber\u00e1 as ora\u00e7\u00f5es de seus devotos, se a hist\u00f3ria do mundo o canonizou?<\/p>\n<p>-A canoniza\u00e7\u00e3o \u00e9 um processo muito arrojado das ambi\u00e7\u00f5es humanas, para ser considerado perante a verdade espiritual.<\/p>\n<p>Conhecemos inquisidores, verdugos de povos e traidores do bem, conduzidos ao altar pelo falso julgamento da pol\u00edtica humana. A prece dos devotos invocando o seu socorro muitas vezes sem se lembrarem da paternidade de Deus, ecoa-lhes no cora\u00e7\u00e3o perturbado como vozes de acusa\u00e7\u00e3o terr\u00edvel e dolorosa, porquanto reavivam ainda mais a nudez de suas feridas.<\/p>\n<p>Freq\u00fcentemente, os Esp\u00edritos que se encontram nessa penosa situa\u00e7\u00e3o rogam a Jesus a concess\u00e3o das experi\u00eancias mais humildes na Terra, a fim de olvidarem os ru\u00eddos nocivos das falsas gl\u00f3rias do planeta, no sil\u00eancio das grandes dores que iluminam e regeneram.<\/p>\n<p>85 \u2013As primeiras formas planet\u00e1rias obedeceram a um molde especial preexistente?<\/p>\n<p>-Jesus foi o divino escultor da obra geol\u00f3gica do planeta. Junto de seus prepostos, iluminou a sombra dos princ\u00edpios com os efl\u00favios sublimados do seu amor, que saturaram todas as subst\u00e2ncias do mundo em forma\u00e7\u00e3o.<\/p>\n<p>N\u00e3o podemos afirmar que as formas da Natureza, em sua\u00a0 manifesta\u00e7\u00e3o inicial, obedecessem a um molde preexistente, no sentido de imita\u00e7\u00e3o, porque todas elas receberam o influxo sagrado do cora\u00e7\u00e3o do Cristo.<\/p>\n<p>A verdade \u00e9 que, assim como as vossas constru\u00e7\u00f5es materiais, todas as obras viveram previamente no c\u00e9rebro de um engenheiro ou de um arquiteto, todas as formas de vida na Terra foram primeiramente concebidas na sua vis\u00e3o divina.<\/p>\n<p>86 \u2013Tendo sido a Terra formada pelo poder divino, por que passou o planeta por tantas etapas evolutivas, muitas das quais duraram milh\u00f5es de anos?<\/p>\n<p>-No infinito do Universo, a evolu\u00e7\u00e3o do princ\u00edpio espiritual tem de escapar a todas as vossas limita\u00e7\u00f5es de tempo e de espa\u00e7o, na t\u00e1bua dos valores terrestres.<\/p>\n<p>As aquisi\u00e7\u00f5es de cada indiv\u00edduo resultam da lei do esfor\u00e7o pr\u00f3prio no caminho ilimitado da cria\u00e7\u00e3o, destacando-se da\u00ed as mais diversas posi\u00e7\u00f5es evolutivas das criaturas e compreendendo-se que tempo e espa\u00e7o s\u00e3o laborat\u00f3rios divinos, onde todos os princ\u00edpios da vida s\u00e3o submetidos \u00e0s experi\u00eancias do aperfei\u00e7oamento, de modo que cada um deva a si mesmo todas as realiza\u00e7\u00f5es, no dia de aquisi\u00e7\u00e3o dos mais altos valores da vida.<\/p>\n<p>87 \u2013De onde foram tirados os elementos para a forma\u00e7\u00e3o da Terra?<\/p>\n<p>-Sabemos que a aglutina\u00e7\u00e3o molecular, bem como o motor transcendente do mundo, obedeceu ao sopro gerador da vida, oriundo do Todo-Poderoso e lan\u00e7ado sobre o infinito da cria\u00e7\u00e3o universal; contudo, achamo-nos ainda na situa\u00e7\u00e3o do aluno que encontrou a escola j\u00e1 edificada, cabendo-nos louvar e buscar, pelo trabalho e pelo aperfei\u00e7oamento, o seu Divino Autor.<\/p>\n<p>88 \u2013Deve o homem terrestre enxergar nas como\u00e7\u00f5es geol\u00f3gicas do globo elementos de prova\u00e7\u00e3o para a sua vida?<\/p>\n<p>-Os abalos s\u00edsmicos n\u00e3o s\u00e3o simples acidentes da Natureza. O mundo n\u00e3o est\u00e1 sob a dire\u00e7\u00e3o de for\u00e7as cegas. As como\u00e7\u00f5es do globo s\u00e3o instrumentos de prova\u00e7\u00f5es coletivas, r\u00edspidas e penosas. Nesses cataclismos, a multid\u00e3o resgata igualmente os seus crimes de outrora e cada elemento integrante da mesma quita-se do pret\u00e9rito na pauta dos d\u00e9bitos individuais.<\/p>\n<p>89 \u2013Por que raz\u00e3o n\u00e3o existe nos textos sagrados uma not\u00edcia positiva das terras descobertas posteriormente \u00e0 vinda de Jesus ao planeta?<\/p>\n<p>-Nesse particular, temos de convir que a palavra das profecias, atrav\u00e9s de todos os tempos e situa\u00e7\u00f5es do planeta, como eco das regi\u00f5es divinas, n\u00e3o teve em mira sen\u00e3o a edifica\u00e7\u00e3o do Reino de Deus nos cora\u00e7\u00f5es, desprezando as funda\u00e7\u00f5es humanas, prec\u00e1rias e perec\u00edveis. Todavia, no desdobramento das revela\u00e7\u00f5es, encontrareis not\u00edcias das novas terras, posteriormente descobertas, informa\u00e7\u00f5es essas que se encontram sob os v\u00e9us dos s\u00edmbolos, como aconteceu com todas as demais notifica\u00e7\u00f5es que o Velho e Novo Testamentos legaram ao homem espiritual.<\/p>\n<p>Da Obra \u201cO CONSOLADOR\u201d \u2013 Esp\u00edrito: EMMANUEL \u2013 M\u00e9dium: FRANCISCO C\u00c2NDIDO XAVIER<\/p>\n","protected":false},"excerpt":{"rendered":"<p>IV &#8211;\u00a0CI\u00caNCIAS COMBINADAS Emmanuel 80 \u2013As chamadas ci\u00eancias combinadas, entre as quais a Hist\u00f3ria, a Geologia e a Geografia, surgiram no mundo t\u00e3o-s\u00f3 pelo esfor\u00e7o dos Esp\u00edritos aqui encarnados? -Indiretamente, as criaturas humanas t\u00eam recebido, em todas as \u00e9pocas, a &hellip; <a href=\"https:\/\/xn--regeneraoplanetria-dsb6a7f.com.br\/index.php\/emmanuel\/7-ciencias-combinadas\/\">Continue lendo <span class=\"meta-nav\">&rarr;<\/span><\/a><\/p>\n","protected":false},"author":1,"featured_media":0,"parent":371,"menu_order":0,"comment_status":"open","ping_status":"open","template":"","meta":{"footnotes":""},"class_list":["post-644","page","type-page","status-publish","hentry"],"_links":{"self":[{"href":"https:\/\/xn--regeneraoplanetria-dsb6a7f.com.br\/index.php\/wp-json\/wp\/v2\/pages\/644","targetHints":{"allow":["GET"]}}],"collection":[{"href":"https:\/\/xn--regeneraoplanetria-dsb6a7f.com.br\/index.php\/wp-json\/wp\/v2\/pages"}],"about":[{"href":"https:\/\/xn--regeneraoplanetria-dsb6a7f.com.br\/index.php\/wp-json\/wp\/v2\/types\/page"}],"author":[{"embeddable":true,"href":"https:\/\/xn--regeneraoplanetria-dsb6a7f.com.br\/index.php\/wp-json\/wp\/v2\/users\/1"}],"replies":[{"embeddable":true,"href":"https:\/\/xn--regeneraoplanetria-dsb6a7f.com.br\/index.php\/wp-json\/wp\/v2\/comments?post=644"}],"version-history":[{"count":0,"href":"https:\/\/xn--regeneraoplanetria-dsb6a7f.com.br\/index.php\/wp-json\/wp\/v2\/pages\/644\/revisions"}],"up":[{"embeddable":true,"href":"https:\/\/xn--regeneraoplanetria-dsb6a7f.com.br\/index.php\/wp-json\/wp\/v2\/pages\/371"}],"wp:attachment":[{"href":"https:\/\/xn--regeneraoplanetria-dsb6a7f.com.br\/index.php\/wp-json\/wp\/v2\/media?parent=644"}],"curies":[{"name":"wp","href":"https:\/\/api.w.org\/{rel}","templated":true}]}}