{"id":678,"date":"2013-04-21T18:49:16","date_gmt":"2013-04-21T21:49:16","guid":{"rendered":"http:\/\/xn--regeneraoplanetria-dsb6a7f.com.br\/?page_id=678"},"modified":"2013-04-21T18:49:16","modified_gmt":"2013-04-21T21:49:16","slug":"11-o-sermao-do-monte","status":"publish","type":"page","link":"https:\/\/xn--regeneraoplanetria-dsb6a7f.com.br\/index.php\/boa-nova-1\/11-o-sermao-do-monte\/","title":{"rendered":"11 &#8211;  O Serm\u00e3o do Monte"},"content":{"rendered":"<p>11 &#8211;\u00a0 O Serm\u00e3o do Monte<\/p>\n<p>(Da obra \u201cBoa Nova\u201d de Humberto de Campo, psicografada por Chico Xavier)<\/p>\n<p>Difundidas as primeiras claridades da Boa Nova, todos os enfermos e derrotados da sorte, habitantes de Corazim, Magdala, Betsaida, Dalmanuta e outras aldeias importantes do lago enchiam as ruas de Cafarnaum em turbas ansiosas.<\/p>\n<p>Os disc\u00edpulos eram os mais visados pela multid\u00e3o, por motivo do permanente contato em que viviam com o seu Mestre. De vez em quando, Filipe era assaltado, em caminho, por uma onda de doentes; Pedro tinha a casa rodeada de criaturas desalentadas e tristes. Todos queriam o aux\u00edlio de Jesus, o benef\u00edcio imediato de sua poderosa virtude.<\/p>\n<p>Aos primeiros dias do apostolado, um pequeno grupo de infelizes procurou Levi na sua confort\u00e1vel resid\u00eancia. Desejavam explica\u00e7\u00f5es sobre o Evangelho do Reino, de modo a trabalharem com mais acerto na observ\u00e2ncia dos ensinamentos do Cristo. O coletor da cidade manifestou certa estranheza.<\/p>\n<p>&#8211; Afinal &#8211; disse ele aos infortunados que o procuravam \u2014, o novo reino congregar\u00e1 todos os cora\u00e7\u00f5es sinceros e de boa-vontade, que desejem irmanar-se como filhos de Deus. Mas, que podeis fazer na situa\u00e7\u00e3o em que vos encontrais?<\/p>\n<p>E dirigindo-se a tr\u00eas deles, seus conhecidos pessoais, falou convicto:<\/p>\n<p>&#8211; Que poder\u00e1s realizar, Lisandro, aleijado como \u00e9s?! E tu, \u00c1quila, n\u00e3o foste abandonado pela pr\u00f3pria fam\u00edlia, sob o peso de s\u00e9rias acusa\u00e7\u00f5es? E tu, Pafos? Acaso edificaria alguma coisa com as tuas atuais afli\u00e7\u00f5es?<\/p>\n<p>Os interpelados entreolharam-se cabisbaixos, humilhados. Somente ent\u00e3o chegavam a reconhecer as suas penosas defici\u00eancias. A palavra rude de Levi os despertara. Tomara-os uma dor sem limites. Jesus dissera, nas suas prega\u00e7\u00f5es carinhosas, que seu amor viera buscar todos os que se encontrassem em tristeza e em ang\u00fastias do cora\u00e7\u00e3o. Quando o Mestre chegara, haviam experimentado a restaura\u00e7\u00e3o de todas as energias. Jubilosos, guardavam as suas promessas, relativamente ao Pai justo e bom, que amava os filhos mais infelizes, renovando nos cora\u00e7\u00f5es as esperan\u00e7as mais puras. Achavam-se exaustos; mas, a li\u00e7\u00e3o de Jesus lhes trouxera novo consolo \u00e0s almas desamparadas de qualquer conforto material. Queriam ser de Deus, vibrar com a exalta\u00e7\u00e3o das promessas do Cristo, por\u00e9m, a palavra de Levi novamente os arrojara \u00e0 condi\u00e7\u00e3o desditosa.<\/p>\n<p>O grupo de pobres e infortunados retirou-se em desalento; no entanto, o Mestre pregaria no monte, \u00e0quela tarde, e, quem sabe, ministraria os ensinamentos de que necessitavam?!&#8230;<\/p>\n<p>Decorridos alguns instantes, Jesus, em companhia de Andr\u00e9, deu entrada em casa de Levi, onde se puseram os tr\u00eas em animada palestra. O coletor, a certa altura da conversa\u00e7\u00e3o, a sorrir ingenuamente, relatou a ocorr\u00eancia, terminando alegremente a sua exposi\u00e7\u00e3o, com estas palavras:<\/p>\n<p>&#8211; Que conseguiria o Evangelho do Reino, com esses aleijados e mendigos? &#8211; Mas, lembrando-se de s\u00fabito que os demais companheiros eram criaturas pobres e humildes, acrescentou:\u00a0 \u00c9 justo esperemos alguma coisa dos pescadores de Cafarnaum; s\u00e3o homens fortes e desassombrados e o bom trabalho lhes cabe. N\u00e3o vejo, por\u00e9m, como aceitar a contribui\u00e7\u00e3o desses desafortunados e vencidos que nos procuram.<\/p>\n<p>Jesus fixou o olhar no disc\u00edpulo com profundo desvelo e falou com bondade, batendo-lhe levemente no ombro:<\/p>\n<p>&#8211; No entanto, Levi, precisamos amar e aceitar a preciosa colabora\u00e7\u00e3o dos vencidos do mundo! &#8230; Se o Evangelho \u00e9 a Boa Nova, como n\u00e3o h\u00e1 de ser a mensagem divina para eles, tristes e deserdados na imensa fam\u00edlia humana? Os vencedores da Terra n\u00e3o necessitam de boas not\u00edcias. Nas derrotas da sorte, as criaturas ouvem mais alto a voz de Deus. Buscando os oprimidos, os aflitos e os caluniados, sentimo-los t\u00e3o unidos ao c\u00e9u, nas suas esperan\u00e7as, que reconhecemos, na coragem tranquila que revelam, um sublime reflexo da presen\u00e7a de Nosso Pai em seus esp\u00edritos. J\u00e1 observaste algum vencedor do mundo com mais alta preocupa\u00e7\u00e3o do que a de defender o fruto de sua vit\u00f3ria material?<\/p>\n<p>Levi sentia-se comovido e, aproveitando a pequena pausa que se fizera, exclamou, algo desapontado:<\/p>\n<p>&#8211; Senhor, minhas observa\u00e7\u00f5es partiram t\u00e3o-s\u00f3 do meu intenso desejo de apressar a supremacia do Evangelho entre os que governam no mundo! &#8230;<\/p>\n<p>&#8211; Quem governa o mundo \u00e9 Deus afirmou o Mestre, convictamente &#8211; e o amor n\u00e3o age com inquieta\u00e7\u00e3o. Agora, imaginemos, Levi, que os triunfadores da Terra viessem at\u00e9 n\u00f3s, ensarilhando suas armas exteriores. Figuremos alguns generais romanos chegando a Cafarnaum, com os seus trof\u00e9us numerosos e sangrentos, afirmando-se desejosos de aceitar o Evangelho do Reino de Deus e oferecendo-se para cooperar em nosso esfor\u00e7o. Certamente trariam consigo legi\u00f5es de guardas e soldados, funcion\u00e1rios e escribas, carros de triunfos, espadas e prisioneiros&#8230; Come\u00e7ariam protestando contra as nossas prega\u00e7\u00f5es pelas estradas desataviadas da natureza. Por n\u00e3o estarem, no \u00edntimo, desarmados das vaidades das vit\u00f3rias, edificariam suntuosos templos de pedra, em cuja constru\u00e7\u00e3o lutariam duramente por hegemonias inferiores; uns desejariam pal\u00e1cios soberbos, outros empreenderiam a constru\u00e7\u00e3o de jardins maravilhosos. Recordando a a\u00e7\u00e3o das espadas mort\u00edferas, talvez pretendessem disp\u00fctar a ferro e fogo o estabelecimento do Reino de Deus, exterminando-se reciprocamente, por n\u00e3o cederem uns aos outros, em seus pontos de vista, desde que cada vencedor se julga, no mundo, com maior soma de direitos e de import\u00e2ncia. A pretexto de lutarem em nome do c\u00e9u, espalhariam possivelmente inc\u00eandios e devasta\u00e7\u00f5es em toda a Terra. E seria justo, Levi, trabalh\u00e1ssemos por cumprir a vontade do Nosso Pai, aniquilando seus filhos, nossos irm\u00e3os?<\/p>\n<p>O ap\u00f3stolo o ouvia assombrado, em face da profundeza de sua argumenta\u00e7\u00e3o. O Mestre continuou:<\/p>\n<p>At\u00e9 que a esponja do Tempo absorva as imperfei\u00e7\u00f5es terrestres, atrav\u00e9s de s\u00e9culos de experi\u00eancia necess\u00e1ria, os triunfadores do mundo s\u00e3o pobres seres que caminham por entre tenebrosos abismos. E imprescind\u00edvel, pois, atentemos na alma branda e humilde dos vencidos. Para os seus cora\u00e7\u00f5es Deus carreia b\u00ean\u00e7\u00e3os de infinita bondade. Esses quebraram os elos mais fortes que os acorrentavam \u00e0s ilus\u00f5es e marcham para o Infinito do amor e da sabedoria. O leito de dor, a exclus\u00e3o de todas as facilidades da vida, a incompreens\u00e3o dos mais amados, as chagas e as cicatrizes do esp\u00edrito s\u00e3o luzes que Deus acende na noite sombria das criaturas. Levi, \u00e9 necess\u00e1rio amemos intensamente os desafortunados do mundo. Suas almas s\u00e3o a terra fecundada pelo adubo das l\u00e1grimas e das esperan\u00e7as mais ardentes, onde as sementes do Evangelho desabrochar\u00e3o para a luz da vida. Eles sa\u00edram das conven\u00e7\u00f5es nefastas e dos enganos do caminho terrestre e bendizem do Nosso Pai, como sentenciados que experimentassem, no primeiro dia de liberdade, o clar\u00e3o reconfortante do sol amigo e radioso que os seus cora\u00e7\u00f5es haviam perdido! E tamb\u00e9m sobre os vencidos da sorte, sobre os que suspiram por um ideal mais santo e mais puro do que as vit\u00f3rias f\u00e1ceis da Terra, que o Evangelho assentar\u00e1 suas bases divinas! &#8230;<\/p>\n<p>Andr\u00e9 e Levi escutavam de olhos \u00famidos os conceitos do Senhor, cheios de sublimada emo\u00e7\u00e3o. Nesse \u00ednterim, chegaram Tiago, Jo\u00e3o e Pedro e todo o grupo se dirigiu, alegre, para um dos montes pr\u00f3ximos.<\/p>\n<p>O crep\u00fasculo descia num deslumbramento de ouro e brisas cariciosas. Ao longo de toda a encosta, acotovelava-se a turba imensa. Muitas centenas de criaturas se aglomeravam ali, a fim de ouvirem a palavra do Senhor, dentro da paisagem que se aureolava dos brilhos singulares de todo o horizonte pincelado de luz. Eram velhinhos tr\u00eamulos, lavradores simples e generosos, mulheres do povo agarradas aos filhinhos. Entre os mais fortes e sadios, viam-se cegos e crian\u00e7as doentes, homens maltrapilhos, exibindo as verminas que lhes corro\u00edam as m\u00e3os e os p\u00e9s. Todos se comprimiam ofegantes. Ante os seus olhares felizes, a figura do Mestre surgiu na emin\u00eancia enfeitada de verdura, onde perpassavam brandamente os ventos amigos da tarde. Deixando perceber que se dirigia aos vencidos e sofredores do mundo inteiro e como que esclarecendo o esp\u00edrito de Levi, que representava a aristocracia intelectual entre os seus disc\u00edpulos, na sua qualidade de cobrador dos tributos populares, Jesus, pela primeira vez, pregou as bem-aventuran\u00e7as celestiais. Sua voz ca\u00eda como b\u00e1lsamo eterno, sobre os cora\u00e7\u00f5es desditosos.<\/p>\n<p>Bem-aventurados os pobres e os aflitos!<\/p>\n<p>Bem-aventurados os sedentos de justi\u00e7a e miseric\u00f3rdia! &#8230;<\/p>\n<p>Bem-aventurados os pac\u00edficos e os simples de\u00a0\u00a0 cora\u00e7\u00e3o! &#8230;<\/p>\n<p>Por muito tempo falou do Reino de Deus, onde o amor edificaria maravilhas perenes e sublimadas. Suas promessas pareciam dirigidas ao incomensur\u00e1vel futuro humano. Do alto do monte, soprava um vento leve, em deliciosas vagas de perfume. As brisas da Galil\u00e9ia se haviam impregnado da virtude poderosa e indestrut\u00edvel daquelas palavras e, obedecendo a uma determina\u00e7\u00e3o superior, iam espalhar-se entre todos os aflitos da Terra.<\/p>\n<p>Quando Jesus terminou a sua alocu\u00e7\u00e3o, algumas estrelas j\u00e1 brilhavam no firmamento, como radiosas b\u00ean\u00e7\u00e3os divinas. Muitas m\u00e3es sofredoras e oprimidas, com suave fulgor nos olhos, lhe trouxeram os filhinhos para que ele os aben\u00e7oasse. Anci\u00e3es de frontes nevadas pelos invernos da vida lhe beijavam as m\u00e3os. Cegos e leprosos rodeavam-no com semblante sorridente e diziam:\u00a0 Bendito seja o filho de Deus! Jesus acolhia-os satisfeito, enviando a todos o sorriso de sua afei\u00e7\u00e3o.<\/p>\n<p>Levi sentiu que, naquele crep\u00fasculo inolvid\u00e1vel, uma emo\u00e7\u00e3o diferente lhe dominava a alma. Havia compreendido os que abandonam as ilus\u00f5es do mundo para se elevarem a Deus. Observando as filas dos humildes populares que se retiravam, tomados de imenso conforto, o disc\u00edpulo percebeu que os pobres amigos que o visitaram \u00e0 tarde desciam o monte, abra\u00e7ados, com uma express\u00e3o de grande ventura, como se os animasse um j\u00fabilo sem limite.\u00a0 O coletor de Cafarnaum aproximou-se e os saudou transbordante de alegria, compreendendo que o ensino do Mestre, em toda a sua luz, abrangia o porvir infinito do mundo.\u00a0 Grande esperan\u00e7a e indefin\u00edvel paz lhe haviam penetrado o \u00e2mago do ser. No dia imediato, o ex-publicano abriu suas portas a todos os convivas daquele crep\u00fasculo memor\u00e1vel.\u00a0 Jesus participou da festa, partiu o p\u00e3o e se alegrou com eles. E quando Levi abra\u00e7ou o aleijado Lisandro, com a sinceridade de sua alma fiel, o Mestre o contemplou enternecido e disse: \u201cLevi, meu cora\u00e7\u00e3o se rejubila hoje contigo, porque s\u00e3o tamb\u00e9m bem-aventurados todos AMOR E REN\u00daNCIA os que ouvem e compreendem a palavra de Deus! &#8230;<\/p>\n","protected":false},"excerpt":{"rendered":"<p>11 &#8211;\u00a0 O Serm\u00e3o do Monte (Da obra \u201cBoa Nova\u201d de Humberto de Campo, psicografada por Chico Xavier) Difundidas as primeiras claridades da Boa Nova, todos os enfermos e derrotados da sorte, habitantes de Corazim, Magdala, Betsaida, Dalmanuta e outras &hellip; <a href=\"https:\/\/xn--regeneraoplanetria-dsb6a7f.com.br\/index.php\/boa-nova-1\/11-o-sermao-do-monte\/\">Continue lendo <span class=\"meta-nav\">&rarr;<\/span><\/a><\/p>\n","protected":false},"author":1,"featured_media":0,"parent":548,"menu_order":0,"comment_status":"open","ping_status":"open","template":"","meta":{"footnotes":""},"class_list":["post-678","page","type-page","status-publish","hentry"],"_links":{"self":[{"href":"https:\/\/xn--regeneraoplanetria-dsb6a7f.com.br\/index.php\/wp-json\/wp\/v2\/pages\/678","targetHints":{"allow":["GET"]}}],"collection":[{"href":"https:\/\/xn--regeneraoplanetria-dsb6a7f.com.br\/index.php\/wp-json\/wp\/v2\/pages"}],"about":[{"href":"https:\/\/xn--regeneraoplanetria-dsb6a7f.com.br\/index.php\/wp-json\/wp\/v2\/types\/page"}],"author":[{"embeddable":true,"href":"https:\/\/xn--regeneraoplanetria-dsb6a7f.com.br\/index.php\/wp-json\/wp\/v2\/users\/1"}],"replies":[{"embeddable":true,"href":"https:\/\/xn--regeneraoplanetria-dsb6a7f.com.br\/index.php\/wp-json\/wp\/v2\/comments?post=678"}],"version-history":[{"count":0,"href":"https:\/\/xn--regeneraoplanetria-dsb6a7f.com.br\/index.php\/wp-json\/wp\/v2\/pages\/678\/revisions"}],"up":[{"embeddable":true,"href":"https:\/\/xn--regeneraoplanetria-dsb6a7f.com.br\/index.php\/wp-json\/wp\/v2\/pages\/548"}],"wp:attachment":[{"href":"https:\/\/xn--regeneraoplanetria-dsb6a7f.com.br\/index.php\/wp-json\/wp\/v2\/media?parent=678"}],"curies":[{"name":"wp","href":"https:\/\/api.w.org\/{rel}","templated":true}]}}