{"id":756,"date":"2013-05-01T19:13:27","date_gmt":"2013-05-01T22:13:27","guid":{"rendered":"http:\/\/xn--regeneraoplanetria-dsb6a7f.com.br\/?page_id=756"},"modified":"2013-05-01T19:17:40","modified_gmt":"2013-05-01T22:17:40","slug":"14-a-licao-a-nicodemos","status":"publish","type":"page","link":"https:\/\/xn--regeneraoplanetria-dsb6a7f.com.br\/index.php\/boa-nova-1\/14-a-licao-a-nicodemos\/","title":{"rendered":"14 &#8211; A Li\u00e7\u00e3o a Nicodemus"},"content":{"rendered":"<p>14 &#8211; A LI\u00c7\u00c3O A NICODEMOS<\/p>\n<p>(Da obra &#8220;Boa Nova&#8221;)<\/p>\n<p>Em face dos novos ensinamentos de Jesus, todos os fariseus do templo se tomavam de inexced\u00edveis cuidados, pelo seu extremado apego aos textos antigos. O Mestre, por\u00e9m, nunca perdeu ensejo de esclarecer as situa\u00e7\u00f5es mais dif\u00edceis com a luz da verdade que a sua palavra divina trazia ao pensamento do mundo. Grande n\u00famero de doutores n\u00e3o conseguia ocultar o seu descontentamento, porque, n\u00e3o obstante suas atividades derrotistas, continuavam as a\u00e7\u00f5es generosas de Jesus beneficiando os aflitos e os sofredores. Discutiam-se os novos princ\u00edpios, no grande templo de Jerusal\u00e9m, nas suas pra\u00e7as p\u00fablicas e nas sinagogas. Os mais humildes e pobres viam no Messias o emiss\u00e1rio de Deus, cujas m\u00e3os repartiam em abund\u00e2ncia os bens da paz e da consola\u00e7\u00e3o. As personalidades importantes temiam-no.<\/p>\n<p>E que o profeta n\u00e3o se deixava seduzir pelas grandes promessas que lhe faziam com refer\u00eancia ao seu futuro material. Jamais temperava a sua palavra de verdade com as conveni\u00eancias do comodismo da \u00e9poca. Apesar de magn\u00e2nimo para com todas as faltas alheias, combatia o mal com t\u00e3o intenso ardor, que para logo se fazia objeto de hostilidade para todas as inten\u00e7\u00f5es inconfess\u00e1veis. Mormente em Jerusal\u00e9m que, com o seu cosmopolitismo, era um expressivo retrato do mundo, as id\u00e9ias do Senhor acendiam as mais apaixonadas discuss\u00f5es. Eram populares que se entregavam \u00e0 apologia franca da doutrina de Jesus, servos que o sentiam com todo o calor do cora\u00e7\u00e3o reconhecido, sacerdotes que o combatiam abertamente, convencionalistas que n\u00e3o o toleravam, indiv\u00edduos abastados que se insurgiam contra os seus ensinos.<\/p>\n<p>Todavia, sem embargo das dissens\u00f5es naturais que precedem o estabelecimento definitivo das id\u00e9ias novas, alguns esp\u00edritos acompanhavam o Messias, tomados de vivo interesse pelos seus elevados princ\u00edpios. Entre estes, figurava Nicodemos, fariseu not\u00e1vel pelo cora\u00e7\u00e3o bem formado e pelos dotes da intelig\u00eancia. Assim, uma noite, ao cabo de grandes preocupa\u00e7\u00f5es e longos racioc\u00ednios, procurou a Jesus, em particular, seduzido pela magnanimidade de suas a\u00e7\u00f5es e pela grandeza de sua doutrina salvadora. O Messias estava acompanhado apenas de dois dos seus disc\u00edpulos e recebeu a visita com a sua bondade costumeira.<\/p>\n<p>Ap\u00f3s a sauda\u00e7\u00e3o habitual e revelando as suas \u00e2nsias de conhecimento, depois de fundas medita\u00e7\u00f5es, Nicodemos dirigiu-se-lhe respeitoso:<\/p>\n<p>&#8211; Mestre, bem sabemos que vindes de Deus, pois somente com a luz da assist\u00eancia divina poder\u00edeis realizar o que tendes efetuado, mostrando o sinal do c\u00e9u em vossas m\u00e3os. Tenho empregado a minha exist\u00eancia em interpretar a lei, mas desejava receber a vossa palavra sobre os recursos de que deverei lan\u00e7ar m\u00e3o para conhecer o Reino de Deus!<\/p>\n<p>O Mestre sorriu bondosamente e esclareceu:<\/p>\n<p>&#8211; Primeiro que tudo, Nicodemos, n\u00e3o basta que tenhas vivido a interpretar a lei. Antes de raciocinar sobre as suas disposi\u00e7\u00f5es, deverias ter-lhe sentido os textos.\u00a0 Mas, em verdade devo dizer-te que ningu\u00e9m conhecer\u00e1 o Reino do C\u00e9u, sem nascer de novo.<\/p>\n<p>&#8211; Como pode um homem nascer de novo, sendo velho? &#8211; interrogou o fariseu, altamente surpreendido. &#8211; Poder\u00e1, porventura, regressar ao ventre de sua m\u00e3e?<\/p>\n<p>O Messias fixou nele os olhos calmos, consciente da gravidade do assunto em foco, e acrescentou:<\/p>\n<p>&#8211; Em verdade, reafirmo-te ser indispens\u00e1vel que o homem nas\u00e7a e renas\u00e7a, para conhecer plenamente a luz do reino! &#8230;<\/p>\n<p>&#8211; Entretanto, como pode isso ser? &#8211; perguntou Nicodemos, perturbado.<\/p>\n<p>&#8211; \u00c9s mestre em Israel e ignoras estas coisas? &#8211; inquiriu Jesus, como que surpreendido. &#8211; \u00c9 natural que cada um somente testifique daquilo que saiba; por\u00e9m, precisamos considerar que tu ensinas. Apesar disso, n\u00e3o aceitas os nossos testemunhos. Se falando eu de coisas terrenas sentes dificuldades em compreend\u00ea-las com os teus racioc\u00ednios sobre a lei, como poder\u00e1s aceitar as minhas afirmativas quando eu disser das coisas celestiais? Seria loucura destinar os alimentos apropriados a um velho para o organismo fr\u00e1gil de uma crian\u00e7a.<\/p>\n<p>Extremamente confundido, retirou-se o fariseu, ficando Andr\u00e9 e Tiago empenhados em obter do Messias o necess\u00e1rio esclarecimento, acerca daquela li\u00e7\u00e3o nova.<\/p>\n<p>Jerusal\u00e9m quase dormia sob o v\u00e9u espesso da noite alta. Sil\u00eancio profundo se fizera sobre a cidade. Jesus, no entanto, e aqueles dois disc\u00edpulos continuavam presos \u00e0 conversa\u00e7\u00e3o particular que haviam entabulado. Desejavam eles ardentemente penetrar o sentido oculto das palavras do Mestre. Como seria poss\u00edvel aquele renascimento? N\u00e3o obstante os seus conhecimentos, tamb\u00e9m partilhavam da perplexidade que levara Nicodemos a se retirar fundamente surpreendido.<\/p>\n<p>&#8211; Por que tamanha admira\u00e7\u00e3o, em face destas verdades? perguntou- lhes Jesus, bondosamente. &#8211; As \u00e1rvores n\u00e3o renascem depois de podadas? Com respeito aos homens, o processo \u00e9 diferente, mas o esp\u00edrito de renova\u00e7\u00e3o \u00e9 sempre o mesmo. O corpo \u00e9 uma veste. O homem \u00e9 seu dono. Toda roupagem material acaba rota, por\u00e9m, o homem, que \u00e9 filho de Deus, encontra sempre em seu amor os elementos necess\u00e1rios \u00e0 mudan\u00e7a do vestu\u00e1rio. A morte do corpo \u00e9 essa mudan\u00e7a indispens\u00e1vel, porque a alma caminhar\u00e1 sempre, atrav\u00e9s de outras experi\u00eancias, at\u00e9 que consiga a imprescind\u00edvel provis\u00e3o de luz para a estrada definitiva no Reino de Deus, com toda a perfei\u00e7\u00e3o conquistada ao longo dos rudes caminhos.<\/p>\n<p>Andr\u00e9 sentiu que uma nova compreens\u00e3o lhe felicitava o esp\u00edrito simples e perguntou:<\/p>\n<p>&#8211; Mestre, j\u00e1 que o corpo \u00e9 como que \u00e0 roupa material das almas, por que n\u00e3o somos todos iguais no mundo? Vejo belos jovens, junto de aleijados e paral\u00edticos&#8230;<\/p>\n<p>&#8211; Acaso n\u00e3o tenho ensinado &#8211; disse Jesus &#8211; que tem de chorar todo aquele que se transforma em instrumento de esc\u00e2ndalo? Cada alma conduz consigo mesma o inferno ou o c\u00e9u que edificou no \u00e2mago da consci\u00eancia. Seria justo conceder-se uma segunda veste mais perfeita e mais bela ao esp\u00edrito rebelde que estragou a primeira? Que dir\u00edamos da sabedoria de Nosso Pai, se facultasse as possibilidades mais preciosas aos que as utilizaram na v\u00e9spera para o roubo, o assass\u00ednio, a destrui\u00e7\u00e3o? Os que abusaram da t\u00fanica da riqueza vestir\u00e3o depois as dos \u00e2mulos e escravos mais humildes, como as m\u00e3os que feriram podem vir a ser cortadas.<\/p>\n<p>&#8211; Senhor, compreendo agora o mecanismo do resgate &#8211; murmurou Tiago, externando a alegria do seu entendimento. &#8211; Mas, observo que, desse modo, o mundo precisar\u00e1 sempre do clima do esc\u00e2ndalo e do sofrimento, desde que o devedor, para saldar seu d\u00e9bito, n\u00e3o poder\u00e1 faz\u00ea-lo sem que outro lhe tome o lugar com a mesma d\u00edvida.<\/p>\n<p>O Mestre apreendeu a amplitude da obje\u00e7\u00e3o e esclareceu os disc\u00edpulos, perguntando:<\/p>\n<p>&#8211; Dentro da lei de Mois\u00e9s, como se verifica o processo da reden\u00e7\u00e3o?<\/p>\n<p>Tiago meditou um instante e respondeu:<\/p>\n<p>&#8211; Tamb\u00e9m na lei est\u00e1 escrito que o homem pagar\u00e1 &#8216;olho por olho, dente por dente&#8221;.\u00a0 &#8211; Tamb\u00e9m tu, Tiago, est\u00e1s procedendo como Nico- demos &#8211; replicou Jesus com generoso sorriso. &#8211; Como todos os homens, ali\u00e1s, tens raciocinado, mas n\u00e3o tens sentido. Ainda n\u00e3o ponderaste, talvez, que o primeiro mandamento da lei \u00e9 uma determina\u00e7\u00e3o de amor. Acima do &#8220;n\u00e3o adulterar\u00e1s&#8221;, do &#8220;n\u00e3o cobi\u00e7ar\u00e1s&#8221;, est\u00e1 o &#8220;amar a Deus sobre todas as coisas, de todo o cora\u00e7\u00e3o e de todo o entendimento&#8221;. Como poder\u00e1 algu\u00e9m amar o Pai, aborrecendo-lhe a obra? Contudo, n\u00e3o estranho a exiguidade de vis\u00e3o espiritual com que examinaste o texto dos profetas. Todas as criaturas h\u00e3o feito o mesmo. Investigando as revela\u00e7\u00f5es do c\u00e9u com o ego\u00edsmo que lhes \u00e9 pr\u00f3prio, organizaram a justi\u00e7a como o edif\u00edcio mais alto do idealismo humano. E, entretanto, coloco o amor acima da justi\u00e7a do mundo e tenho ensinado que s\u00f3 ele cobre a multid\u00e3o dos pecados. Se nos prendemos \u00e0 lei de tali\u00e3o, somos obrigados a reconhecer que onde existe um assassino haver\u00e1, mais tarde, um homem que necessita ser assassinado; com a lei do amor, por\u00e9m, compreendemos que o verdugo e a v\u00edtima s\u00e3o dois irm\u00e3os, filhos de um mesmo Pai. Basta que ambos sintam isso para que a fraternidade divina afaste os fantasmas do esc\u00e2ndalo e do sofrimento.<\/p>\n<p>Ante as elucida\u00e7\u00f5es do Mestre, os dois disc\u00edpulos estavam maravilhados. Aquela li\u00e7\u00e3o profunda esclarecia-os para sempre.<\/p>\n<p>Tiago, ent\u00e3o, aproximou-se e sugeriu a Jesus que proclamasse aquelas verdades novas na prega\u00e7\u00e3o do dia seguinte. O Mestre dirigiu-lhe um olhar de admira\u00e7\u00e3o e interrogou:<\/p>\n<p>&#8211; Ser\u00e1 que n\u00e3o compreendeste? Pois, se um doutor da lei saiu daqui sem que eu lhe pudesse explicar toda a verdade, como queres que proceda de modo contr\u00e1rio, para com a compreens\u00e3o simplista do esp\u00edrito popular? Algu\u00e9m constr\u00f3i uma casa iniciando pelo teto o trabalho? Al\u00e9m disso, mandarei mais tarde o Consolador, a fim de esclarecer e dilatar os meus ensinos.<\/p>\n<p>Eminentemente impressionados, Andr\u00e9 e Tiago calaram as derradeiras interroga\u00e7\u00f5es. Aquela palestra particular, entre o Senhor e os disc\u00edpulos, permaneceria guardada na sombra leve da noite em Jerusal\u00e9m; mas, a li\u00e7\u00e3o a Nicodemos estava dada. A lei da reencarna\u00e7\u00e3o estava proclamada para sempre, no Evangelho do Reino.<\/p>\n","protected":false},"excerpt":{"rendered":"<p>14 &#8211; A LI\u00c7\u00c3O A NICODEMOS (Da obra &#8220;Boa Nova&#8221;) Em face dos novos ensinamentos de Jesus, todos os fariseus do templo se tomavam de inexced\u00edveis cuidados, pelo seu extremado apego aos textos antigos. O Mestre, por\u00e9m, nunca perdeu ensejo &hellip; <a href=\"https:\/\/xn--regeneraoplanetria-dsb6a7f.com.br\/index.php\/boa-nova-1\/14-a-licao-a-nicodemos\/\">Continue lendo <span class=\"meta-nav\">&rarr;<\/span><\/a><\/p>\n","protected":false},"author":1,"featured_media":0,"parent":548,"menu_order":0,"comment_status":"open","ping_status":"open","template":"","meta":{"footnotes":""},"class_list":["post-756","page","type-page","status-publish","hentry"],"_links":{"self":[{"href":"https:\/\/xn--regeneraoplanetria-dsb6a7f.com.br\/index.php\/wp-json\/wp\/v2\/pages\/756","targetHints":{"allow":["GET"]}}],"collection":[{"href":"https:\/\/xn--regeneraoplanetria-dsb6a7f.com.br\/index.php\/wp-json\/wp\/v2\/pages"}],"about":[{"href":"https:\/\/xn--regeneraoplanetria-dsb6a7f.com.br\/index.php\/wp-json\/wp\/v2\/types\/page"}],"author":[{"embeddable":true,"href":"https:\/\/xn--regeneraoplanetria-dsb6a7f.com.br\/index.php\/wp-json\/wp\/v2\/users\/1"}],"replies":[{"embeddable":true,"href":"https:\/\/xn--regeneraoplanetria-dsb6a7f.com.br\/index.php\/wp-json\/wp\/v2\/comments?post=756"}],"version-history":[{"count":0,"href":"https:\/\/xn--regeneraoplanetria-dsb6a7f.com.br\/index.php\/wp-json\/wp\/v2\/pages\/756\/revisions"}],"up":[{"embeddable":true,"href":"https:\/\/xn--regeneraoplanetria-dsb6a7f.com.br\/index.php\/wp-json\/wp\/v2\/pages\/548"}],"wp:attachment":[{"href":"https:\/\/xn--regeneraoplanetria-dsb6a7f.com.br\/index.php\/wp-json\/wp\/v2\/media?parent=756"}],"curies":[{"name":"wp","href":"https:\/\/api.w.org\/{rel}","templated":true}]}}