{"id":928,"date":"2013-05-15T07:57:56","date_gmt":"2013-05-15T10:57:56","guid":{"rendered":"http:\/\/xn--regeneraoplanetria-dsb6a7f.com.br\/?page_id=928"},"modified":"2013-05-17T22:13:10","modified_gmt":"2013-05-18T01:13:10","slug":"8-manifestacoes-inteligentes","status":"publish","type":"page","link":"https:\/\/xn--regeneraoplanetria-dsb6a7f.com.br\/index.php\/lm\/8-manifestacoes-inteligentes\/","title":{"rendered":"08 &#8211; Manifesta\u00e7\u00f5es Inteligentes"},"content":{"rendered":"<p>O LIVRO DOS M\u00c9DIUNS \u2013 SEGUNDA PARTE<\/p>\n<p>CAP\u00cdTULO III<\/p>\n<p><b>DAS MANIFESTA\u00c7\u00d5ES INTELIGENTES<\/b><\/p>\n<p>65. No que acabamos de ver, nada certamente revela a interven\u00e7\u00e3o de uma pot\u00eancia oculta e os efeitos que passamos em revista poderiam explicar-se perfeitamente pela a\u00e7\u00e3o de uma corrente magn\u00e9tica, ou el\u00e9trica, ou, ainda, pela de um fluido qualquer.<\/p>\n<p>Tal foi, precisamente, a primeira solu\u00e7\u00e3o dada a tais fen\u00f4menos e que, com raz\u00e3o, podia passar por muito l\u00f3gica. Teria, n\u00e3o h\u00e1 d\u00favida, prevalecido, se outros fatos n\u00e3o tivessem vindo demonstr\u00e1-la insuficiente. Estes fatos s\u00e3o as provas de intelig\u00eancia que eles deram. Ora, como todo efeito inteligente h\u00e1 de por for\u00e7a derivar de uma causa inteligente, ficou evidenciado que, mesmo admitindo-se, em tais casos, a interven\u00e7\u00e3o da eletricidade, ou de qualquer outro fluido, outra causa a essa se achava associada. Qual era ela? Qual a intelig\u00eancia? Foi o que o seguimento das observa\u00e7\u00f5es mostrou.<\/p>\n<p>66. Para uma manifesta\u00e7\u00e3o ser inteligente, indispens\u00e1vel n\u00e3o \u00e9 que seja eloquente, espirituosa, ou s\u00e1bia; basta que prove ser um ato livre e volunt\u00e1rio, exprimindo uma inten\u00e7\u00e3o, ou respondendo a um pensamento. Decerto, quando uma ventoinha se move, toda gente sabe que apenas obedece a uma impuls\u00e3o mec\u00e2nica: \u00e0 do vento; mas, se se reconhecessem nos seus movimentos sinais de serem eles intencionais, se ela girasse para a direita ou para a esquerda, depressa ou devagar, conforme se lhe ordenasse, for\u00e7oso seria admitir-se, n\u00e3o que a ventoinha era inteligente, por\u00e9m, que obedecia a uma intelig\u00eancia. Isso o que se deu com a mesa.<\/p>\n<p>67. Vimo-la mover-se, levantar-se, dar pancadas, sob a influ\u00eancia de um ou de muitos m\u00e9diuns. O primeiro efeito inteligente observado foi o obedecerem esses movimentos a uma determina\u00e7\u00e3o. Assim \u00e9 que, sem mudar de lugar, a mesa se erguia alternativamente sobre o p\u00e9 que se lhe indicava; depois, caindo, batia um n\u00famero determinado de pancadas, respondendo a uma pergunta. Doutras vezes, sem o contato de pessoa alguma, passeava sozinha pelo aposento, indo para a direita, ou para a esquerda, para diante, ou para tr\u00e1s, executando movimentos diversos, conforme o ordenavam os assistentes. Est\u00e1 bem visto que pomos de parte qualquer suposi\u00e7\u00e3o de fraude; que admitimos a perfeita lealdade das testemunhas, atestada pela honradez e pelo absoluto desinteresse de todas. Falaremos mais tarde dos embustes contra os quais manda a prud\u00eancia que se esteja precavido.<\/p>\n<p>68. Por meio de pancadas e, sobretudo, por meio dos estalidos, de que h\u00e1 pouco tratamos, produzidos no interior da mesa, obt\u00eam-se efeitos ainda mais inteligentes, como sejam: a imita\u00e7\u00e3o dos rufos do tambor, da fuzilaria de descarga por fila ou por pelot\u00e3o, de um canhoneio; depois, a do ranger da serra, dos golpes de martelo, do ritmo de diferentes \u00e1rias, etc. Era, como bem se compreende, um vasto campo a ser explorado. Raciocinou-se que, se naquilo havia uma intelig\u00eancia oculta, for\u00e7osamente lhe seria poss\u00edvel responder a perguntas e ela de fato respondeu, por um sim, por um n\u00e3o, dando o n\u00famero de pancadas que se convencionara para um caso e outro.<\/p>\n<p>Por serem muito insignificantes essas respostas, surgiu a id\u00e9ia de fazer-se que a mesa indicasse as letras do alfabeto e compusesse assim palavras e frases.<\/p>\n<p>69. Estes fatos, repetidos \u00e0 vontade por milhares de pessoas e em todos os pa\u00edses, n\u00e3o podiam deixar d\u00favida sobre a natureza inteligente das manifesta\u00e7\u00f5es. Foi ent\u00e3o que apareceu um novo sistema, segundo o qual essa intelig\u00eancia seria a do m\u00e9dium, do interrogante, ou mesmo dos assistentes. A dificuldade estava em explicar como semelhante intelig\u00eancia podia refletir-se na mesa e se expressar por pancadas.<\/p>\n<p>Averiguado que estas n\u00e3o eram dadas pelo m\u00e9dium, deduziu-se que, ent\u00e3o, o eram pelo pensamento. Mas, o pensamento a dar pancadas constitu\u00eda fen\u00f4meno ainda mais prodigioso do que todos os que haviam sido observados. N\u00e3o tardou que a experi\u00eancia demonstrasse a inadmissibilidade de tal opini\u00e3o. Efetivamente, as respostas muito ami\u00fade se achavam em oposi\u00e7\u00e3o formal \u00e0s id\u00e9ias dos assistentes, fora do alcance intelectual do m\u00e9dium e eram at\u00e9 dadas em l\u00ednguas que este ignorava, ou referia fatos que todos desconheciam. S\u00e3o t\u00e3o numerosos os exemplos, que quase imposs\u00edvel \u00e9 n\u00e3o ter sido disso testemunha muitas vezes quem quer que j\u00e1 um pouco se ocupou com as manifesta\u00e7\u00f5es Esp\u00edritas. Citaremos apenas um, que nos foi relatado por uma testemunha ocular.<\/p>\n<p>70. Num navio da marinha imperial francesa, estacionado nos mares da China, toda a equipagem, desde os marinheiros at\u00e9 o estado-maior, se ocupava em fazer que as mesas falassem. Tiveram a id\u00e9ia de evocar o Esp\u00edrito de um tenente que pertencera \u00e0 guarni\u00e7\u00e3o do mesmo navio e que morrera havia dois anos. O Esp\u00edrito veio e, depois de v\u00e1rias comunica\u00e7\u00f5es que a todos encheram de espanto, disse o que segue, por meio de pancadas: \u201cPe\u00e7o-vos instantemente que mandeis pagar ao capit\u00e3o a soma de&#8230; (indicava a cifra), que lhe devo e que lamento n\u00e3o ter podido restituir-lhe antes de minha morte.&#8221; Ningu\u00e9m conhecia o fato: o pr\u00f3prio capit\u00e3o esquecera esse d\u00e9bito, ali\u00e1s m\u00ednimo. Mas, procurando nas suas contas, encontrou uma nota da d\u00edvida do tenente, de import\u00e2ncia exatamente id\u00eantica \u00e0 que o Esp\u00edrito indicara. Perguntamos: do pensamento de quem podia essa indica\u00e7\u00e3o ser o reflexo?<\/p>\n<p>71. Aperfei\u00e7oou-se a arte de obter comunica\u00e7\u00f5es pelo processo das pancadas alfab\u00e9ticas, mas o meio continuava a ser muito moroso. Algumas, entretanto, se obtiveram de certa extens\u00e3o, assim como interessantes revela\u00e7\u00f5es sobre o mundo dos Esp\u00edritos. Estes indicaram outros meios e a eles se deve o das comunica\u00e7\u00f5es escritas.<\/p>\n<p>Receberam-se as primeiras deste g\u00eanero, adaptando-se um l\u00e1pis ao p\u00e9 de uma mesa leve, colocada sobre uma folha de papel. Posta em movimento pela influ\u00eancia de um m\u00e9dium, a mesa come\u00e7ou a tra\u00e7ar caracteres, depois palavras e frases. Simplificou-se gradualmente o processo, pelo emprego de mesinhas do tamanho de uma m\u00e3o, constru\u00eddas expressamente para isso; em seguida, pelo de cestas, de caixas de papel\u00e3o e, afinal, pelo de simples pranchetas. A escrita sa\u00eda t\u00e3o corrente, t\u00e3o r\u00e1pida e t\u00e3o f\u00e1cil como com a m\u00e3o. Por\u00e9m, reconheceu-se mais tarde que todos aqueles objetos n\u00e3o passavam, em definitiva, de ap\u00eandices, de verdadeiras lapiseiras, de que se podia prescindir, segurando o m\u00e9dium, com sua pr\u00f3pria m\u00e3o, o l\u00e1pis. For\u00e7ada a um movimento involunt\u00e1rio, a m\u00e3o escrevia sob o impulso que lhe imprimia o Esp\u00edrito e sem o concurso da vontade, nem do pensamento do m\u00e9dium. A partir de ent\u00e3o, as comunica\u00e7\u00f5es de al\u00e9m-t\u00famulo se tornaram sem limites, como o \u00e9 a correspond\u00eancia habitual entre os vivos.<\/p>\n<p>Voltaremos a tratar destes diferentes meios, a fim de explic\u00e1-los minuciosamente. Por ora, limitamo-nos a esbo\u00e7\u00e1-los, para mostrar os fatos sucessivos que levaram os observadores a reconhecer, nestes fen\u00f4menos, a interven\u00e7\u00e3o de intelig\u00eancias ocultas, ou, por outra, dos Esp\u00edritos.<\/p>\n","protected":false},"excerpt":{"rendered":"<p>O LIVRO DOS M\u00c9DIUNS \u2013 SEGUNDA PARTE CAP\u00cdTULO III DAS MANIFESTA\u00c7\u00d5ES INTELIGENTES 65. No que acabamos de ver, nada certamente revela a interven\u00e7\u00e3o de uma pot\u00eancia oculta e os efeitos que passamos em revista poderiam explicar-se perfeitamente pela a\u00e7\u00e3o de &hellip; <a href=\"https:\/\/xn--regeneraoplanetria-dsb6a7f.com.br\/index.php\/lm\/8-manifestacoes-inteligentes\/\">Continue lendo <span class=\"meta-nav\">&rarr;<\/span><\/a><\/p>\n","protected":false},"author":1,"featured_media":0,"parent":893,"menu_order":0,"comment_status":"open","ping_status":"open","template":"","meta":{"footnotes":""},"class_list":["post-928","page","type-page","status-publish","hentry"],"_links":{"self":[{"href":"https:\/\/xn--regeneraoplanetria-dsb6a7f.com.br\/index.php\/wp-json\/wp\/v2\/pages\/928","targetHints":{"allow":["GET"]}}],"collection":[{"href":"https:\/\/xn--regeneraoplanetria-dsb6a7f.com.br\/index.php\/wp-json\/wp\/v2\/pages"}],"about":[{"href":"https:\/\/xn--regeneraoplanetria-dsb6a7f.com.br\/index.php\/wp-json\/wp\/v2\/types\/page"}],"author":[{"embeddable":true,"href":"https:\/\/xn--regeneraoplanetria-dsb6a7f.com.br\/index.php\/wp-json\/wp\/v2\/users\/1"}],"replies":[{"embeddable":true,"href":"https:\/\/xn--regeneraoplanetria-dsb6a7f.com.br\/index.php\/wp-json\/wp\/v2\/comments?post=928"}],"version-history":[{"count":0,"href":"https:\/\/xn--regeneraoplanetria-dsb6a7f.com.br\/index.php\/wp-json\/wp\/v2\/pages\/928\/revisions"}],"up":[{"embeddable":true,"href":"https:\/\/xn--regeneraoplanetria-dsb6a7f.com.br\/index.php\/wp-json\/wp\/v2\/pages\/893"}],"wp:attachment":[{"href":"https:\/\/xn--regeneraoplanetria-dsb6a7f.com.br\/index.php\/wp-json\/wp\/v2\/media?parent=928"}],"curies":[{"name":"wp","href":"https:\/\/api.w.org\/{rel}","templated":true}]}}