{"id":990,"date":"2013-05-26T20:16:53","date_gmt":"2013-05-26T23:16:53","guid":{"rendered":"http:\/\/xn--regeneraoplanetria-dsb6a7f.com.br\/?page_id=990"},"modified":"2013-05-26T20:16:53","modified_gmt":"2013-05-26T23:16:53","slug":"chico-xavier-e-transicao-planetaria","status":"publish","type":"page","link":"https:\/\/xn--regeneraoplanetria-dsb6a7f.com.br\/index.php\/transicao\/chico-xavier-e-transicao-planetaria\/","title":{"rendered":"Chico Xavier e transi\u00e7\u00e3o planet\u00e1ria"},"content":{"rendered":"<p><b>Chico Xavier fala sobre a <\/b>transi\u00e7\u00e3o planet\u00e1ria<b> <\/b><\/p>\n<p>A conversa abaixo foi feita no dia 5 de janeiro de 1954<\/p>\n<p>Pergunta: \u2013 Que pode o irm\u00e3o dizer-nos a respeito do astro que se avizinha, segundo a predi\u00e7\u00e3o de <b>Ramat\u00eds<\/b>?<\/p>\n<p>Chico Xavier: \u2013 Esclarece nosso orientador espiritual que o assunto alusivo \u00e0 aproxima\u00e7\u00e3o de um Planeta ou de Planetas, da zona \u2013 ou melhor da aura da Terra \u2013 deve, naturalmente, <b>basear-se em estudos cient\u00edficos<\/b>, que possam saciar a curiosidade construtiva das novas gera\u00e7\u00f5es renascentes no mundo. (<b>Ver: <\/b><a href=\"http:\/\/www.guia.heu.nom.br\/Planeta_X.html\">Planeta X<\/a>)<\/p>\n<p>O problema, desse modo, envolve acurados exames, com a colabora\u00e7\u00e3o da ci\u00eancia e da observa\u00e7\u00e3o de nossos dias. Raz\u00e3o por que pede ele que n\u00e3o nos detenhamos na express\u00e3o f\u00edsica dos acontecimentos que se vizinham, para marcar maiores acontecimentos \u2013 acontecimentos esses de natureza espetacular \u2013 na transforma\u00e7\u00e3o do plano em que estamos estagiando, no presente s\u00e9culo.<\/p>\n<p>Afirma nosso amigo que o progresso da \u00f3ptica e das ci\u00eancias matem\u00e1ticas, ser\u00e3o portadoras, naturalmente, de ila\u00e7\u00f5es, conclus\u00f5es da mais alta import\u00e2ncia para os nossos destinos, no futuro pr\u00f3ximo.<\/p>\n<p>Pergunta: \u2013 Pode Emmanuel dizer-nos algo a respeito da verticaliza\u00e7\u00e3o do eixo da Terra e das transforma\u00e7\u00f5es que esta sofrer\u00e1, segundo <b>Ramat\u00eds<\/b>?<\/p>\n<p>Chico Xavier: \u2013 Afirma nosso Orientador espiritual que n\u00e3o podemos esquecer que a <a href=\"http:\/\/www.guia.heu.nom.br\/terra.htm\">Terra<\/a>, em sua constitui\u00e7\u00e3o f\u00edsica, propriamente considerada, possui os seus grandes per\u00edodos de atividade e de repouso.<\/p>\n<p>Cada per\u00edodo de atividade e cada per\u00edodo de repouso da MAT\u00e9RIA PLANET\u00e1RIA, que hoje representa o alicerce de nossa morada tempor\u00e1ria, pode ser calculado, cada um, em duzentos e sessenta mil (260.000) anos. Atravessando o per\u00edodo de repouso da mat\u00e9ria terrestre, a vida se reorganiza, enxameando de novo, nos v\u00e1rios departamentos do Planeta, representando, assim, novos caminhos para a evolu\u00e7\u00e3o das almas.<\/p>\n<p>Assim sendo, os GRANDES INSTRUTORES da Humanidade, nos PLANOS SUPERIORES, consideram que, desses 260.000 anos de atividade, 60 a 64 mil anos s\u00e3o empregados na reorganiza\u00e7\u00e3o dos pr\u00f3domos da vida organizada.<\/p>\n<p>Logo em seguida, surge o desenvolvimento das grandes ra\u00e7as que, como grandes quadros, enfeixam assuntos e servi\u00e7os, que dizem respeito \u00e0 evolu\u00e7\u00e3o do esp\u00edrito domiciliado na Terra.<\/p>\n<p>Assim, depois desses 60 a 64 mil anos de reorganiza\u00e7\u00e3o de nossa Casa Planet\u00e1ria, temos sempre grandes transforma\u00e7\u00f5es, de 28 em 28 mil anos.<\/p>\n<p>Depois do per\u00edodo dos 64 mil anos, tivemos duas ra\u00e7as na Terra, cujos tra\u00e7os se perderam, por causa de seu primitivismo.<\/p>\n<p>Logo em seguida, podemos considerar a grande ra\u00e7a <b>Lemuriana<\/b>, como portadora de urna intelig\u00eancia algo mais avan\u00e7ada, detentora de valores mais altos, nos dom\u00ednios do esp\u00edrito.<\/p>\n<p>Ap\u00f3s a ra\u00e7a Lemuriana \u2013 em seguida aos 28.000 anos de trabalho lemuriano propriamente considerado \u2013 chegamos ao grande per\u00edodo da ra\u00e7a Atl\u00e2ntida, era outros 28.000 anos de grandes trabalhos, no qual a intelig\u00eancia do mundo se elevou de maneira consider\u00e1vel.<\/p>\n<p>Achamo-nos, agora, nos \u00faltimos per\u00edodos da grande ra\u00e7a Ariana.<\/p>\n<p>Podemos considerar essas ra\u00e7as, como grandes ciclos de servi\u00e7os, em que somos chamados de mil modos diferentes, em cada ano de nossa perman\u00eancia na crosta do planeta, ou fora dela, ao aperfei\u00e7oamento espiritual, que \u00e9 o objetivo de nossas lutas, de nossos problemas, de nossas grandes quest\u00f5es, na esfera de rela\u00e7\u00f5es, uns para com os outros.<\/p>\n<p><b>Assim considerando, ser\u00e1 mais significativo e mais acertado, para n\u00f3s, venhamos a estudar a transforma\u00e7\u00e3o atual da Terra sob um ponto de vida moral<\/b>, para que o servi\u00e7o espiritual, confiado \u00e0s nossas m\u00e3os e aos nossos esfor\u00e7os, n\u00e3o se perca em considera\u00e7\u00f5es, que podem sofrer grandes altera\u00e7\u00f5es, grandes desvios; porque o servi\u00e7o interpretativo da filosofia e da ci\u00eancia est\u00e1 invariavelmente subordinado ao Pensamento Divino, cuja grandeza n\u00e3o podemos perscrutar.<\/p>\n<p>Cabe-nos, ent\u00e3o, sentir, e, mais ainda, reconhecer, que os fen\u00f4menos da vida moderna e as modifica\u00e7\u00f5es que nosso \u201chabitat\u201d terreal vem apresentando nos indicam a vizinhan\u00e7a de atividades renovadoras, de consider\u00e1vel extens\u00e3o.<\/p>\n<p>Da\u00ed esse afluxo de revela\u00e7\u00f5es da vida extra-terrestre, incluindo sobre as cogita\u00e7\u00f5es dos homens; esses apelos reiterados, do mundo dos esp\u00edritos; essa manifesta\u00e7\u00e3o ostensiva, daqueles que, supostamente mortos na Terra, s\u00e3o vivos na eternidade, companheiros dos homens em outras faixas vibrat\u00f3rias do campo em que a humanidade evolui.<\/p>\n<p>Toda essa eclos\u00e3o de not\u00edcias, de mensagens, de avisos da vida espiritual, devem significar para o homem, domiciliado na Terra do presente s\u00e9culo, a urg\u00eancia do aproveitamento das li\u00e7\u00f5es de <a href=\"http:\/\/www.guia.heu.nom.br\/jesus.htm\">JESUS<\/a>. Elas devera ser apreciadas em si mesmas, e examinadas igualmente no exemplo e no ensinamento de todos aqueles que, em variados setores culturais, pol\u00edticos e filos\u00f3ficos do globo \u2013 lhe traduzem a vontade divina, que na ess\u00eancia \u00e9 sempre a nossa jornada para o Supremo Bem.<\/p>\n<p>*Os termos da comunica\u00e7\u00e3o obtida em Curitiba (<b>a \u201cConex\u00e3o de Profecias\u201d, de Ramat\u00eds<\/b>) s\u00e3o de admir\u00e1vel conte\u00fado para a nossa intelig\u00eancia, de vez que, realmente, todos os fatos alusivos \u00e0 evolu\u00e7\u00e3o da Terra, e referentes a todos os eventos, que se relacionam com a nossa peregrina\u00e7\u00e3o para a vida mais alta, est\u00e3o naturalmente planificados, por aqueles MINISTROS de Nosso Senhor JESUS CRISTO; os quais, de acordo com Ele, estabelecem programas de a\u00e7\u00e3o para a COLETIVIDADE PLANET\u00e1RIA, de modo a facilitar-lhe os v\u00f4os para a divina ascens\u00e3o.<\/p>\n<p>Embora, por\u00e9m, esta mensagem, por isso mesmo, seja digna de nosso melhor apre\u00e7o, <b>contudo, na experi\u00eancia de companheiro mais velho, recomenda-nos nosso Orientador Espiritual (Emmanuel) um interesse mais efetivo, para a fixa\u00e7\u00e3o de valores morais em nossa personalidade terrena, de conformidade com os padr\u00f5es estabelecidos no Evangelho de nosso Divino Mestre.<\/b> Porque, para nossa intelig\u00eancia, os fen\u00f4menos renovadores da exist\u00eancia que nos cercam t\u00eam qualquer coisa sensacional, de surpreendente, nosso cora\u00e7\u00e3o de inclinar-se, humilde, diante da Majestade do Senhor, que nos concede tantas oportunidades de trabalho, em n\u00f3s mesmos, a revela\u00e7\u00e3o dos grandes acontecimentos porvindouros; novo soerguimento \u00edntimo, novo modo de ser, a fim de que estejamos realmente habilitados a enfrentar valorosamente as lutas que se avizinham de n\u00f3s, e preparados para desfrutar a Nova Era que, qual bonan\u00e7a depois da tempestade, facilitar\u00e1 nossos c\u00edrculos evolutivos.<\/p>\n<p>Ser\u00e1, todavia, muito importante encarecer, que n\u00e3o devemos reclamar, do TERCEIRO MIL\u00eaNIO, uma transforma\u00e7\u00e3o absolutamente radical, nos processos que caracterizam, por enquanto, a nossa vida terrestre.<\/p>\n<p>O prazo de 47 anos \u00e9 diminuto, para sanar os desequil\u00edbrios morais, de tantos s\u00e9culos, em que o nosso campo coletivo e individual adquiriu tantos d\u00e9bitos, diante da sabedoria e diante do amor, que incessantemente apelam para nossa alma, no sentido de nos levantarmos, para uma clima mais aprimorado da exist\u00eancia.<\/p>\n<p>N\u00e3o podemos esquecer, que grandes imensidades territoriais, na Am\u00e9rica, na \u00e1frica e na \u00e1sia, nos desafiam a capacidade de trabalho. N\u00e3o podemos olvidar, tamb\u00e9m, que a Europa, superalfabetizada, se encontra num Karma de d\u00e9bitos clamorosos, \u00e0 frente da LEI, em doloroso expecta\u00e7\u00e3o, para o reajuste moral, que Ihe \u00e9 necess\u00e1rio.<\/p>\n<p>Aqui mesmo, no Brasil, numa na\u00e7\u00e3o com capacidade de asilar novecentos (900) milh\u00f5es de habitantes, em quatrocentos e alguns anos de evolu\u00e7\u00e3o, mal estamos \u2013 os esp\u00edritos, encarnados na Terra em que temos a b\u00ean\u00e7\u00e3o de aprender ou recapitular a li\u00e7\u00e3o do Evangelho \u2013 mal estamos passando das faixas litor\u00e2neas.<\/p>\n<p>Servi\u00e7os imensos esperam por nossas almas no futuro pr\u00f3ximo.<\/p>\n<p>E, se \u00e9 verdade que devemos aguardar, em nome de Nosso Senhor JESUS CRISTO, condi\u00e7\u00f5es mais favor\u00e1veis para a estabiliza\u00e7\u00e3o da sa\u00fade humana, para o acesso mais f\u00e1cil \u00e0s fontes da ci\u00eancia; se nos compete a obriga\u00e7\u00e3o de esperar o melhor para o dia de amanh\u00e3 cabe-nos, igualmente, o dever de n\u00e3o olvidar que, junto desses direitos, responsabilidades constringentes contam conosco, para que o Mundo possa, efetivamente, atender ao programa Divino, atrav\u00e9s, n\u00e3o somente da superestrutura do pensamento cient\u00edfico \u2013 que \u00e9 hoje um teto brilhante para os servi\u00e7os de intelig\u00eancia do mundo \u2013 mas tamb\u00e9m, atrav\u00e9s de nossos cora\u00e7\u00f5es, chamados a plasmar uma vida, que seja realmente digna de ser vivida por aqueles que nos suceder\u00e3o nos tempos duros; entre os quais, naturalmente, milh\u00f5es de n\u00f3s os reencarnados de agora, formaremos, de novo, como trabalhadores que voltam para o prosseguimento da tarefa de auto acrisolamento, para a ascens\u00e3o sublime, que o Senhor nos reserva.<\/p>\n<p>Considerando, assim, a quest\u00e3o sob este prisma, <b>cabe-nos contar com o concurso da ci\u00eancia<\/b>, no setor das observa\u00e7\u00f5es de ordem material; com a evolu\u00e7\u00e3o dos instrumentos de \u00f3ptica; com o avan\u00e7o dos processos de exame, na esfera da QU\u00edMICA PLANET\u00e1RIA, na qual os mundos podem ser analisados, como \u00e1TOMOS DA AMPLID\u00e3O DE UNIVERSOS, que se sucedem uns aos outros, no infinito da Vida.<\/p>\n<p>Ser\u00e1 l\u00edcito, ent\u00e3o, esperar que certas afirmativas, referentes a vida material, se positivem satisfatoriamente, para mais altas concep\u00e7\u00f5es da MENTE PLANET\u00e1RIA; de vez que, muito breve, o homem estar\u00e1 ligado \u00e0 gl\u00f3ria da RELIGI\u00e3O C\u00f3SMICA, da Religi\u00e3o do Amor e da Sabedoria, que o CRISTIANISMO RENASCENTE, no Espiritismo de hoje, edificar\u00e1 para a Humanidade, ajustando-a ao concerto de b\u00ean\u00e7\u00e3os, que o grande porvir nos reserva. (<b>Ver: <\/b><a href=\"http:\/\/www.guia.heu.nom.br\/Planeta_X.html\">Planeta X<\/a>)<\/p>\n<p>Pergunta: \u2013 Foi, de fato, h\u00e1 37.000 anos que submergiu a Atl\u00e2ntida?<\/p>\n<p>Chico Xavier: \u2013 Diz nosso Amigo (Emmanuel) que o c\u00e1lculo \u00e9, aproximadamente, certo, considerando-se que as \u00faltimas ilhas, que guardavam os remanescentes da civiliza\u00e7\u00e3o Atl\u00e2ntida, submergiram, mais ou menos, 9 a 10 mil anos, antes da Gr\u00e9cia de S\u00f3crates.<\/p>\n<p>Pergunta: * \u2013 Acha nosso irm\u00e3o que a Mensagem de Ramat\u00eds deva ser divulgada com amplitude?<\/p>\n<p>Chico Xavier: \u2013 Diz nosso Orientador que a Mensagem \u00e9 de elevado teor\u2026 E todo trabalho organizado com o respeito, com o carinho e com a dignidade, dentro dos quais essa Mensagem se apresenta, merece a nossa mais ampla considera\u00e7\u00e3o, de vez que todos n\u00f3s, em todos os setores, somos estudiosos, que devemos permutar as nossas experi\u00eancias e as nossas conclus\u00f5es para a assimila\u00e7\u00e3o do progresso, com mais facilidade em favor de n\u00f3s mesmos.<\/p>\n<p><b>* grifo de MCesar<br \/>\nRevista Boa Vontade, Ano 1, n\u00ba 4 \u2013 Outubro de 1956.<\/b><\/p>\n<p>A mensagem acima reproduzida cont\u00e9m a \u00edntegra de uma entrevista realizada com o m\u00e9dium Francisco C\u00e2ndido Xavier e seu Instrutor Espiritual chamado Emmanuel, publicada pela \u201cRevista Esp\u00edrita Allan Kardec\u201d, em sua edi\u00e7\u00e3o de n\u00ba 43.<br \/>\nLogo que apareceram as primeiras publica\u00e7\u00f5es da \u201cConex\u00e3o de Profecias*\u201d, de Ramatis (atualmente com o nome \u201cMensagens do Astral\u201d), fomos a Pedro Leopoldo, a fim de ouvir a palavra autorizada de Emmanuel, atrav\u00e9s daquele aparelho maravilhoso que \u00e9 Francisco C\u00e2ndido Xavier. Isto, porque o que era dito pelo espirito de Ramatis, parecia-nos perfeitamente l\u00f3gico. Mas, como constitu\u00eda novidade, n\u00e3o quer\u00edamos aceitar de pronto algo que n\u00e3o passasse pelo crivo de v\u00e1rias manifesta\u00e7\u00f5es medi\u00fanicas, atrav\u00e9s de diversos aparelhos. *Obs. Hoje com o t\u00edtulo: \u201cMensagens do Astral\u201d.<\/p>\n<p>Desta forma, munidos do aparelho de grava\u00e7\u00e3o em fita, fomos atendidos gentilmente pelo m\u00e9dium, que respondeu \u00e0s perguntas que faz\u00edamos, repetindo as palavras da resposta, que eram ditadas por Emmanuel. A grava\u00e7\u00e3o foi feita no dia 5 de janeiro de 1954. Conservamos at\u00e9 hoje o rolo gravado em nosso poder.<br \/>\n<a href=\"http:\/\/luzdecuraeamor.blogs.sapo.pt\/236456.html\">http:\/\/luzdecuraeamor.blogs.sapo.pt\/236456.html<\/a><\/p>\n","protected":false},"excerpt":{"rendered":"<p>Chico Xavier fala sobre a transi\u00e7\u00e3o planet\u00e1ria A conversa abaixo foi feita no dia 5 de janeiro de 1954 Pergunta: \u2013 Que pode o irm\u00e3o dizer-nos a respeito do astro que se avizinha, segundo a predi\u00e7\u00e3o de Ramat\u00eds? Chico Xavier: &hellip; <a href=\"https:\/\/xn--regeneraoplanetria-dsb6a7f.com.br\/index.php\/transicao\/chico-xavier-e-transicao-planetaria\/\">Continue lendo <span class=\"meta-nav\">&rarr;<\/span><\/a><\/p>\n","protected":false},"author":1,"featured_media":0,"parent":342,"menu_order":0,"comment_status":"open","ping_status":"open","template":"","meta":{"footnotes":""},"class_list":["post-990","page","type-page","status-publish","hentry"],"_links":{"self":[{"href":"https:\/\/xn--regeneraoplanetria-dsb6a7f.com.br\/index.php\/wp-json\/wp\/v2\/pages\/990","targetHints":{"allow":["GET"]}}],"collection":[{"href":"https:\/\/xn--regeneraoplanetria-dsb6a7f.com.br\/index.php\/wp-json\/wp\/v2\/pages"}],"about":[{"href":"https:\/\/xn--regeneraoplanetria-dsb6a7f.com.br\/index.php\/wp-json\/wp\/v2\/types\/page"}],"author":[{"embeddable":true,"href":"https:\/\/xn--regeneraoplanetria-dsb6a7f.com.br\/index.php\/wp-json\/wp\/v2\/users\/1"}],"replies":[{"embeddable":true,"href":"https:\/\/xn--regeneraoplanetria-dsb6a7f.com.br\/index.php\/wp-json\/wp\/v2\/comments?post=990"}],"version-history":[{"count":0,"href":"https:\/\/xn--regeneraoplanetria-dsb6a7f.com.br\/index.php\/wp-json\/wp\/v2\/pages\/990\/revisions"}],"up":[{"embeddable":true,"href":"https:\/\/xn--regeneraoplanetria-dsb6a7f.com.br\/index.php\/wp-json\/wp\/v2\/pages\/342"}],"wp:attachment":[{"href":"https:\/\/xn--regeneraoplanetria-dsb6a7f.com.br\/index.php\/wp-json\/wp\/v2\/media?parent=990"}],"curies":[{"name":"wp","href":"https:\/\/api.w.org\/{rel}","templated":true}]}}